{"id":6086,"date":"2024-06-01T14:15:19","date_gmt":"2024-06-01T12:15:19","guid":{"rendered":"https:\/\/growerssupply.eu\/?post_type=product&#038;p=6086"},"modified":"2025-03-17T12:07:59","modified_gmt":"2025-03-17T11:07:59","slug":"800w-solar-balkonkraftwerk-mit-halterung","status":"publish","type":"product","link":"https:\/\/growerssupply.eu\/de\/produkt\/800w-solar-balkonkraftwerk-mit-halterung\/","title":{"rendered":"800W Solar Balkonkraftwerk mit Halterung"},"content":{"rendered":"<h2>Solarunit 800W Solar Balkonkraftwerk von DAH mit Halterung<\/h2>\n<p>Alles, was Sie brauchen, um Geld zu sparen: Plug and Play mit AC-Schuko-Anschluss<\/p>\n<p>Lieferung Enth\u00e4lt<\/p>\n<ul>\n<li>2x 420W Reines Schwarzes Solarmodul<\/li>\n<li>Mikro-Wechselrichter<\/li>\n<li>7m AC Kabel Shuko<\/li>\n<li>ECO &#8211; Fernsteuerung (Android, iPhone)<\/li>\n<\/ul>\n<h2><\/h2>\n<p>Entdecken Sie die Vorteile der DAH Solarunit 800W Balkonsolaranlage und wie Sie Energie und Geld sparen k\u00f6nnen.<br \/>\nHaben Sie schon einmal von einem integrierten Solarsystem geh\u00f6rt?<\/p>\n<ul>\n<li><strong>Echte Plug-&amp;-Play-Erfahrung<\/strong>: \u00c4u\u00dferst einfache Installation, da der Wechselrichter bereits integriert ist.<\/li>\n<li>All-in-One-L\u00f6sung: Alle Komponenten sind werksseitig perfekt aufeinander abgestimmt<\/li>\n<li><strong>Patentierte rahmenlose Vollbild-Module:<\/strong> \u00c4hnlich wie bei rahmenlosen Smartphones reinigt sich die Oberfl\u00e4che bei Regen von selbst, was den Ertrag erheblich optimiert.<\/li>\n<li>Keine Kompatibilit\u00e4tsprobleme mit einzelnen Komponenten, keine komplizierte Fehlersuche wie bei Sets von verschiedenen Herstellern und Kompatibilit\u00e4tsproblemen.<\/li>\n<li><strong>WLAN-Konnektivit\u00e4t:<\/strong> \u00dcberwachen und steuern Sie das Balkonkraftwerk bequem \u00fcber eine <strong>Echtzeit-\u00dcberwachungs-App f\u00fcr Android und iPhone<\/strong>. Sofortige Abschaltung des Systems bei extremen Wetterbedingungen oder in Notf\u00e4llen mit nur einem Klick.<\/li>\n<li>Hocheffizienter Wechselrichter: Bestm\u00f6glicher Wirkungsgrad von bis zu 97,16%, hervorragende Optimierungsm\u00f6glichkeiten auch bei Verschattungsproblemen, integrierter MPP-Tracker mit einem MPPT-Wirkungsgrad von &gt;99,95%.<\/li>\n<\/ul>\n<p>&nbsp;<\/p>\n<ul>\n<li>\n<h3>Details der Solarmodule:<\/h3>\n<ul>\n<li><strong>Patentierte Full-Screen-Technologie:<\/strong> Die Oberfl\u00e4che reinigt sich bei Regen selbst. Dieses Konzept \u00e4hnelt dem eines rahmenlosen Smartphones. Die Oberfl\u00e4che hat keine \u00fcberstehenden Kanten und reinigt sich aufgrund ihrer speziellen Struktur bei Regen automatisch. Dieses System ist patentiert und bietet erhebliche Vorteile. Das Wasser kann sich entweder am Rand sammeln, da es nicht vollst\u00e4ndig abflie\u00dfen kann, oder bei flacheren Neigungen bleibt es an der Oberfl\u00e4che und flie\u00dft nicht ab. Mit der Zeit bildet sich eine fettige Schicht, die eine regelm\u00e4\u00dfige Reinigung erfordert. Die Vollbildtechnologie wurde entwickelt, um dieses Problem zu l\u00f6sen.<\/li>\n<li><strong>Rein schwarze Module:<\/strong> Harmonisch, \u00e4sthetisch, unauff\u00e4llig &#8211; Ideal f\u00fcr alle, die Wert auf \u00c4sthetik und ein harmonisches Gesamtbild legen. Die Module sind komplett schwarz und f\u00fcgen sich sehr gut in jede Umgebung ein. Die Solarmodule sind \u00e4u\u00dferst schick, unauff\u00e4llig und besonders in engen Bebauungen von Vorteil, da eine St\u00f6rung oder gar Blendung von Nachbarn oder Passanten durch Sonnenreflexionen durch die lichtabsorbierende Oberfl\u00e4che ausgeschlossen ist.<\/li>\n<li><strong>N-Typ TOPCon Zellkerne<\/strong>: Die N-TYPE TOPCON Technologie bietet beeindruckende Leistung und Effizienz. Im Vergleich zu herk\u00f6mmlichen Modulen erm\u00f6glicht es eine h\u00f6here Energieausbeute und eine bessere Hitzebest\u00e4ndigkeit. Die Zellen haben eine deutlich bessere Widerstandsf\u00e4higkeit gegen\u00fcber hohen Temperaturen. Dar\u00fcber hinaus bieten die Solarmodule eine l\u00e4ngere Lebensdauer, was sie zu einer kosteng\u00fcnstigen und nachhaltigen Wahl f\u00fcr Solarenergiesysteme macht.<\/li>\n<\/ul>\n<\/li>\n<\/ul>\n<p>&nbsp;<\/p>\n<p><a href=\"https:\/\/www.dahsolarpv.com\/unit-dah-su800d_p266.html\" target=\"_blank\" rel=\"nofollow noopener\">Mehr von DAH (extern: www.dahsolarpv.com)<\/a><\/p>\n<p>&nbsp;<\/p>\n<style>.elementor-widget-heading .elementor-heading-title{font-family:var( --e-global-typography-primary-font-family ), Poppins;font-size:var( --e-global-typography-primary-font-size );font-weight:var( --e-global-typography-primary-font-weight );color:var( --e-global-color-primary );}.elementor-6029 .elementor-element.elementor-element-3894889{width:var( --container-widget-width, 42.176% );max-width:42.176%;--container-widget-width:42.176%;--container-widget-flex-grow:0;}.elementor-6029 .elementor-element.elementor-element-45fbae4{width:var( --container-widget-width, 46.139% );max-width:46.139%;--container-widget-width:46.139%;--container-widget-flex-grow:0;}.elementor-6029 .elementor-element.elementor-element-14fd99d{width:var( --container-widget-width, 19.321% );max-width:19.321%;--container-widget-width:19.321%;--container-widget-flex-grow:0;}.elementor-6029 .elementor-element.elementor-element-55355ff{width:var( --container-widget-width, 18.455% );max-width:18.455%;--container-widget-width:18.455%;--container-widget-flex-grow:0;}.elementor-6029 .elementor-element.elementor-element-e81fbef{width:var( --container-widget-width, 18.806% );max-width:18.806%;--container-widget-width:18.806%;--container-widget-flex-grow:0;}@media(max-width:991px){.elementor-widget-heading .elementor-heading-title{font-size:var( --e-global-typography-primary-font-size );}}@media(max-width:767px){.elementor-widget-heading .elementor-heading-title{font-size:var( --e-global-typography-primary-font-size );}}<\/style><div class=\"porto-block\" data-id=\"6029\">\t\t<div data-elementor-type=\"wp-post\" data-elementor-id=\"6029\" class=\"elementor elementor-6029\">\n\t\t\t\t\t\t<section class=\"elementor-section elementor-top-section elementor-element elementor-element-452c197 elementor-section-boxed elementor-section-height-default elementor-section-height-default\" data-id=\"452c197\" data-element_type=\"section\" data-e-type=\"section\">\r\n\t\t\r\n\t\t\t\t\t\t\t<div class=\"elementor-container elementor-column-gap-default\">\r\n\t\t\t\t\t\t\t\t\t\t\t<div class=\"elementor-column elementor-col-33 elementor-top-column elementor-element elementor-element-ebfa673\" data-id=\"ebfa673\" data-element_type=\"column\" data-e-type=\"column\">\r\n\t\t\t\t\t<div class=\"elementor-widget-wrap elementor-element-populated\">\r\n\t\t\t\t\t\t\t\t<div class=\"elementor-element elementor-element-a82074d elementor-widget elementor-widget-heading\" data-id=\"a82074d\" data-element_type=\"widget\" data-e-type=\"widget\" data-widget_type=\"heading.default\">\n\t\t\t\t<div class=\"elementor-widget-container\">\n\t\t\t\t\t<h2 class=\"elementor-heading-title elementor-size-default\">Solar Balkonkraftwerk Anleitung<\/h2>\t\t\t\t<\/div>\n\t\t\t\t<\/div>\n\t\t\t\t<div class=\"elementor-element elementor-element-3894889 elementor-widget__width-initial elementor-widget elementor-widget-shortcode\" data-id=\"3894889\" data-element_type=\"widget\" data-e-type=\"widget\" data-widget_type=\"shortcode.default\">\n\t\t\t\t<div class=\"elementor-widget-container\">\n\t\t\t\t\t\t\t<div class=\"elementor-shortcode\"><div class=\"_df_thumb \" id=\"df_6061\"  _slug=\"6061\" data-title=\"dah-solarunit\" wpoptions=\"true\" thumb=\"https:\/\/growerssupply.eu\/wp-content\/uploads\/2024\/05\/DAH-Solarunit.jpg\" thumbtype=\"\" >DAH-Solarunit<\/div><script class=\"df-shortcode-script\" nowprocket type=\"application\/javascript\">window.option_df_6061 = {\"outline\":[],\"autoEnableOutline\":\"false\",\"autoEnableThumbnail\":\"false\",\"overwritePDFOutline\":\"false\",\"direction\":\"1\",\"pageSize\":\"0\",\"source\":\"https:\\\/\\\/growerssupply.eu\\\/wp-content\\\/uploads\\\/2024\\\/05\\\/DE-DAH-SU800D.pdf\",\"wpOptions\":\"true\"}; if(window.DFLIP && window.DFLIP.parseBooks){window.DFLIP.parseBooks();}<\/script><\/div>\n\t\t\t\t\t\t<\/div>\n\t\t\t\t<\/div>\n\t\t\t\t<div class=\"elementor-element elementor-element-45fbae4 elementor-widget__width-initial elementor-widget elementor-widget-shortcode\" data-id=\"45fbae4\" data-element_type=\"widget\" data-e-type=\"widget\" data-widget_type=\"shortcode.default\">\n\t\t\t\t<div class=\"elementor-widget-container\">\n\t\t\t\t\t\t\t<div class=\"elementor-shortcode\"><div class=\"_df_thumb \" id=\"df_6035\"  _slug=\"balkon-solaranlage-pv\" data-title=\"balkon-solaranlage-pv\" wpoptions=\"true\" thumb=\"https:\/\/growerssupply.eu\/wp-content\/uploads\/2024\/05\/Solar-BAlkonkraftwerk-Anleitung.jpg\" thumbtype=\"\" >Balkon Solaranlage PV<\/div><script class=\"df-shortcode-script\" nowprocket type=\"application\/javascript\">window.option_df_6035 = {\"outline\":[],\"backgroundColor\":\"#ffffff\",\"autoEnableOutline\":\"false\",\"autoEnableThumbnail\":\"false\",\"overwritePDFOutline\":\"false\",\"direction\":\"1\",\"pageSize\":\"0\",\"source\":\"https:\\\/\\\/growerssupply.eu\\\/wp-content\\\/uploads\\\/2024\\\/05\\\/Anleitung-Deutsch.pdf\",\"wpOptions\":\"true\"}; if(window.DFLIP && window.DFLIP.parseBooks){window.DFLIP.parseBooks();}<\/script>\n<\/div>\n\t\t\t\t\t\t<\/div>\n\t\t\t\t<\/div>\n\t\t\t\t\t<\/div>\r\n\t\t\t\t<\/div>\r\n\t\t\t\t<div class=\"elementor-column elementor-col-66 elementor-top-column elementor-element elementor-element-f2f58bf\" data-id=\"f2f58bf\" data-element_type=\"column\" data-e-type=\"column\">\r\n\t\t\t\t\t<div class=\"elementor-widget-wrap elementor-element-populated\">\r\n\t\t\t\t\t\t\t\t<div class=\"elementor-element elementor-element-95c524d elementor-widget elementor-widget-heading\" data-id=\"95c524d\" data-element_type=\"widget\" data-e-type=\"widget\" data-widget_type=\"heading.default\">\n\t\t\t\t<div class=\"elementor-widget-container\">\n\t\t\t\t\t<h2 class=\"elementor-heading-title elementor-size-default\">Anleitungen und Datenbl\u00e4tter<\/h2>\t\t\t\t<\/div>\n\t\t\t\t<\/div>\n\t\t\t\t<div class=\"elementor-element elementor-element-14fd99d elementor-widget__width-initial elementor-widget elementor-widget-shortcode\" data-id=\"14fd99d\" data-element_type=\"widget\" data-e-type=\"widget\" data-widget_type=\"shortcode.default\">\n\t\t\t\t<div class=\"elementor-widget-container\">\n\t\t\t\t\t\t\t<div class=\"elementor-shortcode\"><div class=\"_df_thumb \" id=\"df_6055\"  _slug=\"full-screen\" data-title=\"full-screen\" wpoptions=\"true\" thumb=\"https:\/\/growerssupply.eu\/wp-content\/uploads\/2024\/05\/FullScreen.jpg\" thumbtype=\"\" >Full Screen<\/div><script class=\"df-shortcode-script\" nowprocket type=\"application\/javascript\">window.option_df_6055 = {\"outline\":[],\"autoEnableOutline\":\"false\",\"autoEnableThumbnail\":\"false\",\"overwritePDFOutline\":\"false\",\"direction\":\"1\",\"pageSize\":\"0\",\"source\":\"https:\\\/\\\/growerssupply.eu\\\/wp-content\\\/uploads\\\/2024\\\/05\\\/EN-DHM-T56X10-FSBB-420W.pdf\",\"wpOptions\":\"true\"}; if(window.DFLIP && window.DFLIP.parseBooks){window.DFLIP.parseBooks();}<\/script><\/div>\n\t\t\t\t\t\t<\/div>\n\t\t\t\t<\/div>\n\t\t\t\t<div class=\"elementor-element elementor-element-55355ff elementor-widget__width-initial elementor-widget elementor-widget-shortcode\" data-id=\"55355ff\" data-element_type=\"widget\" data-e-type=\"widget\" data-widget_type=\"shortcode.default\">\n\t\t\t\t<div class=\"elementor-widget-container\">\n\t\t\t\t\t\t\t<div class=\"elementor-shortcode\"><div class=\"_df_thumb \" id=\"df_6041\"  _slug=\"solarunit-installationsanleitung\" data-title=\"solarunit-installationsanleitung\" wpoptions=\"true\" thumb=\"https:\/\/growerssupply.eu\/wp-content\/uploads\/2024\/05\/Screenshot-2024-05-31-211121.png\" thumbtype=\"\" >SolarUnit Installationsanleitung<\/div><script class=\"df-shortcode-script\" nowprocket type=\"application\/javascript\">window.option_df_6041 = {\"outline\":[],\"backgroundColor\":\"#ffffff\",\"autoEnableOutline\":\"false\",\"autoEnableThumbnail\":\"false\",\"overwritePDFOutline\":\"false\",\"direction\":\"1\",\"pageSize\":\"0\",\"source\":\"https:\\\/\\\/growerssupply.eu\\\/wp-content\\\/uploads\\\/2024\\\/05\\\/SolarUnit-Installationsanleitung.pdf\",\"wpOptions\":\"true\"}; if(window.DFLIP && window.DFLIP.parseBooks){window.DFLIP.parseBooks();}<\/script><\/div>\n\t\t\t\t\t\t<\/div>\n\t\t\t\t<\/div>\n\t\t\t\t<div class=\"elementor-element elementor-element-e81fbef elementor-widget__width-initial elementor-widget elementor-widget-shortcode\" data-id=\"e81fbef\" data-element_type=\"widget\" data-e-type=\"widget\" data-widget_type=\"shortcode.default\">\n\t\t\t\t<div class=\"elementor-widget-container\">\n\t\t\t\t\t\t\t<div class=\"elementor-shortcode\"><div class=\"_df_thumb \" id=\"df_6030\"  _slug=\"balkonhalterung-solar-anleitung\" data-title=\"balkonhalterung-solar-anleitung\" wpoptions=\"true\" thumb=\"https:\/\/growerssupply.eu\/wp-content\/uploads\/2024\/05\/Screenshot-2024-05-31-211259.png\" thumbtype=\"\" >Balkonhalterung Solar Anleitung<\/div><script class=\"df-shortcode-script\" nowprocket type=\"application\/javascript\">window.option_df_6030 = {\"outline\":[],\"backgroundColor\":\"#ffffff\",\"autoEnableOutline\":\"false\",\"autoEnableThumbnail\":\"false\",\"overwritePDFOutline\":\"false\",\"direction\":\"1\",\"pageSize\":\"0\",\"pageMode\":\"1\",\"source\":\"https:\\\/\\\/growerssupply.eu\\\/wp-content\\\/uploads\\\/2024\\\/05\\\/Balkonhalterung_Datenblatt.pdf\",\"wpOptions\":\"true\"}; if(window.DFLIP && window.DFLIP.parseBooks){window.DFLIP.parseBooks();}<\/script>\n<\/div>\n\t\t\t\t\t\t<\/div>\n\t\t\t\t<\/div>\n\t\t\t\t\t<\/div>\r\n\t\t\t\t<\/div>\r\n\t\t\t\t\t<\/div>\r\n\t\t\t\t<\/section>\r\n\t\t\t\t<\/div>\n\t\t<\/div>\n","protected":false},"excerpt":{"rendered":"<h2>Solarunit 800W Solar Balkonkraftwerk<\/h2>\n<ul>\n<li>2x 420W Solarmodul<\/li>\n<li>Eingebauter Mikro-Wechselrichter<\/li>\n<li>7m AC-Kabel (Schuko)<\/li>\n<li>ECU-Einheit: Fern\u00fcberwachung per App<\/li>\n<li>VDE-konform<\/li>\n<\/ul>\n<p>Erleben Sie die einfache Installation, die perfekte Abstimmung der Komponenten und die patentierte selbstreinigende Technologie. Zukunftssicher durch Erweiterbarkeit, zuverl\u00e4ssige WLAN-Konnektivit\u00e4t und hohe Effizienz. Kaufen Sie jetzt Ihre Energiel\u00f6sung f\u00fcr den Balkon!<\/p>\n","protected":false},"featured_media":5521,"comment_status":"open","ping_status":"closed","template":"","meta":[],"product_brand":[],"product_cat":[433],"product_tag":[435,436,437,432],"class_list":{"0":"post-6086","1":"product","2":"type-product","3":"status-publish","4":"has-post-thumbnail","6":"product_cat-solar-pv","7":"product_tag-balkon","8":"product_tag-pv-de","9":"product_tag-fotovoltaik","10":"product_tag-solar-de","11":"product_shipping_class-solar-spedition-de","12":"pa_consumption-800w-de","14":"first","15":"outofstock","16":"taxable","17":"shipping-taxable","18":"purchasable","19":"product-type-easy_product_bundle"},"jetpack_sharing_enabled":true,"_links":{"self":[{"href":"https:\/\/growerssupply.eu\/de\/wp-json\/wp\/v2\/product\/6086","targetHints":{"allow":["GET"]}}],"collection":[{"href":"https:\/\/growerssupply.eu\/de\/wp-json\/wp\/v2\/product"}],"about":[{"href":"https:\/\/growerssupply.eu\/de\/wp-json\/wp\/v2\/types\/product"}],"replies":[{"embeddable":true,"href":"https:\/\/growerssupply.eu\/de\/wp-json\/wp\/v2\/comments?post=6086"}],"wp:featuredmedia":[{"embeddable":true,"href":"https:\/\/growerssupply.eu\/de\/wp-json\/wp\/v2\/media\/5521"}],"wp:attachment":[{"href":"https:\/\/growerssupply.eu\/de\/wp-json\/wp\/v2\/media?parent=6086"}],"wp:term":[{"taxonomy":"product_brand","embeddable":true,"href":"https:\/\/growerssupply.eu\/de\/wp-json\/wp\/v2\/product_brand?post=6086"},{"taxonomy":"product_cat","embeddable":true,"href":"https:\/\/growerssupply.eu\/de\/wp-json\/wp\/v2\/product_cat?post=6086"},{"taxonomy":"product_tag","embeddable":true,"href":"https:\/\/growerssupply.eu\/de\/wp-json\/wp\/v2\/product_tag?post=6086"}],"curies":[{"name":"wp","href":"https:\/\/api.w.org\/{rel}","templated":true}]}}