{"id":6150,"date":"2024-06-10T14:30:39","date_gmt":"2024-06-10T12:30:39","guid":{"rendered":"https:\/\/growerssupply.eu\/product\/homebox-ambient-q300-9m\/"},"modified":"2024-06-10T14:39:39","modified_gmt":"2024-06-10T12:39:39","slug":"homebox-ambient-q300-9m","status":"publish","type":"product","link":"https:\/\/growerssupply.eu\/de\/produkt\/homebox-ambient-q300-9m\/","title":{"rendered":"HOMEbox | Ambient Q300 | Growzelt | 300x300x220cm"},"content":{"rendered":"<h1>HOMEbox Ambient Q300 +<\/h1>\n<p>Machen Sie sich die H\u00e4nde schmutzig mit dem ultimativen Wachstumszelt!<\/p>\n<p>Dieses Indoor-Grow-Zelt im Jumbo-Format bietet insgesamt neun Quadratmeter Anbaufl\u00e4che. Mehr Platz, mehr Anschl\u00fcsse, mehr Fenster und mehr Bastelspa\u00df!<\/p>\n<p>Mit den Ma\u00dfen 300x300x220 cm ist dieses Grow-Zelt am besten mit den f\u00fcr gro\u00dfe Grow-Zelte konzipierten LED-Leuchten zu beleuchten. Mit der PAR+ Technologie im Inneren k\u00f6nnen Sie eine \u00fcberm\u00e4\u00dfige W\u00e4rmeentwicklung verhindern und gleichzeitig sehr hohe Reflexionswerte f\u00fcr bessere Ertr\u00e4ge gew\u00e4hrleisten.<\/p>\n<p>Um Ihnen die Entscheidung zu erleichtern, haben wir alle relevanten Produktinformationen und Zubeh\u00f6rteile f\u00fcr Sie aufgelistet. Wir freuen uns darauf, Ihre Bestellung schnell zu bearbeiten und an Sie zu liefern, damit Sie sofort loslegen k\u00f6nnen! If you have any questions, please do not hesitate to contact us. Wir sind hier, um zu helfen.<\/p>\n<h2>Produktinformation<\/h2>\n<ul>\n<li>Entworfen in Deutschland<\/li>\n<li>Montierte Gr\u00f6\u00dfe: 300 \u00d7 300 \u00d7 220 cm<\/li>\n<li>Anbaufl\u00e4che: 9 m\u00b2<\/li>\n<li>Empfohlene Beleuchtung: bis 4000Watt<\/li>\n<li>Robuste, lichtdichte und schmutzabweisende Materialien<\/li>\n<li>Strapazierf\u00e4higes Au\u00dfenmaterial aus Polyester<\/li>\n<li>Wasserdichter und herausnehmbarer Innenboden verhindert Auslaufen<\/li>\n<li>\u00d6ffnung A: 8x 100 mm<\/li>\n<li>\u00d6ffnung B: 4x 250 mm<\/li>\n<li>\u00d6ffnung C: 2x 300 mm<\/li>\n<li>\u00d6ffnung D: 4x 350 mm<\/li>\n<li>White PAR+ internal coating<\/li>\n<li>22-mm-Metallrahmen; stabile, pr\u00e4zise gefertigte Kunststoffverbinder<\/li>\n<li>Lichtdichte Rei\u00dfverschl\u00fcsse<\/li>\n<li>Maximale Tragf\u00e4higkeit: 200 kg<\/li>\n<\/ul>\n<h2>Warum Ambient Q300 f\u00fcr kleine oder neue Cannabis Social Clubs (CSCs).<\/h2>\n<p>Die HOMEbox Ambient Q300 + bietet erhebliche Vorteile:<\/p>\n<ul>\n<li>Ger\u00e4umige Anbaufl\u00e4che: Mit 9 Quadratmetern k\u00f6nnen Sie eine betr\u00e4chtliche Menge an Pflanzen anbauen und so Ihren Ertrag maximieren.<\/li>\n<li>Effiziente Beleuchtung: Entwickelt f\u00fcr den Betrieb mit Hochleistungs-LED-Leuchten, um sicherzustellen, dass Ihre Pflanzen das beste Lichtspektrum f\u00fcr ihr Wachstum erhalten.<\/li>\n<li>Fortschrittliches W\u00e4rmemanagement: Die PAR+ Technologie hilft, \u00dcberhitzung zu vermeiden, sch\u00fctzt Ihre Pflanzen und optimiert die Wachstumsbedingungen.<\/li>\n<li>Langlebige Konstruktion: Dieses aus robusten Materialien gefertigte Grow-Zelt ist f\u00fcr eine lange Lebensdauer ausgelegt und bietet eine zuverl\u00e4ssige Wachstumsumgebung.<\/li>\n<li>Einfache Wartung: Der wasserdichte, herausnehmbare Innenboden erleichtert die Reinigung und den Umgang mit versch\u00fctteten Fl\u00fcssigkeiten.<\/li>\n<li>Schnelle Einrichtung: Klare Montageanleitungen und hochwertige Anschl\u00fcsse machen die Einrichtung einfach, so dass Sie schneller mit dem Anbau beginnen k\u00f6nnen.<\/li>\n<\/ul>\n<h2>In der Lieferung enthalten<\/h2>\n<ul>\n<li>HOMEbox Ambient Q300<\/li>\n<\/ul>\n<p>Mehr von <a title=\"HOMEbox Ambient Q300\" href=\"https:\/\/homebox.net\/produkt\/a-q300\" target=\"_blank\" rel=\"noopener\">HOMEbox<\/a><\/p>\n<p>&nbsp;<\/p>\n","protected":false},"excerpt":{"rendered":"<p>Ein XXL-Growzelt f\u00fcr Wachstum und Bl\u00fcte.<\/p>\n<ul>\n<li>Gr\u00f6\u00dfe montiert: 300 x 300 x 220 cm<\/li>\n<li>Anbaufl\u00e4che: 9 m\u00b2<\/li>\n<li>perfekt f\u00fcr kleine oder Anf\u00e4nger CSC &#8211; Cannabis Social Clubs<\/li>\n<\/ul>\n","protected":false},"featured_media":6121,"comment_status":"open","ping_status":"closed","template":"","meta":[],"product_brand":[],"product_cat":[503,549,550],"product_tag":[],"class_list":{"0":"post-6150","1":"product","2":"type-product","3":"status-publish","4":"has-post-thumbnail","6":"product_cat-homebox-de","7":"product_cat-csc-de","8":"product_cat-homebox-brands-de","9":"product_shipping_class-spedition-palette-de","11":"first","12":"outofstock","13":"taxable","14":"shipping-taxable","15":"purchasable","16":"product-type-simple"},"jetpack_sharing_enabled":true,"_links":{"self":[{"href":"https:\/\/growerssupply.eu\/de\/wp-json\/wp\/v2\/product\/6150","targetHints":{"allow":["GET"]}}],"collection":[{"href":"https:\/\/growerssupply.eu\/de\/wp-json\/wp\/v2\/product"}],"about":[{"href":"https:\/\/growerssupply.eu\/de\/wp-json\/wp\/v2\/types\/product"}],"replies":[{"embeddable":true,"href":"https:\/\/growerssupply.eu\/de\/wp-json\/wp\/v2\/comments?post=6150"}],"wp:featuredmedia":[{"embeddable":true,"href":"https:\/\/growerssupply.eu\/de\/wp-json\/wp\/v2\/media\/6121"}],"wp:attachment":[{"href":"https:\/\/growerssupply.eu\/de\/wp-json\/wp\/v2\/media?parent=6150"}],"wp:term":[{"taxonomy":"product_brand","embeddable":true,"href":"https:\/\/growerssupply.eu\/de\/wp-json\/wp\/v2\/product_brand?post=6150"},{"taxonomy":"product_cat","embeddable":true,"href":"https:\/\/growerssupply.eu\/de\/wp-json\/wp\/v2\/product_cat?post=6150"},{"taxonomy":"product_tag","embeddable":true,"href":"https:\/\/growerssupply.eu\/de\/wp-json\/wp\/v2\/product_tag?post=6150"}],"curies":[{"name":"wp","href":"https:\/\/api.w.org\/{rel}","templated":true}]}}