{"id":6223,"date":"2024-06-18T09:36:34","date_gmt":"2024-06-18T07:36:34","guid":{"rendered":"https:\/\/growerssupply.eu\/?post_type=product&#038;p=6223"},"modified":"2026-01-28T15:50:22","modified_gmt":"2026-01-28T14:50:22","slug":"abluft-set-125mm-trafika-2-stufig-220-und-280-m%c2%b3-h","status":"publish","type":"product","link":"https:\/\/growerssupply.eu\/de\/produkt\/abluft-set-125mm-trafika-2-stufig-220-und-280-m%c2%b3-h\/","title":{"rendered":"Abluft-SET 125mm | TRAFIKA | 2-stufig | 220 und 280 m\u00b3\/h"},"content":{"rendered":"<h2>TRAFIKA Abluft-SET 125mm (220 und 280 m\u00b3\/h)<\/h2>\n<p>Das <strong>Growbox L\u00fcftungsset 125mm<\/strong> von TRAFIKA ist die perfekte Komplettl\u00f6sung f\u00fcr eine effiziente und geruchsfreie Bel\u00fcftung deiner Growbox. Mit seinem zweistufigen L\u00fcfter und dem Aktivkohlefilter zur Geruchsneutralisation ist dieses <strong>Abluftset<\/strong> ideal f\u00fcr kleine Trocknungs- und Growboxen geeignet.<\/p>\n<h3>Das Set beinhaltet:<\/h3>\n<ul>\n<li><strong>L\u00dcFTER TT 125<\/strong>: Ein verkabelter Abluftventilator mit einem Regler f\u00fcr zwei Geschwindigkeiten, der zwischen 220m\u00b3\/h und 280m\u00b3\/h umschaltet. Ausgestattet mit einem 100% Kupfermotor, bietet er eine optimale Balance zwischen Leistung und Energieeffizienz.\n<ul>\n<li>Leistungsaufnahme: 23 W &#8211; 37 W<\/li>\n<li>Geschwindigkeit: 1.950 U\/Min \u2013 2.455 U\/Min<\/li>\n<li>Abzugskapazit\u00e4t: 220 m\u00b3\/h &#8211; 280 m\u00b3\/h<\/li>\n<\/ul>\n<\/li>\n<li><strong>KOHLEFILTER 125mm\/250m\u00b3\/h<\/strong>: Die Aktivkohle aus Kokos entfernt organische und pflanzliche Ger\u00fcche effektiv aus der Abluft. Die Installation ist einfach und das innovative Design des Filters erleichtert die Bedienung.\n<ul>\n<li>Kokos-Aktivkohle: 730 g\/m\u00b2<\/li>\n<li>Doppelte Filzschicht<\/li>\n<li>Sehr leicht und kompakt<\/li>\n<\/ul>\n<\/li>\n<li><strong>COMBIDUCT 125mm\/5m und 2 Schlauchschellen<\/strong>: Der abluftschlauch aus Aluminium und Polyesterlaminat ist ideal f\u00fcr einen geschlossenen Luftstrom. Er ist robust, lichtundurchl\u00e4ssig und flexibel. Schlauchschellen dienen zur sicheren Verbindung des Abluftschlauchs mit den anderen Komponenten des Systems.<\/li>\n<li><strong>LIGHTHANGER<\/strong>: Mit dieser Aufh\u00e4ngung l\u00e4sst sich der Aktivkohlefilter m\u00fchelos montieren. Dank der Haken kann er direkt an den Stangen deiner Growbox befestigt werden und bietet eine Tragkraft von bis zu 5 kg.\n<ul>\n<li>Hakendurchmesser: 18mm<\/li>\n<li>Seill\u00e4nge: 1.5m<\/li>\n<li>Set bestehend aus 2 Seilen und 2 Sicherheitsrollen sowie 4 Haken<\/li>\n<\/ul>\n<\/li>\n<li><strong>ROLLEN (68KG)<\/strong>: Das ultimative Befestigungs- und Sicherungssystem f\u00fcr den L\u00dcFTER TT 125, das eine Haltekraft von bis zu 68kg bietet.\n<ul>\n<li>Hergestellt aus 100% verzinktem Edelstahl<\/li>\n<li>Feuchtigkeitsbest\u00e4ndig im Anbauraum<\/li>\n<li>Seill\u00e4nge: 150cm, bestehend aus 75% Baumwolle und 25% Polyester<\/li>\n<li>Das Befestigungssystem l\u00e4sst sich leicht in der H\u00f6he verstellen, ist stabil und einfach zu bedienen<\/li>\n<\/ul>\n<\/li>\n<\/ul>\n<p>Entscheide dich f\u00fcr das <strong>TRAFIKA L\u00fcftungsset Grow 125<\/strong> und erlebe, wie einfach und effektiv die Bel\u00fcftung deiner Indoor-Growanlage sein kann. Mit diesem Kit bist du bestens ausgestattet, um die warme Luft aus deiner Growbox abzuleiten und das ganz ohne Geruchsemissionen.<\/p>\n","protected":false},"excerpt":{"rendered":"<p>Das TRAFIKA Abluft-Set 125mm bietet effiziente und geruchsfreie Bel\u00fcftung f\u00fcr deine Growbox. Mit 220-280 m\u00b3\/h Leistung und Aktivkohlefilter zur Geruchsbeseitigung.<\/p>\n","protected":false},"featured_media":6227,"comment_status":"open","ping_status":"closed","template":"","meta":[],"product_brand":[],"product_cat":[416,556,405],"product_tag":[426,557],"class_list":{"0":"post-6223","1":"product","2":"type-product","3":"status-publish","4":"has-post-thumbnail","6":"product_cat-abluft-set","7":"product_cat-trafika","8":"product_cat-belueftung-luftregulierung","9":"product_tag-fan-de","10":"product_tag-exhaust","12":"first","13":"outofstock","14":"taxable","15":"shipping-taxable","16":"purchasable","17":"product-type-simple"},"jetpack_sharing_enabled":true,"_links":{"self":[{"href":"https:\/\/growerssupply.eu\/de\/wp-json\/wp\/v2\/product\/6223","targetHints":{"allow":["GET"]}}],"collection":[{"href":"https:\/\/growerssupply.eu\/de\/wp-json\/wp\/v2\/product"}],"about":[{"href":"https:\/\/growerssupply.eu\/de\/wp-json\/wp\/v2\/types\/product"}],"replies":[{"embeddable":true,"href":"https:\/\/growerssupply.eu\/de\/wp-json\/wp\/v2\/comments?post=6223"}],"wp:featuredmedia":[{"embeddable":true,"href":"https:\/\/growerssupply.eu\/de\/wp-json\/wp\/v2\/media\/6227"}],"wp:attachment":[{"href":"https:\/\/growerssupply.eu\/de\/wp-json\/wp\/v2\/media?parent=6223"}],"wp:term":[{"taxonomy":"product_brand","embeddable":true,"href":"https:\/\/growerssupply.eu\/de\/wp-json\/wp\/v2\/product_brand?post=6223"},{"taxonomy":"product_cat","embeddable":true,"href":"https:\/\/growerssupply.eu\/de\/wp-json\/wp\/v2\/product_cat?post=6223"},{"taxonomy":"product_tag","embeddable":true,"href":"https:\/\/growerssupply.eu\/de\/wp-json\/wp\/v2\/product_tag?post=6223"}],"curies":[{"name":"wp","href":"https:\/\/api.w.org\/{rel}","templated":true}]}}