{"id":6236,"date":"2024-06-18T09:50:16","date_gmt":"2024-06-18T07:50:16","guid":{"rendered":"https:\/\/growerssupply.eu\/?post_type=product&#038;p=6236"},"modified":"2025-08-28T17:00:53","modified_gmt":"2025-08-28T15:00:53","slug":"abluft-set-150mm-trafika-2-stufig-405-und-520-m%c2%b3-h","status":"publish","type":"product","link":"https:\/\/growerssupply.eu\/de\/produkt\/abluft-set-150mm-trafika-2-stufig-405-und-520-m%c2%b3-h\/","title":{"rendered":"Abluft SET 150mm | TRAFIKA | 2-stufig | 405 und 520 m\u00b3\/h"},"content":{"rendered":"<h2>TRAFIKA Growbox Abluft SET 150 mm<\/h2>\n<p>ist dein All-in-One-Paket f\u00fcr eine effiziente und geruchsfreie Abluft deiner Growbox. Mit seinem 2-stufigen L\u00fcfter und der Geruchsentfernung durch den Aktivkohlefilter ist dieses Abluftset f\u00fcr Trocknungs- und Growboxen geeignet.<\/p>\n<p>Das Kit beinhaltet:<\/p>\n<h3>L\u00dcFTER TT 150:<\/h3>\n<ul>\n<li>Verkabelter Abluftventilator mit Regler f\u00fcr 2 Geschwindigkeiten, der zwischen 405m\u00b3\/h und 520m\u00b3\/h umschaltet. Ausgestattet mit einem 100% Kupfermotor, bietet er eine optimale Balance zwischen Leistung und Energieeffizienz.<\/li>\n<li><i>Leistung des Entl\u00fcfters 30 W &#8211; 60 W<\/i><\/li>\n<li><i>Geschwindigkeit 1.680 U\/Min \u2013 2.460 U\/Min<\/i><\/li>\n<li><i>Abzugskapazit\u00e4t 405 m\u00b3\/h &#8211; 520 m\u00b3\/h<\/i><\/li>\n<\/ul>\n<h3>KOHLEFILTER 150mm\/690m\u00b3\/h:<\/h3>\n<ul>\n<li>Die AKTIVKOHLE AUS KOKOS garantiert die Beseitigung von organischen und pflanzlichen Ger\u00fcchen aus der Abluft. Die einfache Installation und das innovative Design der Aktivkohlefiltters erm\u00f6glichen eine problemlose Bedienung.<\/li>\n<li><i>Kokos-Aktivkohle, 730 g\/m\u00b2<\/i><\/li>\n<li><i>Doppelte Filzschicht<\/i><\/li>\n<li><i>Sehr leicht &amp; kompakt<\/i><\/li>\n<li>LIGHTHANGER-Befestigung<\/li>\n<\/ul>\n<h3>COMBIDUCT 150mm\/5m und 2 Schlauchschellen:<\/h3>\n<p>&#8211; <b>Der aluminium- und polyesterlaminierte Abluftschlauch ist die ideale Wahl f\u00fcr einen geschlossenen Luftstrom.<\/b> Er ist robust, lichtundurchl\u00e4ssig und anpassungsf\u00e4hig. Zur Verbindung von Abluftschlauch mit den Komponenten des Abluftsystems dienen die Schlauchschellen.<\/p>\n<h3>LIGHTHANGER:<\/h3>\n<ul>\n<li>Mit dieser Aufh\u00e4ngung l\u00e4sst sich der AKTIVKOHLEFILTER einfach montieren. Dank ihrer Haken k\u00f6nnen sie direkt an den Stangen deiner Growbox befestigt werden und bieten eine Haltekraft von bis zu 5 kg.<\/li>\n<li><i>Durchmesser der Haken 18mm<\/i><\/li>\n<li><i>L\u00e4nge des Seils 1.5m<\/i><\/li>\n<li><i>Bestehend aus 2 Seilen und 2 Sicherheitsrollen + 4 Haken<\/i><\/li>\n<\/ul>\n<h3>ROLLEN (68KG):<\/h3>\n<ul>\n<li>Das ultimative Befestigungs- und Sicherungssystem f\u00fcr den L\u00dcFTER TT 150, das eine Haltekraft von bis zu 68kg bietet.<\/li>\n<li><i>hergestellt aus verzinktem 100% Edelstahl<\/i><\/li>\n<li><i>resistent gegen die Feuchtigkeit im Anbauraum<\/i><\/li>\n<li><i>150cm lang, bestehend aus 75% Baumwolle und 25% poli\u00e9ster<\/i><\/li>\n<li><i>Befestigungssystem l\u00e4sst sich leicht hohenverstellen, ist sehr stabil und einfach zu bedienen<\/i><\/li>\n<\/ul>\n<p>Entscheide dich f\u00fcr das<\/p>\n<h2>TRAFIKA L\u00fcftungsset Grow 150<\/h2>\n<p>und erlebe, wie einfach und effizient die Bel\u00fcftung deiner Indoor Growanlage sein kann. Mit diesem Kit bist du bestens ausgestattet, um die warme Luft aus deiner Growbox abzutranportieren und das ohne Geruchsemmision.<\/p>\n","protected":false},"excerpt":{"rendered":"<p><strong>DasTRAFIKA Abluft-SET 150mm<\/strong> beinhaltet:<\/p>\n<ul>\n<li><strong>L\u00fcfter TT 150<\/strong>: Ein zweistufiger L\u00fcfter mit einer Kapazit\u00e4t von 405 und 520 m\u00b3\/h.<\/li>\n<li><strong>Aktivkohlefilter 150mm\/690m\u00b3\/h<\/strong>: Effektive Geruchseliminierung durch hochwertigen Aktivkohlefilter.<\/li>\n<li><strong>Abluftschlauch 125mm\/5m<\/strong>: Robuster Abluftschlauch inklusive Schlauchschellen und Aufh\u00e4ngung.<\/li>\n<\/ul>\n","protected":false},"featured_media":6237,"comment_status":"open","ping_status":"closed","template":"","meta":[],"product_brand":[],"product_cat":[405,556,416],"product_tag":[],"class_list":{"0":"post-6236","1":"product","2":"type-product","3":"status-publish","4":"has-post-thumbnail","6":"product_cat-belueftung-luftregulierung","7":"product_cat-trafika","8":"product_cat-abluft-set","10":"first","11":"outofstock","12":"taxable","13":"shipping-taxable","14":"purchasable","15":"product-type-simple"},"jetpack_sharing_enabled":true,"_links":{"self":[{"href":"https:\/\/growerssupply.eu\/de\/wp-json\/wp\/v2\/product\/6236","targetHints":{"allow":["GET"]}}],"collection":[{"href":"https:\/\/growerssupply.eu\/de\/wp-json\/wp\/v2\/product"}],"about":[{"href":"https:\/\/growerssupply.eu\/de\/wp-json\/wp\/v2\/types\/product"}],"replies":[{"embeddable":true,"href":"https:\/\/growerssupply.eu\/de\/wp-json\/wp\/v2\/comments?post=6236"}],"wp:featuredmedia":[{"embeddable":true,"href":"https:\/\/growerssupply.eu\/de\/wp-json\/wp\/v2\/media\/6237"}],"wp:attachment":[{"href":"https:\/\/growerssupply.eu\/de\/wp-json\/wp\/v2\/media?parent=6236"}],"wp:term":[{"taxonomy":"product_brand","embeddable":true,"href":"https:\/\/growerssupply.eu\/de\/wp-json\/wp\/v2\/product_brand?post=6236"},{"taxonomy":"product_cat","embeddable":true,"href":"https:\/\/growerssupply.eu\/de\/wp-json\/wp\/v2\/product_cat?post=6236"},{"taxonomy":"product_tag","embeddable":true,"href":"https:\/\/growerssupply.eu\/de\/wp-json\/wp\/v2\/product_tag?post=6236"}],"curies":[{"name":"wp","href":"https:\/\/api.w.org\/{rel}","templated":true}]}}