{"id":6243,"date":"2024-02-29T16:57:42","date_gmt":"2024-02-29T15:57:42","guid":{"rendered":"https:\/\/growerssupply.eu\/product\/revolution-silenced-v2-vector-200-ec-o-200mm-1345-m%c2%b3-h\/"},"modified":"2024-02-29T16:57:42","modified_gmt":"2024-02-29T15:57:42","slug":"revolution-silenced-v2-vector-200-ec-o-200mm-1345-m%c2%b3-h","status":"publish","type":"product","link":"https:\/\/growerssupply.eu\/de\/produkt\/revolution-silenced-v2-vector-200-ec-o-200mm-1345-m%c2%b3-h\/","title":{"rendered":"Revolution | Silenced V2 Vector 200 EC | \u00d8 200mm | 1345 m\u00b3\/h"},"content":{"rendered":"<h2>schallged\u00e4mmten EC-Ventilator: Der Revolution Silenced 200ec mit 1345 m\u00b3\/h<\/h2>\n<p>Wenn Sie einen leisen und leistungsstarken Abluftventilator f\u00fcr mittlere Growboxen suchen, ist der Revolution Silenced 200ec EC-Ventilator mit einem maximalen Luftvolumenstrom von 1345 m\u00b3\/h eine gute Wahl. Dieser Abluftventilator bietet exzellente Leistung und beeindruckende Energieeffizienz, um optimal und ger\u00e4uscharm mit Frischluft zu arbeiten.<\/p>\n<h3>Eigenschaften der Revolution Silenced 200ec<\/h3>\n<ul>\n<li>Maximaler Luftdurchsatz von 1345 m\u00b3\/h und <strong>1000 m\u00b3\/h mit Aktivkohlefilter.<\/strong><\/li>\n<li>verbraucht nur <strong>128 Watt.<\/strong><\/li>\n<li>Zwei Flanschverbindungen mit <strong>200 mm Durchmesser.<\/strong><\/li>\n<li>mit <strong>&#8222;sound dimension technology&#8220;<\/strong> zur Ger\u00e4uschreduzierung<\/li>\n<li>Gewicht: 4,4 kg<\/li>\n<\/ul>\n<h2>Perfektes Mikroklima in Ihrer Growbox<\/h2>\n<p>Die Kontrolle des Mikroklimas in der Growbox ist eine der gr\u00f6\u00dften Herausforderungen beim Heimanbau. Hohe Temperaturen und Feuchtigkeit m\u00fcssen st\u00e4ndig abgef\u00fchrt werden, um das Klima f\u00fcr Ihre Pflanzen Stabiel zu halten. Au\u00dferdem kann der Geruch einiger Pflanzen w\u00e4hrend der Bl\u00fctezeit intensiv werden. Die Silenced 200ec Revolution sorgt f\u00fcr konstante Luftzirkulation und frische Luft in Ihrer Growbox.<\/p>\n<h2>Vorteile der Revolution Silenced 200ec<\/h2>\n<p>Dieser in Deutschland hergestellte EC-Ventilator bietet eine Reihe von Eigenschaften, die f\u00fcr die Abluft vorteilhaft sind:<\/p>\n<h3>Hochwertige Konstruktion<\/h3>\n<p>Der Revolution Silenced 200ec Ventilator besteht aus einem robusten und widerstandsf\u00e4higen Stahlgeh\u00e4use, das perfekt f\u00fcr feuchte Arbeitsumgebungen geeignet ist.<\/p>\n<h3>leistungsstarke Technologie<\/h3>\n<p>Mit einem hocheffizienten Au\u00dfenl\u00e4ufermotor und str\u00f6mungsoptimierten R\u00e4dern bietet der Ventilator maximale Leistung bei minimalem Energieverbrauch.<\/p>\n<h3>ger\u00e4uscharm<\/h3>\n<p>Die innovative Schallabsorptionstechnologie sorgt daf\u00fcr, dass der Revolution Silenced 200ec L\u00fcfter leise l\u00e4uft, ohne dass die Leistung beeintr\u00e4chtigt wird.<\/p>\n<h3>effiziente Leistung<\/h3>\n<p>Mit seiner hohen Leistung und Energieeffizienz sorgt der Revolution Silenced 200ec Ventilator f\u00fcr eine effektive und kostensparende Klimakontrolle in Ihrer Growbox.<\/p>\n<p>&nbsp;<\/p>\n","protected":false},"excerpt":{"rendered":"<ul>\n<li>max. Luftvolumenstrom: 1345 m\u00b3\/h (mit Filter 1000 m\u00b3\/h)<\/li>\n<li>Flanschdurchmesser: 200 mm<\/li>\n<li>Revolution Silenced V2 &#8211; ger\u00e4uschreduzierter Abluftventilator mit EC-Motor<\/li>\n<li>Innovatives, schallschluckendes Geh\u00e4use<\/li>\n<li>Leichtgewicht mit beiliegendem IEC-Kabel &amp; amp; Montageb\u00fcgel<\/li>\n<\/ul>\n","protected":false},"featured_media":5358,"comment_status":"closed","ping_status":"closed","template":"","meta":[],"product_brand":[],"product_cat":[406,408,405],"product_tag":[410],"class_list":{"0":"post-6243","1":"product","2":"type-product","3":"status-publish","4":"has-post-thumbnail","6":"product_cat-abluft-umluft","7":"product_cat-systemair","8":"product_cat-belueftung-luftregulierung","9":"product_tag-systemluft","11":"first","12":"outofstock","13":"taxable","14":"shipping-taxable","15":"purchasable","16":"product-type-simple"},"jetpack_sharing_enabled":true,"_links":{"self":[{"href":"https:\/\/growerssupply.eu\/de\/wp-json\/wp\/v2\/product\/6243","targetHints":{"allow":["GET"]}}],"collection":[{"href":"https:\/\/growerssupply.eu\/de\/wp-json\/wp\/v2\/product"}],"about":[{"href":"https:\/\/growerssupply.eu\/de\/wp-json\/wp\/v2\/types\/product"}],"replies":[{"embeddable":true,"href":"https:\/\/growerssupply.eu\/de\/wp-json\/wp\/v2\/comments?post=6243"}],"wp:featuredmedia":[{"embeddable":true,"href":"https:\/\/growerssupply.eu\/de\/wp-json\/wp\/v2\/media\/5358"}],"wp:attachment":[{"href":"https:\/\/growerssupply.eu\/de\/wp-json\/wp\/v2\/media?parent=6243"}],"wp:term":[{"taxonomy":"product_brand","embeddable":true,"href":"https:\/\/growerssupply.eu\/de\/wp-json\/wp\/v2\/product_brand?post=6243"},{"taxonomy":"product_cat","embeddable":true,"href":"https:\/\/growerssupply.eu\/de\/wp-json\/wp\/v2\/product_cat?post=6243"},{"taxonomy":"product_tag","embeddable":true,"href":"https:\/\/growerssupply.eu\/de\/wp-json\/wp\/v2\/product_tag?post=6243"}],"curies":[{"name":"wp","href":"https:\/\/api.w.org\/{rel}","templated":true}]}}