{"id":6340,"date":"2024-03-06T11:40:40","date_gmt":"2024-03-06T10:40:40","guid":{"rendered":"https:\/\/growerssupply.eu\/product\/pflanzensack-56-liter-grau-mit-griffen-root-pouch\/"},"modified":"2024-08-01T00:00:04","modified_gmt":"2024-07-31T22:00:04","slug":"pflanzensack-56-liter-grau-mit-griffen-root-pouch","status":"publish","type":"product","link":"https:\/\/growerssupply.eu\/de\/produkt\/pflanzensack-56-liter-grau-mit-griffen-root-pouch\/","title":{"rendered":"Pflanzensack 56 Liter | Grau | Mit Griffen | Root Pouch"},"content":{"rendered":"<h2>Pflanzensack mit Griffen, Grauer 56-Liter-Stofftopf mit Griffen von root pouch<\/h2>\n<p><strong> Vergessen Sie die alten, schweren und h\u00e4sslichen Kunststofft\u00f6pfe! Es sch\u00fctzt die <strong>Wurzeln vor Staun\u00e4ss<\/strong>e und f\u00f6rdert die <strong>Mikromilie f\u00fcr Bakterien und Pilze<\/strong>. Dieser Stofftopf <strong>trocknet gleichm\u00e4\u00dfig<\/strong> von allen Seiten und ist im <strong>Sommer automatisch k\u00fchlend<\/strong>. Sie werden sich freuen, wenn Ihre Pflanzen im <strong>Handumdrehen wachsen! <\/strong> The &#8222;Root Pouch&#8220; products are <strong> UV-resistant, bpa-free and non-toxic<\/strong>, which makes them safe for you. <\/strong><\/p>\n<p>Die \u201eRoot Pouches\u201c sind die einzigen Stofft\u00f6pfe, die aus einer speziellen und geheimen Mischung von Recycling-Natur- und Tierfasern hergestellt werden. Dadurch haben sie noch bessere Eigenschaften f\u00fcr die Wurzeln und das Bodenleben.<\/p>\n<h3>Produktinformation<\/h3>\n<ul>\n<li>Durchmesser: 43 cm, H\u00f6he: 38 cm<\/li>\n<li>grau -gewalktes, weiches Gewebe mit einer Grammatur von 250 g\/m\u00b2<\/li>\n<li>Geeignet f\u00fcr Boden- und Containerkultur<\/li>\n<li>Waschmaschinenfest, wiederverwendbar, leicht und unzerbrechlich<\/li>\n<li>trocknet gleichm\u00e4\u00dfig von allen Seiten und verhindert Staun\u00e4sse<\/li>\n<li>verhindert den Hauptfehler von Hobbyg\u00e4rtnern<\/li>\n<li>Mischgewebe aus Natur- und Tierfasern (100% Recyclingmaterial)<\/li>\n<li>perfektes Luft-Wasser-Verh\u00e4ltnis im Substrat<\/li>\n<li>f\u00f6rdert ein vitales und fein verzweigtes Wurzelsystem (ohne Ringwurzeln)<\/li>\n<li>Geeignet f\u00fcr alle Substrate und Kultursysteme<\/li>\n<li>verbesserte Entw\u00e4sserung<\/li>\n<li>Lebenserwartung: 3 &#8211; 4 Jahre<\/li>\n<li>UV-best\u00e4ndig, bpa-frei, ungiftig<\/li>\n<li style=\"box-sizing: Border-Box;\">Frostsicher<\/li>\n<li style=\"box-sizing: Border-Box;\">Klimaregulierend (K\u00fchlung im Sommer\/Isolierung im Winter)<\/li>\n<\/ul>\n<h3>Lieferumfang<\/h3>\n<ul>\n<li>1x Stofftopf Wurzelbeutel 56 l grau (mit Griffen)<\/li>\n<\/ul>\n","protected":false},"excerpt":{"rendered":"<ul>\n<li>56-Liter-Gewebetopf aus Recyclingmaterial<\/li>\n<li>f\u00fcr alle Substrate und Anbausysteme geeignet<\/li>\n<li>Durchmesser: 43 cm<\/li>\n<\/ul>\n","protected":false},"featured_media":5309,"comment_status":"closed","ping_status":"closed","template":"","meta":[],"product_brand":[],"product_cat":[528,529],"product_tag":[530],"class_list":{"0":"post-6340","1":"product","2":"type-product","3":"status-publish","4":"has-post-thumbnail","6":"product_cat-anzucht","7":"product_cat-root-pouch-de","8":"product_tag-root-pouch-de","10":"first","11":"outofstock","12":"taxable","13":"shipping-taxable","14":"purchasable","15":"product-type-simple"},"jetpack_sharing_enabled":true,"_links":{"self":[{"href":"https:\/\/growerssupply.eu\/de\/wp-json\/wp\/v2\/product\/6340","targetHints":{"allow":["GET"]}}],"collection":[{"href":"https:\/\/growerssupply.eu\/de\/wp-json\/wp\/v2\/product"}],"about":[{"href":"https:\/\/growerssupply.eu\/de\/wp-json\/wp\/v2\/types\/product"}],"replies":[{"embeddable":true,"href":"https:\/\/growerssupply.eu\/de\/wp-json\/wp\/v2\/comments?post=6340"}],"wp:featuredmedia":[{"embeddable":true,"href":"https:\/\/growerssupply.eu\/de\/wp-json\/wp\/v2\/media\/5309"}],"wp:attachment":[{"href":"https:\/\/growerssupply.eu\/de\/wp-json\/wp\/v2\/media?parent=6340"}],"wp:term":[{"taxonomy":"product_brand","embeddable":true,"href":"https:\/\/growerssupply.eu\/de\/wp-json\/wp\/v2\/product_brand?post=6340"},{"taxonomy":"product_cat","embeddable":true,"href":"https:\/\/growerssupply.eu\/de\/wp-json\/wp\/v2\/product_cat?post=6340"},{"taxonomy":"product_tag","embeddable":true,"href":"https:\/\/growerssupply.eu\/de\/wp-json\/wp\/v2\/product_tag?post=6340"}],"curies":[{"name":"wp","href":"https:\/\/api.w.org\/{rel}","templated":true}]}}