{"id":6372,"date":"2024-07-02T16:23:17","date_gmt":"2024-07-02T14:23:17","guid":{"rendered":"https:\/\/growerssupply.eu\/?post_type=product&#038;p=6372"},"modified":"2026-01-28T15:50:21","modified_gmt":"2026-01-28T14:50:21","slug":"terra-aquatica-starter-kit-proorganic","status":"publish","type":"product","link":"https:\/\/growerssupply.eu\/de\/produkt\/terra-aquatica-starter-kit-proorganic\/","title":{"rendered":"Terra Aquatica Starter Kit ProOrganic"},"content":{"rendered":"<p>Der Pro Organic Bio D\u00fcnger ist eine praktische und effiziente L\u00f6sung f\u00fcr den biologischen Anbau von Pflanzen, sowohl f\u00fcr Hobbyg\u00e4rtner als auch f\u00fcr Profis. Diese D\u00fcngerserie ist ein 1-Komponenten-D\u00fcngesystem, was bedeutet, dass du als Grundd\u00fcnger (NPK) nur eine Flasche f\u00fcr das Wachstum und die Bl\u00fcte ben\u00f6tigst.<\/p>\n<h3>Vorteile der Pro Organic Bio D\u00fcnger-Serie:<\/h3>\n<ul>\n<li>Die Produkte sind so formuliert, dass sie den N\u00e4hrstoffbedarf der Pflanze in allen Entwicklungsstadien abdecken.<\/li>\n<li>Die nach \u00f6kologischen Grunds\u00e4tzen zusammengestellten Rezepturen sind umweltvertr\u00e4glich und stellen Pflanzen eine ausgewogene und effiziente Nahrung bereit.<\/li>\n<li>Pro Organic ern\u00e4hrt Mikroben, welche in Symbiose mit deinen Pflanzen leben und tr\u00e4gt so aktiv zur Verbesserung der Wurzelumgebung bei.<\/li>\n<li>Pro Organic ist f\u00fcr alle Arten von Pflanzen geeignet und wirkt als allein eingesetzter \u201eVollwert-D\u00fcnger&#8220; wahre Wunder.<\/li>\n<li>Pro Organic ist sehr gut l\u00f6slich und sowohl f\u00fcr automatische und Tropfbew\u00e4sserungssysteme, als auch f\u00fcr das Gie\u00dfen von Hand geeignet.<\/li>\n<li>Pro Organic ist der einzige f\u00fcr Bioponik (Bio-Hydroponik mit frei schwimmenden Wurzeln und R\u00fccklauf) zertifizierte D\u00fcnger.<\/li>\n<\/ul>\n<h3>Anwendung von Pro Organic:<\/h3>\n<ul>\n<li>Pro Organic ist hochkonzentriert und f\u00fcr Erde oder Hydroponik reichen 2 ml pro Liter Wasser.<\/li>\n<li>Flaschen vor Gebrauch kr\u00e4ftig sch\u00fctteln. Die Komponenten einzeln nacheinander ins Wasser geben, gut unterr\u00fchren und den Messbeh\u00e4lter nach jedem Gebrauch aussp\u00fclen.<\/li>\n<li>Pro Organic ist wie jeder Bio-D\u00fcnger erst nach Zersetzung durch Mikroben pflanzenverf\u00fcgbar. Um die daf\u00fcr erforderlichen Kolonien aufzubauen, muss sowohl ablaufseitig als auch im R\u00fccklauf ein Biofilter im Tank vorhanden sein, der gerade im Jungstadium der Pflanzen rund um die Uhr in Betrieb sein muss.<\/li>\n<\/ul>\n<h3>ProOrganic Manual (German)<\/h3>\n<div class=\"_df_book df-lite\" id=\"df_7209\"  _slug=\"7209\" data-title=\"\" wpoptions=\"true\" thumb=\"https:\/\/growerssupply.eu\/wp-content\/uploads\/2025\/01\/TerraAquatica-41-ProOrganic-TerraAquatica-Thumb.jpeg\" thumbtype=\"\" ><\/div><script class=\"df-shortcode-script\" nowprocket type=\"application\/javascript\">window.option_df_7209 = {\"outline\":[],\"autoEnableOutline\":\"false\",\"autoEnableThumbnail\":\"false\",\"overwritePDFOutline\":\"false\",\"direction\":\"1\",\"pageSize\":\"0\",\"source\":\"https:\\\/\\\/growerssupply.eu\\\/wp-content\\\/uploads\\\/2025\\\/01\\\/gebrauchsanweisung-pro-organic-terra-aquatics.pdf\",\"wpOptions\":\"true\"}; if(window.DFLIP && window.DFLIP.parseBooks){window.DFLIP.parseBooks();}<\/script>\n","protected":false},"excerpt":{"rendered":"<ul>\n<li>Biologischer \/ Organischer Volld\u00fcnger von Terra Aquatica<\/li>\n<li>100 % biologischer 1-Komponenten-D\u00fcnger<\/li>\n<li>Anwendung: Erde, Coco, Hydro &amp; Bioponik<\/li>\n<li>Hochkonzentriert.<\/li>\n<\/ul>\n","protected":false},"featured_media":6373,"comment_status":"open","ping_status":"closed","template":"","meta":[],"product_brand":[],"product_cat":[444,442,440],"product_tag":[568,569],"class_list":{"0":"post-6372","1":"product","2":"type-product","3":"status-publish","4":"has-post-thumbnail","6":"product_cat-terra-aquatica-de","7":"product_cat-terra-aquatica-ghe-de","8":"product_cat-duengemittel","9":"product_tag-bio","10":"product_tag-organisch","12":"first","13":"outofstock","14":"sale","15":"taxable","16":"shipping-taxable","17":"purchasable","18":"product-type-simple"},"jetpack_sharing_enabled":true,"_links":{"self":[{"href":"https:\/\/growerssupply.eu\/de\/wp-json\/wp\/v2\/product\/6372","targetHints":{"allow":["GET"]}}],"collection":[{"href":"https:\/\/growerssupply.eu\/de\/wp-json\/wp\/v2\/product"}],"about":[{"href":"https:\/\/growerssupply.eu\/de\/wp-json\/wp\/v2\/types\/product"}],"replies":[{"embeddable":true,"href":"https:\/\/growerssupply.eu\/de\/wp-json\/wp\/v2\/comments?post=6372"}],"wp:featuredmedia":[{"embeddable":true,"href":"https:\/\/growerssupply.eu\/de\/wp-json\/wp\/v2\/media\/6373"}],"wp:attachment":[{"href":"https:\/\/growerssupply.eu\/de\/wp-json\/wp\/v2\/media?parent=6372"}],"wp:term":[{"taxonomy":"product_brand","embeddable":true,"href":"https:\/\/growerssupply.eu\/de\/wp-json\/wp\/v2\/product_brand?post=6372"},{"taxonomy":"product_cat","embeddable":true,"href":"https:\/\/growerssupply.eu\/de\/wp-json\/wp\/v2\/product_cat?post=6372"},{"taxonomy":"product_tag","embeddable":true,"href":"https:\/\/growerssupply.eu\/de\/wp-json\/wp\/v2\/product_tag?post=6372"}],"curies":[{"name":"wp","href":"https:\/\/api.w.org\/{rel}","templated":true}]}}