{"id":6440,"date":"2024-07-31T19:00:46","date_gmt":"2024-07-31T17:00:46","guid":{"rendered":"https:\/\/growerssupply.eu\/?post_type=product&#038;p=6440"},"modified":"2024-09-01T00:00:03","modified_gmt":"2024-08-31T22:00:03","slug":"trafika-80-growbox-80x80x160cm-copy","status":"publish","type":"product","link":"https:\/\/growerssupply.eu\/de\/produkt\/trafika-80-growbox-80x80x160cm-copy\/","title":{"rendered":"Trafika 80H Growbox | 80x80x180cm"},"content":{"rendered":"<h1>TRAFIKA Growbox 80H (80x80x180cm) &#8211; Mit Sichtfenster<\/h1>\n<p> Die Growbox TRAFIKA 80H wurde sorgf\u00e4ltig entwickelt, um die nat\u00fcrliche Wachstumsumgebung f\u00fcr Pflanzen in Innenr\u00e4umen nachzubilden und bietet hochwertige Bedingungen f\u00fcr den professionellen Anbau. Dank des exklusiven transparenten Fensters an der Vordert\u00fcr k\u00f6nnen Sie Ihre Pflanzen \u00fcberwachen, ohne den Schrank zu \u00f6ffnen. <\/p>\n<h2>Merkmale:<\/h2>\n<ul>\n<li><strong>Sichtfenster:<\/strong> Beobachten Sie Ihre Pflanzen ganz einfach, ohne ihre Umgebung zu st\u00f6ren.<\/li>\n<li><strong>Lichtdichtes Design:<\/strong> Hergestellt aus dickem, rei\u00dffestem Nylongewebe mit speziell entwickelten Rei\u00dfverschl\u00fcssen, die verhindern, dass Licht eindringt oder entweicht.<\/li>\n<li><strong>Hochwertiges Mylar-Innenleben:<\/strong> Die Innenw\u00e4nde sind mit 97 % reflektierendem Mylar beschichtet, um eine optimale Lichtverteilung zu gew\u00e4hrleisten.<\/li>\n<li><strong>Einfache Montage:<\/strong> Der Metallrahmen und die St\u00fctzst\u00e4be sind mit feuchtigkeitsbest\u00e4ndiger, reflektierender Farbe beschichtet und k\u00f6nnen ohne Werkzeug montiert werden.<\/li>\n<li><strong>Optimale Bel\u00fcftung:<\/strong> Mehrere Ein- und Auslass\u00f6ffnungen sorgen f\u00fcr eine hervorragende Luftzirkulation.<\/li>\n<li><strong>Herausnehmbarer Doppelboden:<\/strong> Vereinfacht die Reinigung.<\/li>\n<li><strong>Sicherheitsleiste<\/strong>: H\u00e4lt die T\u00fcr bei Bedarf offen.<\/li>\n<\/ul>\n<h2>Spezifikationen:<\/h2>\n<ul>\n<li>Tragf\u00e4higkeit: 28 kg<\/li>\n<li>Vordert\u00fcr: 75 x 140 cm JUMBO<\/li>\n<li>Vorderes Fenster: 20 x 20 cm<\/li>\n<li>L\u00fcftungsfenster: 25 x 13,5 cm<\/li>\n<li>5 runde Kanalanschl\u00fcsse: 13,5 cm<\/li>\n<li>Kabelanschluss: 8 cm<\/li>\n<li>Rohrdurchmesser: 1,6 cm<\/li>\n<\/ul>\n<p> W\u00e4hlen Sie die TRAFIKA Growbox 80H f\u00fcr eine professionelle und kontrollierte Indoor-Gartenerfahrung. Genie\u00dfen Sie die Vorteile einer gut durchdachten Gestaltung, die Ihren Pflanzen die bestm\u00f6gliche Umgebung bietet.<\/p>\n","protected":false},"excerpt":{"rendered":"<p>The Trafika 80H grow box is specially designed to simulate the natural growing environment of your plants indoors. <\/p>\n<ul>\n<li><strong>Window:<\/strong> Exclusive, transparent window on the front door<\/li>\n<li><strong>Material: <\/strong>100 % lightproof, tear-resistant nylon fabric<\/li>\n<li><strong>Coating:<\/strong> inner walls made of PREMIUM MYLAR 97 %<\/li>\n<li><strong>Ventilation: <\/strong>multiple socks for air inlet and outlet<\/li>\n<li><strong>Assembly:<\/strong> Simple, tool-free system<\/li>\n<\/ul>\n<p> Use the Trafika Growbox 80 for optimum light distribution and easy control of your plants.<\/p>\n","protected":false},"featured_media":6442,"comment_status":"open","ping_status":"closed","template":"","meta":[],"product_brand":[],"product_cat":[457,556,576],"product_tag":[505],"class_list":{"0":"post-6440","1":"product","2":"type-product","3":"status-publish","4":"has-post-thumbnail","6":"product_cat-growzelt","7":"product_cat-trafika","8":"product_cat-trafika-growzelt","9":"product_tag-growbox-de","11":"first","12":"outofstock","13":"taxable","14":"shipping-taxable","15":"purchasable","16":"product-type-simple"},"jetpack_sharing_enabled":true,"_links":{"self":[{"href":"https:\/\/growerssupply.eu\/de\/wp-json\/wp\/v2\/product\/6440","targetHints":{"allow":["GET"]}}],"collection":[{"href":"https:\/\/growerssupply.eu\/de\/wp-json\/wp\/v2\/product"}],"about":[{"href":"https:\/\/growerssupply.eu\/de\/wp-json\/wp\/v2\/types\/product"}],"replies":[{"embeddable":true,"href":"https:\/\/growerssupply.eu\/de\/wp-json\/wp\/v2\/comments?post=6440"}],"wp:featuredmedia":[{"embeddable":true,"href":"https:\/\/growerssupply.eu\/de\/wp-json\/wp\/v2\/media\/6442"}],"wp:attachment":[{"href":"https:\/\/growerssupply.eu\/de\/wp-json\/wp\/v2\/media?parent=6440"}],"wp:term":[{"taxonomy":"product_brand","embeddable":true,"href":"https:\/\/growerssupply.eu\/de\/wp-json\/wp\/v2\/product_brand?post=6440"},{"taxonomy":"product_cat","embeddable":true,"href":"https:\/\/growerssupply.eu\/de\/wp-json\/wp\/v2\/product_cat?post=6440"},{"taxonomy":"product_tag","embeddable":true,"href":"https:\/\/growerssupply.eu\/de\/wp-json\/wp\/v2\/product_tag?post=6440"}],"curies":[{"name":"wp","href":"https:\/\/api.w.org\/{rel}","templated":true}]}}