{"id":6468,"date":"2024-08-06T14:53:29","date_gmt":"2024-08-06T12:53:29","guid":{"rendered":"https:\/\/growerssupply.eu\/?post_type=product&#038;p=6468"},"modified":"2025-08-28T17:00:52","modified_gmt":"2025-08-28T15:00:52","slug":"trafika-led-60w","status":"publish","type":"product","link":"https:\/\/growerssupply.eu\/de\/produkt\/trafika-led-60w\/","title":{"rendered":"TRAFIKA LED 60W"},"content":{"rendered":"<h2>Trafika LED 60W PANEL &#8211; Inklusive Stromkabel (Plug n Play)<\/h2>\n<p>Das 60W LED PANEL von TRAFIKA ist eine kosteng\u00fcnstige Beleuchtungsl\u00f6sung, ideal f\u00fcr den Indoor-Pflanzenanbau in kleinen Zelten (60x60cm). Mit einer robusten Konstruktion sorgt dieses LED-Panel f\u00fcr optimale Wachstumsbedingungen.<\/p>\n<h3>Produktdetails:<\/h3>\n<ul>\n<li>Farbtemperatur:\u00a03000K<\/li>\n<li>PPF: 131,88 \u00b5mol\/s<\/li>\n<li>Effizienz: 2,15 \u00b5mol\/J<\/li>\n<li>Lebensdauer:\u00a0&gt;60.000 Stunden<\/li>\n<li>Licht\u00f6ffnung:\u00a0120\u00b0<\/li>\n<li>Betrieb:\u00a0Plug&amp;Play<\/li>\n<li>Verbrauch:\u00a060W<\/li>\n<li>Spannung:\u00a0100-240V<\/li>\n<li>Ma\u00dfe:\u00a027,5 x 27,5 x 9,5 cm<\/li>\n<\/ul>\n","protected":false},"excerpt":{"rendered":"<p>Das TRAFIKA LED 60W PANEL inkl. Stromkabel ist eine kosteng\u00fcnstige Beleuchtungsl\u00f6sung f\u00fcr den Indoor-Anbau.<\/p>\n<ul>\n<li>PPF: 113,88 \u00b5mol\/s<\/li>\n<li>Effizienz:\u00a02,15 \u00b5Mol\/J<\/li>\n<li>Ideal f\u00fcr 60x60cm Anbaufl\u00e4che<\/li>\n<li>Farbtemperatur:\u00a03000K<\/li>\n<\/ul>\n<p>&nbsp;<\/p>\n","protected":false},"featured_media":6469,"comment_status":"open","ping_status":"closed","template":"","meta":[],"product_brand":[],"product_cat":[582,556],"product_tag":[],"class_list":{"0":"post-6468","1":"product","2":"type-product","3":"status-publish","4":"has-post-thumbnail","6":"product_cat-trafika-led-pflanzenlampen","7":"product_cat-trafika","9":"first","10":"outofstock","11":"taxable","12":"shipping-taxable","13":"purchasable","14":"product-type-simple"},"jetpack_sharing_enabled":true,"_links":{"self":[{"href":"https:\/\/growerssupply.eu\/de\/wp-json\/wp\/v2\/product\/6468","targetHints":{"allow":["GET"]}}],"collection":[{"href":"https:\/\/growerssupply.eu\/de\/wp-json\/wp\/v2\/product"}],"about":[{"href":"https:\/\/growerssupply.eu\/de\/wp-json\/wp\/v2\/types\/product"}],"replies":[{"embeddable":true,"href":"https:\/\/growerssupply.eu\/de\/wp-json\/wp\/v2\/comments?post=6468"}],"wp:featuredmedia":[{"embeddable":true,"href":"https:\/\/growerssupply.eu\/de\/wp-json\/wp\/v2\/media\/6469"}],"wp:attachment":[{"href":"https:\/\/growerssupply.eu\/de\/wp-json\/wp\/v2\/media?parent=6468"}],"wp:term":[{"taxonomy":"product_brand","embeddable":true,"href":"https:\/\/growerssupply.eu\/de\/wp-json\/wp\/v2\/product_brand?post=6468"},{"taxonomy":"product_cat","embeddable":true,"href":"https:\/\/growerssupply.eu\/de\/wp-json\/wp\/v2\/product_cat?post=6468"},{"taxonomy":"product_tag","embeddable":true,"href":"https:\/\/growerssupply.eu\/de\/wp-json\/wp\/v2\/product_tag?post=6468"}],"curies":[{"name":"wp","href":"https:\/\/api.w.org\/{rel}","templated":true}]}}