{"id":6593,"date":"2024-03-06T11:40:44","date_gmt":"2024-03-06T10:40:44","guid":{"rendered":"https:\/\/growerssupply.eu\/product\/infrarotheizung-250w-60x58cm\/"},"modified":"2024-12-11T20:40:46","modified_gmt":"2024-12-11T19:40:46","slug":"infrarotheizung-250w-60x58cm","status":"publish","type":"product","link":"https:\/\/growerssupply.eu\/de\/produkt\/infrarotheizung-250w-60x58cm\/","title":{"rendered":"Solea Infrarotheizung 250W | 60x58cm | Sole"},"content":{"rendered":"<h2>SOLEA ultraflache Infrarotheizung 250 Watt<\/h2>\n<p> Ob in der Growbox im Winter, im Anzuchtzelt im Keller, im Gew\u00e4chshaus im Fr\u00fchjahr, &#8230; eine effiziente, kosteng\u00fcnstige, platzsparende <strong>Heizung<\/strong> ist f\u00fcr fast jeden Ganzjahresg\u00e4rtner sehr wichtig. Diese 250W Heizung sollte in den meisten F\u00e4llen ausreichen, um eine Dauerl\u00fcftung von bis zu 1,5m2 zu beheizen. Das Besondere an unserer <strong>250<\/strong> Watt Infrarotheizung f\u00fcr Ihre Pflanzen in der Growbox ist, dass sie nicht nur \u00fcberall Platz findet und d\u00fcnn wie ein Blatt Papier ist &#8211; sie reproduziert die Wirkung der Sonne bei geringem Stromverbrauch. Die Infrarot-Technologie erw\u00e4rmt nicht die Raumluft, sondern die Materie im Raum und ist daher perfekt f\u00fcr R\u00e4ume mit Abluftsystem geeignet. Ihre Pflanzen werden es lieben. Andere Heizungen haben viele Nachteile, die wir Grower immer in Kauf nehmen mussten. Sie verbrennen Gas (Methan- und Propanheizungen) und Sauerstoff, um W\u00e4rme zu erzeugen, oder heizen die Luft lautstark und mit viel Energieaufwand an den gl\u00fchenden Heizst\u00e4ben vorbei. Leider ist dieser warme Luftstrom immer \u201etrocken\u201c, was die meisten Pflanzen stresst und ihr Wachstum hemmt. Das Problem ist nun endlich gel\u00f6st. Die SOLEA-Infrarotheizung w\u00e4rmt nicht nur, sie beleuchtet auch die nat\u00fcrliche W\u00e4rmestrahlung der Sonne. Viele Pflanzenarten werden durch das Infrarotlicht zur Produktion von Terpenen und Wirkstoffen angeregt. Beugen Sie einfach und effizient Schimmel in Ihrem Grow-Zelt vor, indem Sie unsere Infrarotheizung zu dem Zeitpunkt einschalten, an dem das Licht ausgeht und die W\u00e4rmeenergie ausf\u00e4llt. Dadurch wird die Luft abgek\u00fchlt. Die damit verbundene Kondensation der Luftfeuchtigkeit auf Bl\u00e4ttern und Bl\u00fcten erh\u00f6ht das Schimmelrisiko drastisch. Mit der SOLEA-Infrarotheizung k\u00f6nnen Sie die Schimmelbildung an Ihren Pflanzen schnell und dauerhaft beheben und vermeiden. Auch wenn die Solea Infrarotheizung nicht nur leicht zu transportieren ist, ist sie auch leicht zu befestigen &#8211; mit nur einem Verschluss.               <\/p>\n<h3><strong> Die Vorteile <\/strong><\/h3>\n<p> <strong>Solarersatz <\/strong>&#8211; Unsere Infrarotheizung reproduziert die positive Wirkung der Sonne auf Pflanzen, deren Bl\u00fcten und Fr\u00fcchte, ohne den Sauerstoffgehalt im Raum zu reduzieren <strong>Leichter Transport<\/strong> &#8211; Durch die geringe Dicke wiegt die Infrarotheizung kaum etwas <strong>einfach zu installieren<\/strong> &#8211; es reicht aus, sie einzuh\u00e4ngen, um sie <strong>platzsparend aufh\u00e4ngen<\/strong> zu k\u00f6nnen &#8211; Papierausd\u00fcnnung und verstaubar <strong>feuchtigkeitsresistent <\/strong>&#8211; ideal zum Befeuchten von Pflanzen <strong>2 Gr\u00f6\u00dfen<\/strong> &#8211; 60 x 58 cm und 120 x 58 cm (250W und 500W Version) <strong>Sparsam<\/strong> &#8211; sie enth\u00e4lt einen Stabilisator, der die Temperatur bei 65\u00b0 h\u00e4lt. Nach der Aufw\u00e4rmphase (zehn Sekunden) sinkt der Stromverbrauch sogar um 10 bis 15 % <strong>kindersicher<\/strong> &#8211; die Heizung wird nie zu hei\u00df, so dass man sie auch direkt nach dem Betrieb anfassen kann     <\/p>\n<h3>Produktinformation<\/h3>\n<ul>\n<li>2 Jahre Garantie<\/li>\n<li>Spannung: 220-250 V<\/li>\n<li>Dicke: 0,12 mm<\/li>\n<li>Abmessungen des Heizk\u00f6rpers: 60 x 58 x 1 cm<\/li>\n<li>Abmessungen der Verpackung: 60 x 5 x 6 cm<\/li>\n<li>Lebenserwartung: 10 Jahre<\/li>\n<li>Arbeitstemperatur: 65 \u00b0 C<\/li>\n<li>Leistungsaufnahme: 250 W<\/li>\n<li>Verbrauch: 0,25 kWh<\/li>\n<li>Aufw\u00e4rmzeit: 10 Sekunden<\/li>\n<li>Zertifizierung: CE, Rohs<\/li>\n<li>beheizte Wohnr\u00e4ume bis zu 10 m\u00b3<\/li>\n<li>EU-Stecker mit 1,4 m Kabell\u00e4nge<\/li>\n<\/ul>\n<h3>Lieferumfang<\/h3>\n<ul>\n<li>Solea UltraFlache Infrarotheizung 250 watt<\/li>\n<\/ul>\n","protected":false},"excerpt":{"rendered":"<ul>\n<li>passt \u00fcberall<\/li>\n<li>2 Jahre Garantie<\/li>\n<li>ideal als Erg\u00e4nzung zu LED-Leuchten<\/li>\n<li>ideal f\u00fcr Anbauzelte bis zu 120 x 120 cm<\/li>\n<\/ul>\n","protected":false},"featured_media":5333,"comment_status":"closed","ping_status":"closed","template":"","meta":[],"product_brand":[],"product_cat":[405,586,590],"product_tag":[593,594,592],"class_list":{"0":"post-6593","1":"product","2":"type-product","3":"status-publish","4":"has-post-thumbnail","6":"product_cat-belueftung-luftregulierung","7":"product_cat-solea-de","8":"product_cat-heizen","9":"product_tag-heizung","10":"product_tag-infrarot","11":"product_tag-solea-de","13":"first","14":"outofstock","15":"taxable","16":"shipping-taxable","17":"purchasable","18":"product-type-simple"},"jetpack_sharing_enabled":true,"_links":{"self":[{"href":"https:\/\/growerssupply.eu\/de\/wp-json\/wp\/v2\/product\/6593","targetHints":{"allow":["GET"]}}],"collection":[{"href":"https:\/\/growerssupply.eu\/de\/wp-json\/wp\/v2\/product"}],"about":[{"href":"https:\/\/growerssupply.eu\/de\/wp-json\/wp\/v2\/types\/product"}],"replies":[{"embeddable":true,"href":"https:\/\/growerssupply.eu\/de\/wp-json\/wp\/v2\/comments?post=6593"}],"wp:featuredmedia":[{"embeddable":true,"href":"https:\/\/growerssupply.eu\/de\/wp-json\/wp\/v2\/media\/5333"}],"wp:attachment":[{"href":"https:\/\/growerssupply.eu\/de\/wp-json\/wp\/v2\/media?parent=6593"}],"wp:term":[{"taxonomy":"product_brand","embeddable":true,"href":"https:\/\/growerssupply.eu\/de\/wp-json\/wp\/v2\/product_brand?post=6593"},{"taxonomy":"product_cat","embeddable":true,"href":"https:\/\/growerssupply.eu\/de\/wp-json\/wp\/v2\/product_cat?post=6593"},{"taxonomy":"product_tag","embeddable":true,"href":"https:\/\/growerssupply.eu\/de\/wp-json\/wp\/v2\/product_tag?post=6593"}],"curies":[{"name":"wp","href":"https:\/\/api.w.org\/{rel}","templated":true}]}}