{"id":6594,"date":"2024-03-06T11:40:44","date_gmt":"2024-03-06T10:40:44","guid":{"rendered":"https:\/\/growerssupply.eu\/product\/simple-thermostat-temperatur-sensor-im-geraet\/"},"modified":"2024-03-06T11:40:44","modified_gmt":"2024-03-06T10:40:44","slug":"simple-thermostat-temperatur-sensor-im-geraet","status":"publish","type":"product","link":"https:\/\/growerssupply.eu\/de\/produkt\/simple-thermostat-temperatur-sensor-im-geraet\/","title":{"rendered":"Simple thermostat | Temperatur Sensor im Ger\u00e4t"},"content":{"rendered":"<h2>SOLEA Nova Thermostat mit integriertem Temperaturf\u00fchler<\/h2>\n<p> Der Hersteller sagt: Sie haben die volle Kontrolle \u00fcber die <strong>Temperatur! <\/strong>Mit dem SOLEA NOVA <strong>Thermostat <\/strong>erhalten Sie eine pr\u00e4zise Temperaturregelung mit 6 programmierbaren Zeitr\u00e4umen pro Tag, plus Frostschutzmodus und K\u00fchlmodus. Er ist mit Sole-Infrarotstrahlen kompatibel und hat einen integrierten Temperatursensor.  <\/p>\n<h3>Produktinformation<\/h3>\n<ul>\n<li>Temperaturregelung mit 6 programmierbaren Zeitr\u00e4umen pro Tag<\/li>\n<li>Frostschutzmodus<\/li>\n<li>K\u00fchlmodus<\/li>\n<li>Spannung: AC200 ~ 240V, 50Hz<\/li>\n<li>Laststrom: 16A (elektrische Heizung), 0 &#8211; 3,5 kW<\/li>\n<li>Genauigkeit der Temperaturregelung: \u00b1 1\u00baC<\/li>\n<li>Temperatur-Einstellbereich: 0 &#8211; 40 \u00baC<\/li>\n<li>Eigenverbrauchsleistung:  lt; 0.3W<\/li>\n<li>temperatursensor: ntc<\/li>\n<\/ul>\n<h3>Lieferumfang<\/h3>\n<ul>\n<li>Solea Nova Thermostat<\/li>\n<li>Betriebsanleitung<\/li>\n<\/ul>\n","protected":false},"excerpt":{"rendered":"<p>&#8211; Plug and Play Thermostat mit vielen Einstellm\u00f6glichkeiten &#8211; Der Temperatursensor befindet sich im Ger\u00e4t &#8211; G\u00fcnstiges Einsteigerger\u00e4t mit wenig Komfort<\/p>\n","protected":false},"featured_media":5332,"comment_status":"closed","ping_status":"closed","template":"","meta":[],"product_brand":[],"product_cat":[405,462,586,590],"product_tag":[592],"class_list":{"0":"post-6594","1":"product","2":"type-product","3":"status-publish","4":"has-post-thumbnail","6":"product_cat-belueftung-luftregulierung","7":"product_cat-divers","8":"product_cat-solea-de","9":"product_cat-heizen","10":"product_tag-solea-de","12":"first","13":"outofstock","14":"taxable","15":"shipping-taxable","16":"purchasable","17":"product-type-simple"},"jetpack_sharing_enabled":true,"_links":{"self":[{"href":"https:\/\/growerssupply.eu\/de\/wp-json\/wp\/v2\/product\/6594","targetHints":{"allow":["GET"]}}],"collection":[{"href":"https:\/\/growerssupply.eu\/de\/wp-json\/wp\/v2\/product"}],"about":[{"href":"https:\/\/growerssupply.eu\/de\/wp-json\/wp\/v2\/types\/product"}],"replies":[{"embeddable":true,"href":"https:\/\/growerssupply.eu\/de\/wp-json\/wp\/v2\/comments?post=6594"}],"wp:featuredmedia":[{"embeddable":true,"href":"https:\/\/growerssupply.eu\/de\/wp-json\/wp\/v2\/media\/5332"}],"wp:attachment":[{"href":"https:\/\/growerssupply.eu\/de\/wp-json\/wp\/v2\/media?parent=6594"}],"wp:term":[{"taxonomy":"product_brand","embeddable":true,"href":"https:\/\/growerssupply.eu\/de\/wp-json\/wp\/v2\/product_brand?post=6594"},{"taxonomy":"product_cat","embeddable":true,"href":"https:\/\/growerssupply.eu\/de\/wp-json\/wp\/v2\/product_cat?post=6594"},{"taxonomy":"product_tag","embeddable":true,"href":"https:\/\/growerssupply.eu\/de\/wp-json\/wp\/v2\/product_tag?post=6594"}],"curies":[{"name":"wp","href":"https:\/\/api.w.org\/{rel}","templated":true}]}}