{"id":6595,"date":"2024-02-27T11:44:13","date_gmt":"2024-02-27T10:44:13","guid":{"rendered":"https:\/\/growerssupply.eu\/product\/ghp-humipro-luftbefeuchter-mit-thermostat-32l-250ml-h-garden-highpro\/"},"modified":"2024-09-15T11:54:00","modified_gmt":"2024-09-15T09:54:00","slug":"ghp-humipro-luftbefeuchter-mit-thermostat-32l-250ml-h-garden-highpro","status":"publish","type":"product","link":"https:\/\/growerssupply.eu\/de\/produkt\/ghp-humipro-luftbefeuchter-mit-thermostat-32l-250ml-h-garden-highpro\/","title":{"rendered":"GHP Humipro | Luftbefeuchter mit Thermostat | 3,2l | 250ml\/h | Garden HighPro"},"content":{"rendered":"<h2>Ultraschall-Luftbefeuchter humipro<\/h2>\n<p> Dieser Luftbefeuchter arbeitet lange und zuverl\u00e4ssig im Dauerbetrieb. Die<strong> Ultraschallplatine<\/strong> des humipro ist robust und langlebig. Der einfach zu bedienende Luftbefeuchter hat ein Touch-LED-Display und ist mit einer Doppeld\u00fcse mit 360\u00ba Drehung ausgestattet. Er arbeitet rund um die Uhr und hat die Ma\u00dfe von 18,5&#215;18,5&#215;29,5cm.    <\/p>\n<ul>\n<li>Regelm\u00e4\u00dfige Dampfproduktion (3 Stufen)<\/li>\n<li>Anzeige f\u00fcr leeren Tank<\/li>\n<li>einstellbare Dampfrichtung<\/li>\n<\/ul>\n<p> Der Humipro-Luftbefeuchter verf\u00fcgt \u00fcber einen <strong>Hygrostat mit 80cm Kabel, <\/strong>was bedeutet, dass Sie die relative Luftfeuchtigkeit genau dort messen k\u00f6nnen, wo es wichtig ist (z.B. an den Pflanzenspitzen oder im unteren Pflanzenbereich), und nicht am Ger\u00e4t. Der Sollwert f\u00fcr die Luftfeuchtigkeit kann nach einer VPD-Tabelle eingestellt werden, so dass der Befeuchter anh\u00e4lt, sobald der gew\u00fcnschte Sollwert erreicht ist.  <\/p>\n<ul>\n<li>Der Sollwert kann in 5%-Schritten zwischen 45% und 90% eingestellt werden.<\/li>\n<li>3 Stufen f\u00fcr die Dampfst\u00e4rke:\n<ul>\n<li>[1] 150 ml\/h<\/li>\n<li>[2] 200 ml\/h<\/li>\n<li>[3] 250 ml\/h<\/li>\n<\/ul>\n<\/li>\n<\/ul>\n<h2>Technische Daten des Humipro-Luftbefeuchters<\/h2>\n<ul>\n<li>Brand: Garden HigPro<\/li>\n<li>Model: Humipro<\/li>\n<li>Fassungsverm\u00f6gen des Tanks: 4 l<\/li>\n<li>Gewicht: 0,9 kg<\/li>\n<li>Spannung: 230 V<\/li>\n<li>Leistung: 32 Watt<\/li>\n<li>Betriebsdauer des Befeuchters bei maximalem Durchfluss: ca. 13 Stunden, dann muss er nachgef\u00fcllt werden. <\/li>\n<li>Kabell\u00e4nge des Hygrostats: 80 cm<\/li>\n<li>L\u00e4nge des Netzkabels: 120 cm<\/li>\n<\/ul>\n<p><em> <\/em><\/p>\n<p>&nbsp;<\/p>\n","protected":false},"excerpt":{"rendered":"<p>Ein Ultraschall-Luftbefeuchter mit integriertem Hygrostat und einer Auslasssteuerung. <\/p>\n<ul>\n<li>360\u00b0 Verteileraufsatz<\/li>\n<li>Digitale LED-Anzeige<\/li>\n<li>Wasserdampfemissionen<\/li>\n<li>integrierte Hygrostatsteuerung<\/li>\n<li>Fernbedienung.<\/li>\n<li>4 Liter Wassertank<\/li>\n<\/ul>\n","protected":false},"featured_media":5215,"comment_status":"closed","ping_status":"closed","template":"","meta":[],"product_brand":[],"product_cat":[405,409,591],"product_tag":[465],"class_list":{"0":"post-6595","1":"product","2":"type-product","3":"status-publish","4":"has-post-thumbnail","6":"product_cat-belueftung-luftregulierung","7":"product_cat-garden-highpro","8":"product_cat-luftbefeuchter","9":"product_tag-garten-highpro","11":"first","12":"instock","13":"taxable","14":"shipping-taxable","15":"purchasable","16":"product-type-simple"},"jetpack_sharing_enabled":true,"_links":{"self":[{"href":"https:\/\/growerssupply.eu\/de\/wp-json\/wp\/v2\/product\/6595","targetHints":{"allow":["GET"]}}],"collection":[{"href":"https:\/\/growerssupply.eu\/de\/wp-json\/wp\/v2\/product"}],"about":[{"href":"https:\/\/growerssupply.eu\/de\/wp-json\/wp\/v2\/types\/product"}],"replies":[{"embeddable":true,"href":"https:\/\/growerssupply.eu\/de\/wp-json\/wp\/v2\/comments?post=6595"}],"wp:featuredmedia":[{"embeddable":true,"href":"https:\/\/growerssupply.eu\/de\/wp-json\/wp\/v2\/media\/5215"}],"wp:attachment":[{"href":"https:\/\/growerssupply.eu\/de\/wp-json\/wp\/v2\/media?parent=6595"}],"wp:term":[{"taxonomy":"product_brand","embeddable":true,"href":"https:\/\/growerssupply.eu\/de\/wp-json\/wp\/v2\/product_brand?post=6595"},{"taxonomy":"product_cat","embeddable":true,"href":"https:\/\/growerssupply.eu\/de\/wp-json\/wp\/v2\/product_cat?post=6595"},{"taxonomy":"product_tag","embeddable":true,"href":"https:\/\/growerssupply.eu\/de\/wp-json\/wp\/v2\/product_tag?post=6595"}],"curies":[{"name":"wp","href":"https:\/\/api.w.org\/{rel}","templated":true}]}}