{"id":6611,"date":"2024-09-18T18:28:49","date_gmt":"2024-09-18T16:28:49","guid":{"rendered":"https:\/\/growerssupply.eu\/product\/biodor-control-cnb-geruchsentferner-33-800g-eukalyptus\/"},"modified":"2026-02-03T10:30:21","modified_gmt":"2026-02-03T09:30:21","slug":"biodor-control-eukalyptus","status":"publish","type":"product","link":"https:\/\/growerssupply.eu\/de\/produkt\/biodor-control-eukalyptus\/","title":{"rendered":"BIODOR CONTROL CNB | Anti-Geruch Gel | 33 &#8211; 800g | Eukalyptus"},"content":{"rendered":"<h2>Biodor Control CNB Eukalyptus<\/h2>\n<p>Bevorzugen Sie einen Hauch von frischem Duft in Ihrer Umgebung? Die Eukalyptus-Variante unseres Biodor Control CNB-Gels hinterl\u00e4sst einen milden Eukalyptus-Duft. Es beseitigt nicht nur unerw\u00fcnschte Ger\u00fcche, sondern bietet auch einen angenehmen Duft, der das Raumgef\u00fchl verbessert.  <\/p>\n<p>Biodor Control CNB ist das wirksamste Produkt zur Geruchsbeseitigung auf dem Markt. Es wurde speziell zur Neutralisierung von Tabak- und Cannabisger\u00fcchen entwickelt und ist ein festes Gel, das verschiedene Geruchsneutralisatoren und -inhibitoren enth\u00e4lt. Aufgrund seiner innovativen Technologie und der hohen Konzentration an Wirkstoffen ist das 33-Gramm-Format wirksamer und langlebiger als vergleichbare 400-Gramm-Produkte. Die Verdunstungsgeschwindigkeit h\u00e4ngt von der Verdunstungsfl\u00e4che, der Temperatur und dem Luftstrom ab.  <\/p>\n<h3>Biodor Control CNB Eukalyptus 33g<\/h3>\n<p>Entfernt Ger\u00fcche in R\u00e4umen bis zu <strong>50 m2<\/strong>. Der Wirkungsbereich h\u00e4ngt von<br \/>\nder Intensit\u00e4t des zu behandelnden Geruchs ab. F\u00fcr Intensivkulturen oder Ger\u00fcche<br \/>\nGer\u00fcche werden die Formate 200g und 800g empfohlen. <strong>Wirkungsdauer 1<\/strong><br \/>\n<strong>bis 2 Monate<\/strong>, je nach Temperatur und Luftstrom.<\/p>\n<h3>Biodor Control Eukalyptus 200g<\/h3>\n<p>Entfernt Ger\u00fcche von Fl\u00e4chen bis zu <strong>250 m2<\/strong>. Die effektive Reichweite h\u00e4ngt von<br \/>\nder Intensit\u00e4t des zu behandelnden Geruchs ab. Bei sehr intensiven Kulturen<br \/>\noder Ger\u00fcchen wird die Reichweite reduziert. Wirkungsdauer 1<br \/>\nbis 2 Monate, je nach Temperatur und Luftstrom.  <\/p>\n<p>&nbsp;<\/p>\n<h3>Biodor Control Eukalyptus 800g<\/h3>\n<p>Entfernt Ger\u00fcche aus R\u00e4umen bis zu <strong>800 m2.<\/strong> Die effektive Reichweite h\u00e4ngt von<br \/>\nder Intensit\u00e4t des zu behandelnden Geruchs ab. Bei sehr intensiven Kulturen<br \/>\noder Ger\u00fcchen wird die Reichweite reduziert.<strong> Wirkungsdauer 1<\/strong><br \/>\n<strong>bis 2 Monate<\/strong>, je nach Temperatur und Luftstrom.<\/p>\n<h2>BIODOR Handbuch<\/h2>\n<div class=\"_df_book df-lite\" id=\"df_6615\"  _slug=\"6615\" data-title=\"\" wpoptions=\"true\" thumbtype=\"\" ><\/div><script class=\"df-shortcode-script\" nowprocket type=\"application\/javascript\">window.option_df_6615 = {\"outline\":[],\"backgroundColor\":\"#ffffff\",\"autoEnableOutline\":\"false\",\"autoEnableThumbnail\":\"false\",\"overwritePDFOutline\":\"false\",\"direction\":\"1\",\"pageSize\":\"0\",\"source\":\"https:\\\/\\\/growerssupply.eu\\\/wp-content\\\/uploads\\\/2024\\\/09\\\/Biodor-Anti-Odor-BCN-Dossier-DE-A4.pdf\",\"wpOptions\":\"true\"}; if(window.DFLIP && window.DFLIP.parseBooks){window.DFLIP.parseBooks();}<\/script>\n<h2>F.A.Q &#8211; H\u00e4ufig gestellte Fragen &#8211; Biodor control<\/h2>\n<p><strong>Ist Biodor Control CNB ein Lufterfrischer?<\/strong><br \/>\nNein, Biodor Control CNB ist ein Geruchsneutralisator, der speziell f\u00fcr die<br \/>\nGeruchsentwicklung von Cannabis und Tabak entwickelt wurde. Er \u00fcberdeckt den<br \/>\nGeruch nicht, sondern beseitigt ihn vollst\u00e4ndig und hinterl\u00e4sst einen milden Raumduft.<br \/>\nRaumduft.Is Biodor Control CNB an air freshener?<br \/>No, Biodor Control CNB is an odour neutralizer that has been specially developed for the<br \/>odor development of cannabis and tobacco. It does not mask the<br \/>odor, but eliminates it completely and leaves a mild room fragrance.<br \/>room fragrance. <\/p>\n<p><strong>Was ist Biodor Control CNB?<\/strong><br \/>\nEs ist ein harmloses Polymer, das eine Reihe von fl\u00fcssigen Geruchsneutralisatoren auf der Basis von<br \/>\nGeruchsneutralisatoren auf der Basis von ungiftigen nat\u00fcrlichen und synthetischen \u00d6len enth\u00e4lt.<br \/>\nsynthetischen \u00d6len. Diese Geruchsneutralisatoren verdampfen und bilden<br \/>\nMolek\u00fcle, die in der Luft verbleiben. Sie kommen in Kontakt mit den Geruchsmolek\u00fclen<br \/>\nund neutralisieren sie.  <\/p>\n<p><strong>Wie funktioniert Biodor Control CNB?<\/strong><br \/>\nGer\u00fcche sind chemische Verbindungen. Geruchsneutralisatoren brechen die chemischen<br \/>\nBindungen zwischen den Molek\u00fclen auf und neutralisieren so den Geruch <\/p>\n<p><strong>Wie lange ist Biodor Control CNB wirksam?<\/strong><br \/>\nDie Dauer der Wirkung h\u00e4ngt von der Temperatur, dem Luftstrom und der Verdunstungsfl\u00e4che<br \/>\nab. Das Produkt ist 1-2 Monate lang hochwirksam, danach<br \/>\nnimmt die Wirksamkeit langsam ab.<br \/>\nWas sind die Vorteile von Biodor Control CNB?<br \/>\n&#8211; Es ist das wirksamste Produkt auf dem Markt.<br \/>\n&#8211; Die verschiedenen Formate erm\u00f6glichen es, Ger\u00fcche aus gro\u00dfen Innenr\u00e4umen<br \/>\noder aus der Luft zu entfernen, bevor sie nach au\u00dfen gelangen.<br \/>\n&#8211; Lang anhaltend<br \/>\n&#8211; Einfach in der Anwendung <\/p>\n<p><strong>Welchen Bereich deckt Biodor Control CNB ab?<\/strong><br \/>\nDies h\u00e4ngt von der Intensit\u00e4t des Geruchs und der Lautst\u00e4rke des Raumes ab. Als Anhaltspunkt dient<br \/>\n:<br \/>\n&#8211; das 33-Gramm-Format: beseitigt Ger\u00fcche in R\u00e4umen von bis zu 50 m2.<br \/>\n&#8211; das 200-Gramm-Format: beseitigt Ger\u00fcche in R\u00e4umen von bis zu 250 m2.<br \/>\n&#8211; das 800-Gramm-Format: beseitigt Ger\u00fcche in R\u00e4umen mit einer Fl\u00e4che von bis zu 800 m2.<br \/>\nDie 200- und 800-Gramm-Formate erfordern eine aktive Bel\u00fcftung, um diese<br \/>\nBereiche abzudecken (z. B. in den Abluft-\/Zuluftkan\u00e4len platzieren). <\/p>\n<p><strong>Hat Biodor Control CNB eine Wirkung auf Pflanzen?<\/strong><br \/>\nDie in Biodor Control CNB enthaltenen Geruchsneutralisatoren sind ungiftig,<br \/>\nfl\u00fcchtige Molek\u00fcle, die in der Luft verbleiben, nicht kondensieren und die Pflanzen nicht beeintr\u00e4chtigen.<br \/>\nbeeintr\u00e4chtigen die Pflanzen nicht. Wir arbeiten mit einem akkreditierten Labor zusammen, um<br \/>\ndie Unbedenklichkeit f\u00fcr Pflanzen zu bescheinigen.<br \/>\nBeseitigt es auch andere Arten von Ger\u00fcchen?<br \/>\nJa, als Zusatznutzen beseitigt Biodor Control CNB in geringerem Ma\u00dfe auch Haushalts- und K\u00f6rperger\u00fcche.<br \/>\nHaushalts- und K\u00f6rperger\u00fcche. <\/p>\n<p><strong>Ist Biodor Control CNB sicher?<\/strong><br \/>\nJa, es ist ein sicheres Produkt. Bei manchen Menschen kann es jedoch zu Reizungen oder allergischen Reaktionen kommen<br \/>\n. Nach der Anwendung sollten die H\u00e4nde<br \/>\nH\u00e4nde mit Wasser und Seife gewaschen werden. Die Verwendung von<br \/>\nSchutzhandschuhen wird empfohlen.   <\/p>\n<p>&nbsp;<\/p>\n<p>Mehr auf <a title=\"biopulcher.com\/cnb\/\" href=\"https:\/\/biopulcher.com\/cnb\/\" target=\"_blank\" rel=\"noopener\">biopulcher.com\/cnb\/<\/a><\/p>\n","protected":false},"excerpt":{"rendered":"<p>Biodor Control Eucalyptus ist ein hochwirksamer Geruchsbeseitiger, der speziell zur Neutralisierung unerw\u00fcnschter Ger\u00fcche, einschlie\u00dflich Tabak und Cannabis, entwickelt wurde. Diese feste Gelformulierung enth\u00e4lt fortschrittliche Geruchsneutralisatoren und -inhibitoren, die verdampfen und mit den Geruchsmolek\u00fclen in der Luft interagieren, um eine vollst\u00e4ndige Beseitigung und nicht nur eine Maskierung zu gew\u00e4hrleisten. Die Eukalyptusvariante beseitigt nicht nur hartn\u00e4ckige Ger\u00fcche, sondern hinterl\u00e4sst auch einen subtilen, erfrischenden Duft, der jeden Raum in eine saubere und angenehme Umgebung verwandelt. Es ist in verschiedenen Gr\u00f6\u00dfen erh\u00e4ltlich und deckt je nach Umgebungsbedingungen Fl\u00e4chen von bis zu 50 m\u00b2 1 bis 2 Monate lang effektiv ab.   <\/p>\n","protected":false},"featured_media":6602,"comment_status":"open","ping_status":"closed","template":"","meta":[],"product_brand":[],"product_cat":[405,462,514],"product_tag":[604,605],"class_list":{"0":"post-6611","1":"product","2":"type-product","3":"status-publish","4":"has-post-thumbnail","6":"product_cat-belueftung-luftregulierung","7":"product_cat-divers","8":"product_cat-ernte-verarbeitung","9":"product_tag-smell-de","10":"product_tag-geruch","12":"first","13":"outofstock","14":"taxable","15":"shipping-taxable","16":"purchasable","17":"product-type-variable"},"jetpack_sharing_enabled":true,"_links":{"self":[{"href":"https:\/\/growerssupply.eu\/de\/wp-json\/wp\/v2\/product\/6611","targetHints":{"allow":["GET"]}}],"collection":[{"href":"https:\/\/growerssupply.eu\/de\/wp-json\/wp\/v2\/product"}],"about":[{"href":"https:\/\/growerssupply.eu\/de\/wp-json\/wp\/v2\/types\/product"}],"replies":[{"embeddable":true,"href":"https:\/\/growerssupply.eu\/de\/wp-json\/wp\/v2\/comments?post=6611"}],"wp:featuredmedia":[{"embeddable":true,"href":"https:\/\/growerssupply.eu\/de\/wp-json\/wp\/v2\/media\/6602"}],"wp:attachment":[{"href":"https:\/\/growerssupply.eu\/de\/wp-json\/wp\/v2\/media?parent=6611"}],"wp:term":[{"taxonomy":"product_brand","embeddable":true,"href":"https:\/\/growerssupply.eu\/de\/wp-json\/wp\/v2\/product_brand?post=6611"},{"taxonomy":"product_cat","embeddable":true,"href":"https:\/\/growerssupply.eu\/de\/wp-json\/wp\/v2\/product_cat?post=6611"},{"taxonomy":"product_tag","embeddable":true,"href":"https:\/\/growerssupply.eu\/de\/wp-json\/wp\/v2\/product_tag?post=6611"}],"curies":[{"name":"wp","href":"https:\/\/api.w.org\/{rel}","templated":true}]}}