{"id":6659,"date":"2024-03-23T16:34:16","date_gmt":"2024-03-23T15:34:16","guid":{"rendered":"https:\/\/growerssupply.eu\/product\/ghp-profan-5-watt-o-15cm-mit-stabclip-garden-highpro\/"},"modified":"2025-11-24T10:50:04","modified_gmt":"2025-11-24T09:50:04","slug":"ghp-profan-5-watt-o-15cm-mit-stabclip-garden-highpro","status":"publish","type":"product","link":"https:\/\/growerssupply.eu\/de\/produkt\/ghp-profan-5-watt-o-15cm-mit-stabclip-garden-highpro\/","title":{"rendered":"GHP PROFAN| 5 Watt | \u00d8 15cm mit Stabclip | Garden Highpro"},"content":{"rendered":"<h1>Garden Highpro &#8211; GHP Ventilator mit Clip und 5 Watt<\/h1>\n<p>Befestigen Sie diesen leisen und energiesparenden Umluftventilator von GHP an den vertikalen Pfosten Ihrer Growbox. Sein flexibles Gelenk sorgt f\u00fcr einen konstanten, kreisf\u00f6rmigen Luftstrom in Ihrem Pflanzenzelt. Zur aktiven K\u00fchlung k\u00f6nnen Sie den Ventilator auch auf Ihre Pflanzen oder Ihre Lampe richten.<\/p>\n<p>Der Grow-Ventilator verf\u00fcgt \u00fcber einen Elektromotor mit moderner, b\u00fcrstenloser Antriebstechnik (Ringmagnet). Er ist speziell f\u00fcr den Dauerbetrieb ausgelegt und \u00e4u\u00dferst zuverl\u00e4ssig.<\/p>\n<h2>Informationen zum Produkt:<\/h2>\n<ul>\n<li>Geh\u00e4use: 20 cm Durchmesser<\/li>\n<li>Klinge: 15 cm Durchmesser<\/li>\n<li>Leistung: 5 Watt<\/li>\n<li>Schalter: EIN und AUS (1 Stufe)<\/li>\n<li>Luftstrom: etwa 200 m\u00b3\/h<\/li>\n<li>Kabell\u00e4nge: ca. 1,4 m<\/li>\n<\/ul>\n<h2>Das Paket enth\u00e4lt:<\/h2>\n<ul>\n<li>Garden Highpro Clip Ventilator Eco 5W<\/li>\n<li>Rundstabklammer<\/li>\n<li>Standard-Clip mit starker Feder<\/li>\n<\/ul>\n","protected":false},"excerpt":{"rendered":"<p>Ultraleiser und energieeffizienter Grow-Ventilator mit Clip und Stabclip<br \/>\nF\u00fcr Dauerbetrieb geeignet<br \/>\nUniversell einsetzbar<br \/>\nDank des neuen Magnetringmotors sparen Sie im Vergleich zu herk\u00f6mmlichen Clip-Ventilatoren bis zu 25 \u20ac Stromkosten pro Jahr<\/p>\n","protected":false},"featured_media":5421,"comment_status":"open","ping_status":"closed","template":"","meta":[],"product_brand":[663],"product_cat":[405,406,409],"product_tag":[],"class_list":{"0":"post-6659","1":"product","2":"type-product","3":"status-publish","4":"has-post-thumbnail","6":"product_brand-gardenhighpro","7":"product_cat-belueftung-luftregulierung","8":"product_cat-abluft-umluft","9":"product_cat-garden-highpro","11":"first","12":"outofstock","13":"sale","14":"taxable","15":"shipping-taxable","16":"purchasable","17":"product-type-simple"},"jetpack_sharing_enabled":true,"_links":{"self":[{"href":"https:\/\/growerssupply.eu\/de\/wp-json\/wp\/v2\/product\/6659","targetHints":{"allow":["GET"]}}],"collection":[{"href":"https:\/\/growerssupply.eu\/de\/wp-json\/wp\/v2\/product"}],"about":[{"href":"https:\/\/growerssupply.eu\/de\/wp-json\/wp\/v2\/types\/product"}],"replies":[{"embeddable":true,"href":"https:\/\/growerssupply.eu\/de\/wp-json\/wp\/v2\/comments?post=6659"}],"wp:featuredmedia":[{"embeddable":true,"href":"https:\/\/growerssupply.eu\/de\/wp-json\/wp\/v2\/media\/5421"}],"wp:attachment":[{"href":"https:\/\/growerssupply.eu\/de\/wp-json\/wp\/v2\/media?parent=6659"}],"wp:term":[{"taxonomy":"product_brand","embeddable":true,"href":"https:\/\/growerssupply.eu\/de\/wp-json\/wp\/v2\/product_brand?post=6659"},{"taxonomy":"product_cat","embeddable":true,"href":"https:\/\/growerssupply.eu\/de\/wp-json\/wp\/v2\/product_cat?post=6659"},{"taxonomy":"product_tag","embeddable":true,"href":"https:\/\/growerssupply.eu\/de\/wp-json\/wp\/v2\/product_tag?post=6659"}],"curies":[{"name":"wp","href":"https:\/\/api.w.org\/{rel}","templated":true}]}}