{"id":6661,"date":"2024-03-06T11:40:44","date_gmt":"2024-03-06T10:40:44","guid":{"rendered":"https:\/\/growerssupply.eu\/product\/infrarotheizung-500w-120x58cm-sole\/"},"modified":"2024-12-04T11:26:20","modified_gmt":"2024-12-04T10:26:20","slug":"infrarotheizung-500w-120x58cm-sole","status":"publish","type":"product","link":"https:\/\/growerssupply.eu\/de\/produkt\/infrarotheizung-500w-120x58cm-sole\/","title":{"rendered":"Infrarotheizung 500W | 120x58cm | Sole"},"content":{"rendered":"<h2>SOLEA ultraflache Infrarot-Heizung 500 W<\/h2>\n<p>Ob in der Growbox im Winter, im Anzuchtzelt im Keller, im Gew\u00e4chshaus im Fr\u00fchjahr, &#8230; eine effiziente, kosteng\u00fcnstige und platzsparende Heizung ist f\u00fcr fast jeden Ganzjahresg\u00e4rtner sehr wichtig.<\/p>\n<p>Das Besondere an unserer Infrarotheizung f\u00fcr Ihre Pflanzen in der Growbox ist, dass sie nicht nur \u00fcberall Platz findet und d\u00fcnn wie ein Blatt Papier ist &#8211; sie reproduziert die Wirkung der Sonne bei geringem Stromverbrauch. Die Infrarottechnik erw\u00e4rmt nicht die Raumluft, sondern die Materie im Raum und ist daher ideal f\u00fcr bel\u00fcftete R\u00e4ume. Ihre Pflanzen werden es lieben.<\/p>\n<p> <strong>Andere Heizungen<\/strong> <strong>haben viele Nachteile<\/strong>, die wir G\u00e4rtner schon immer in Kauf nehmen mussten.<br \/>\nSie verbrennen Gas (Methan- und Propanheizungen) und Sauerstoff, um W\u00e4rme zu erzeugen, oder erhitzen die Luft an den Heizst\u00e4ben vorbei mit viel Energieaufwand und blasen lautstark Metallheizst\u00e4be auf. Leider ist dieser warme Luftstrom immer \u201etrocken\u201c, was die meisten Pflanzen belastet und ihr Wachstum hemmt.<\/p>\n<p>Das Problem ist nun endlich auf brillante Weise gel\u00f6st. Die SOLEA-Infrarotheizung w\u00e4rmt nicht nur, sie beleuchtet auch die nat\u00fcrliche W\u00e4rmestrahlung der Sonne.<br \/>\nViele Pflanzenarten werden durch das <strong>Infrarotlicht angeregt, Terpene und Wirkstoffe zu produzieren.<\/strong> <\/p>\n<p> <strong>verhindern Sie Schimmelbildung<\/strong> in Ihrem Grow-Zelt, indem Sie unsere Infrarotheizung genau dann einschalten, wenn die Beleuchtung ausgeht und ihre W\u00e4rmeenergie versagt. Dadurch wird die Luft abgek\u00fchlt. Die damit verbundene Kondensation der Luftfeuchtigkeit auf Bl\u00e4ttern und Bl\u00fcten erh\u00f6ht das Risiko der Schimmelbildung drastisch.<br \/>\nMit der SOLEA Infrarotheizung k\u00f6nnen Sie dieses Problem schnell und dauerhaft l\u00f6sen und so den Schimmel an Ihren Pflanzen vermeiden.<br \/>\nDie Sole ist au\u00dferdem nicht nur leicht zu transportieren, sondern auch sehr gut anzuwenden &#8211; mit nur einem Haken.<\/p>\n<h3><strong> Die Vorteile in Stichworten <\/strong><\/h3>\n<p>&nbsp;<\/p>\n<p> <strong>Solarersatz<\/strong> &#8211; Unser Infrarotheizsystem reproduziert die positive Wirkung der Sonne auf Pflanzen, deren Bl\u00fcten und Fr\u00fcchte, ohne den Sauerstoffgehalt im Raum zu reduzieren<\/p>\n<p>&nbsp;<\/p>\n<p> <strong>Leichter Transpor<\/strong>t &#8211; Durch die geringe Dicke wiegt das Infrarot-Ei-System kaum etwas <strong>einfach zu installieren<\/strong> &#8211; es reicht aus, es einzuh\u00e4ngen, um es <strong>platzsparend<\/strong> zu verstauen <strong>Feuchtigkeitsbest\u00e4ndig<\/strong> &#8211; ideal zum Befeuchten von Pflanzen<strong> 2 Gr\u00f6\u00dfen<\/strong> &#8211; 60 x 58 cm und 120 x 58 cm (250W und 500W) <strong>Sparsam <\/strong>&#8211; es enth\u00e4lt einen Stabilisator, der die Temperatur bei 65\u00b0 h\u00e4lt. Nach der Aufw\u00e4rmphase (zehn Sekunden) sinkt der Stromverbrauch sogar um 10 bis 15 % <strong>kindersicher<\/strong> &#8211; die Heizung wird nie zu hei\u00df, so dass Sie sie auch direkt nach dem Betrieb anfassen k\u00f6nnen Wir freuen uns darauf, Ihre Bestellung so schnell wie m\u00f6glich zu bearbeiten und an Sie zu liefern. Sollten Sie noch Fragen haben, z\u00f6gern Sie nicht, uns zu kontaktieren. <strong>Wir w\u00fcrden uns freuen, Ihnen weiterhelfen zu k\u00f6nnen.<\/strong><\/p>\n<h3>Produktinformation<\/h3>\n<ul>\n<li>Spannung: 220-250 V<\/li>\n<li>Dicke: 0,12 mm<\/li>\n<li>Abmessungen des Heizk\u00f6rpers: 120 x 58 x 1 cm<\/li>\n<li>Abmessungen der Verpackung: 60 x 5 x 6 cm<\/li>\n<li>Lebenserwartung: 10 Jahre<\/li>\n<li>Arbeitstemperatur: 65 \u00b0 C<\/li>\n<li>Leistungsaufnahme: 500 W<\/li>\n<li>Verbrauch: 0,5 kWh<\/li>\n<li>Aufw\u00e4rmzeit: 10 Sekunden<\/li>\n<li>Zertifizierung: CE, Rohs<\/li>\n<li>beheizte Wohnr\u00e4ume bis zu 15 m2<\/li>\n<li>EU-Stecker mit 1,4 m Kabell\u00e4nge<\/li>\n<li>2 Jahre Garantie<\/li>\n<\/ul>\n<h3>Lieferumfang<\/h3>\n<ul>\n<li>Solea Ultraflache Infrarotheizung 500 W<\/li>\n<\/ul>\n","protected":false},"excerpt":{"rendered":"<p>passt \u00fcberall hin &#8211; 2 Jahre Garantie &#8211; Ideal als Erg\u00e4nzung zu LED-Leuchten &#8211; Ideal f\u00fcr Growzelte ab 120x120cm<\/p>\n","protected":false},"featured_media":5331,"comment_status":"closed","ping_status":"closed","template":"","meta":[],"product_brand":[],"product_cat":[405,586,590],"product_tag":[592],"class_list":{"0":"post-6661","1":"product","2":"type-product","3":"status-publish","4":"has-post-thumbnail","6":"product_cat-belueftung-luftregulierung","7":"product_cat-solea-de","8":"product_cat-heizen","9":"product_tag-solea-de","11":"first","12":"outofstock","13":"taxable","14":"shipping-taxable","15":"purchasable","16":"product-type-simple"},"jetpack_sharing_enabled":true,"_links":{"self":[{"href":"https:\/\/growerssupply.eu\/de\/wp-json\/wp\/v2\/product\/6661","targetHints":{"allow":["GET"]}}],"collection":[{"href":"https:\/\/growerssupply.eu\/de\/wp-json\/wp\/v2\/product"}],"about":[{"href":"https:\/\/growerssupply.eu\/de\/wp-json\/wp\/v2\/types\/product"}],"replies":[{"embeddable":true,"href":"https:\/\/growerssupply.eu\/de\/wp-json\/wp\/v2\/comments?post=6661"}],"wp:featuredmedia":[{"embeddable":true,"href":"https:\/\/growerssupply.eu\/de\/wp-json\/wp\/v2\/media\/5331"}],"wp:attachment":[{"href":"https:\/\/growerssupply.eu\/de\/wp-json\/wp\/v2\/media?parent=6661"}],"wp:term":[{"taxonomy":"product_brand","embeddable":true,"href":"https:\/\/growerssupply.eu\/de\/wp-json\/wp\/v2\/product_brand?post=6661"},{"taxonomy":"product_cat","embeddable":true,"href":"https:\/\/growerssupply.eu\/de\/wp-json\/wp\/v2\/product_cat?post=6661"},{"taxonomy":"product_tag","embeddable":true,"href":"https:\/\/growerssupply.eu\/de\/wp-json\/wp\/v2\/product_tag?post=6661"}],"curies":[{"name":"wp","href":"https:\/\/api.w.org\/{rel}","templated":true}]}}