{"id":6674,"date":"2024-02-27T11:44:06","date_gmt":"2024-02-27T10:44:06","guid":{"rendered":"https:\/\/growerssupply.eu\/product\/ghp-clip-ventilator-12-watt-o20cm-mit-stabclip-garden-highpro\/"},"modified":"2024-02-27T11:44:06","modified_gmt":"2024-02-27T10:44:06","slug":"ghp-clip-ventilator-12-watt-o20cm-mit-stabclip-garden-highpro","status":"publish","type":"product","link":"https:\/\/growerssupply.eu\/de\/produkt\/ghp-clip-ventilator-12-watt-o20cm-mit-stabclip-garden-highpro\/","title":{"rendered":"GHP Clip-Ventilator | 12 Watt | \u00d820cm mit Stabclip | Garden HighPro"},"content":{"rendered":"<h2>12 Watt Clip-Ventilator von Garden Highpro<\/h2>\n<p> Dieser <strong> leise und energieeffiziente<\/strong> Umluftventilator von GHP l\u00e4sst sich <strong>leicht an den vertikalen Stangen mit einem Durchmesser von bis zu 3 cm in Ihrer Growbox befestigen.<\/strong> Mit dem zweiten Clip k\u00f6nnen Sie den Ventilator direkt aufstellen oder an eine Platte, Stange, ein Kabel usw. h\u00e4ngen. Mit seinem flexiblen Gelenk ist es m\u00f6glich, einen perfekt ausgerichteten Luftstrom im Grow-Zelt zu erzeugen. Alternativ k\u00f6nnen Sie den Luftstrom auch direkt auf die Pflanzen oder auf eine Lampe richten, um sie zu k\u00fchlen. Speziell f\u00fcr den <strong>Dauerbetrieb konzipiert<\/strong>, kann er es mit gr\u00f6\u00dferen Ventilatoren aufnehmen. Dank seines modernen, b\u00fcrstenlosen <strong>Ringmagnetmotors<\/strong> ist er langlebiger und leiser als die meisten anderen Clip-Ventilatoren.      <\/p>\n<h3>Produktinformation<\/h3>\n<ul>\n<li>Geh\u00e4use: 25 cm Durchmesser<\/li>\n<li>Klingen: 20 cm Durchmesser<\/li>\n<li>Leistung: 12 Watt<\/li>\n<li>Kapazit\u00e4t des freien Luftstroms: ca. 320 m\u00b3\/h<\/li>\n<li>Kabell\u00e4nge: ca. 1,4 Meter<\/li>\n<li>1-stufig, EIN &amp; AUS<\/li>\n<\/ul>\n<h3>Inhalt des Pakets<\/h3>\n<ul>\n<li>GHP Clip Fan 12 W \u00d8 20 cm<\/li>\n<li>Standard-Clip mit st\u00e4rkerer Feder<\/li>\n<li>Mastclip f\u00fcr die vertikale Befestigung an Masten mit einem Durchmesser von bis zu 3 cm<\/li>\n<\/ul>\n<p> Wir freuen uns darauf, Ihre Bestellung so schnell wie m\u00f6glich zu bearbeiten und zu liefern. Wenn Sie Fragen zur <strong>Auflage<\/strong> haben, z\u00f6gern Sie nicht, uns zu kontaktieren. <strong>Wir sind gerne f\u00fcr Sie da.<\/strong>  &nbsp;<\/p>\n","protected":false},"excerpt":{"rendered":"<p>&#8211; Sehr leise und energieeffizient &#8211; F\u00fcr Dauerbetrieb geeignet &#8211; Universell einsatzbereit &#8211; Durch die neue Motorentechnik sparen Sie bis zu 35 \u20ac pro Jahr gegen\u00fcber herk\u00f6mmlichen Ventilatoren<\/p>\n","protected":false},"featured_media":5382,"comment_status":"closed","ping_status":"closed","template":"","meta":[],"product_brand":[],"product_cat":[405,406,409],"product_tag":[465,426],"class_list":{"0":"post-6674","1":"product","2":"type-product","3":"status-publish","4":"has-post-thumbnail","6":"product_cat-belueftung-luftregulierung","7":"product_cat-abluft-umluft","8":"product_cat-garden-highpro","9":"product_tag-garten-highpro","10":"product_tag-fan-de","12":"first","13":"outofstock","14":"taxable","15":"shipping-taxable","16":"purchasable","17":"product-type-simple"},"jetpack_sharing_enabled":true,"_links":{"self":[{"href":"https:\/\/growerssupply.eu\/de\/wp-json\/wp\/v2\/product\/6674","targetHints":{"allow":["GET"]}}],"collection":[{"href":"https:\/\/growerssupply.eu\/de\/wp-json\/wp\/v2\/product"}],"about":[{"href":"https:\/\/growerssupply.eu\/de\/wp-json\/wp\/v2\/types\/product"}],"replies":[{"embeddable":true,"href":"https:\/\/growerssupply.eu\/de\/wp-json\/wp\/v2\/comments?post=6674"}],"wp:featuredmedia":[{"embeddable":true,"href":"https:\/\/growerssupply.eu\/de\/wp-json\/wp\/v2\/media\/5382"}],"wp:attachment":[{"href":"https:\/\/growerssupply.eu\/de\/wp-json\/wp\/v2\/media?parent=6674"}],"wp:term":[{"taxonomy":"product_brand","embeddable":true,"href":"https:\/\/growerssupply.eu\/de\/wp-json\/wp\/v2\/product_brand?post=6674"},{"taxonomy":"product_cat","embeddable":true,"href":"https:\/\/growerssupply.eu\/de\/wp-json\/wp\/v2\/product_cat?post=6674"},{"taxonomy":"product_tag","embeddable":true,"href":"https:\/\/growerssupply.eu\/de\/wp-json\/wp\/v2\/product_tag?post=6674"}],"curies":[{"name":"wp","href":"https:\/\/api.w.org\/{rel}","templated":true}]}}