{"id":6675,"date":"2024-02-27T11:44:06","date_gmt":"2024-02-27T10:44:06","guid":{"rendered":"https:\/\/growerssupply.eu\/product\/ghp-thermo-hygrometer-digital-mittel-2-messstellen-garden-highpro\/"},"modified":"2024-02-27T11:44:06","modified_gmt":"2024-02-27T10:44:06","slug":"ghp-thermo-hygrometer-digital-mittel-2-messstellen-garden-highpro","status":"publish","type":"product","link":"https:\/\/growerssupply.eu\/de\/produkt\/ghp-thermo-hygrometer-digital-mittel-2-messstellen-garden-highpro\/","title":{"rendered":"GHP Thermo-Hygrometer | Digital mittel | 2 Messstellen | Garden HighPro"},"content":{"rendered":"<h2>Garten Highpro Hygrothermo Medium mit 2 Temperaturmessstellen<\/h2>\n<p> Das GHP Hygrothermo Medium ist das perfekte Werkzeug f\u00fcr Sie, um das <strong>Klima<\/strong> in Ihrem Grow-Raum zu \u00fcberwachen. Mit diesem <strong>Messger\u00e4t <\/strong> k\u00f6nnen Sie die Temperatur und relative Luftfeuchtigkeit in Ihrem Grow-Zelt messen und die <strong>minimale und maximale Temperatur<\/strong> sehen. Zus\u00e4tzlich verf\u00fcgt das Ger\u00e4t \u00fcber einen externen Sensor f\u00fcr die relative Luftfeuchtigkeit, um diese z.B. direkt in der N\u00e4he der Pflanzen zu messen.   <\/p>\n<h3>Produktinformation<\/h3>\n<ul>\n<li>Temperatur- (2x) und Feuchtigkeitsmesser (1x im Ger\u00e4t)<\/li>\n<li>Speichert minimale und maximale Temperatur<\/li>\n<li>F\u00fcr den Innenbereich geeignet<\/li>\n<li>Umschaltbar von \u00b0C auf \u00b0F<\/li>\n<li>Temperaturgenauigkeit: \u00b1 1\u00b0C<\/li>\n<li>Temperatur-Messbereich: 0\u00b0C bis 50\u00b0C<\/li>\n<li>Genauigkeit der relativen Luftfeuchtigkeit: \u00b1 5%<\/li>\n<li>Temperaturmessbereich: 25% bis 90%<\/li>\n<li>Mit St\u00e4nder und Aufh\u00e4ngevorrichtung<\/li>\n<\/ul>\n<h3>Inhalt des Pakets<\/h3>\n<ul>\n<li>GHP Hygrothermo Medium<\/li>\n<li>1x AAA Battery<\/li>\n<\/ul>\n<p> Wir freuen uns, Ihre Bestellung so schnell wie m\u00f6glich zu bearbeiten und an Sie zu liefern. Sollten Sie Fragen zur <strong>Messtechnik<\/strong> haben, z\u00f6gern Sie nicht, uns zu kontaktieren. <strong>Wir helfen Ihnen gerne weiter. <\/strong> <\/p>\n","protected":false},"excerpt":{"rendered":"<ul>\n<li>Messger\u00e4t f\u00fcr Temperatur und Feuchtigkeit<\/li>\n<li>2 Messstelle<\/li>\n<li>minimale &amp; maximale Temperatur Lagerung<\/li>\n<\/ul>\n","protected":false},"featured_media":5370,"comment_status":"closed","ping_status":"closed","template":"","meta":[],"product_brand":[],"product_cat":[409,462],"product_tag":[465],"class_list":{"0":"post-6675","1":"product","2":"type-product","3":"status-publish","4":"has-post-thumbnail","6":"product_cat-garden-highpro","7":"product_cat-divers","8":"product_tag-garten-highpro","10":"first","11":"outofstock","12":"taxable","13":"shipping-taxable","14":"purchasable","15":"product-type-simple"},"jetpack_sharing_enabled":true,"_links":{"self":[{"href":"https:\/\/growerssupply.eu\/de\/wp-json\/wp\/v2\/product\/6675","targetHints":{"allow":["GET"]}}],"collection":[{"href":"https:\/\/growerssupply.eu\/de\/wp-json\/wp\/v2\/product"}],"about":[{"href":"https:\/\/growerssupply.eu\/de\/wp-json\/wp\/v2\/types\/product"}],"replies":[{"embeddable":true,"href":"https:\/\/growerssupply.eu\/de\/wp-json\/wp\/v2\/comments?post=6675"}],"wp:featuredmedia":[{"embeddable":true,"href":"https:\/\/growerssupply.eu\/de\/wp-json\/wp\/v2\/media\/5370"}],"wp:attachment":[{"href":"https:\/\/growerssupply.eu\/de\/wp-json\/wp\/v2\/media?parent=6675"}],"wp:term":[{"taxonomy":"product_brand","embeddable":true,"href":"https:\/\/growerssupply.eu\/de\/wp-json\/wp\/v2\/product_brand?post=6675"},{"taxonomy":"product_cat","embeddable":true,"href":"https:\/\/growerssupply.eu\/de\/wp-json\/wp\/v2\/product_cat?post=6675"},{"taxonomy":"product_tag","embeddable":true,"href":"https:\/\/growerssupply.eu\/de\/wp-json\/wp\/v2\/product_tag?post=6675"}],"curies":[{"name":"wp","href":"https:\/\/api.w.org\/{rel}","templated":true}]}}