{"id":6676,"date":"2024-02-24T18:21:55","date_gmt":"2024-02-24T17:21:55","guid":{"rendered":"https:\/\/growerssupply.eu\/product\/ghp-thermo-hygrometer-digital-pro-2-messstellen-garden-highpro\/"},"modified":"2024-02-24T18:21:55","modified_gmt":"2024-02-24T17:21:55","slug":"ghp-thermo-hygrometer-digital-pro-2-messstellen-garden-highpro","status":"publish","type":"product","link":"https:\/\/growerssupply.eu\/de\/produkt\/ghp-thermo-hygrometer-digital-pro-2-messstellen-garden-highpro\/","title":{"rendered":"GHP Thermo-Hygrometer | Digital Pro | 2 Messstellen | Garden HighPro"},"content":{"rendered":"<h2>Hygrothermo Pro mit 2 Temperaturmessstellen und wasserdichten Sensoren von Garden Highpro<\/h2>\n<p> Der GHP Hygrothermo Pro ist das perfekte Werkzeug f\u00fcr Sie, um das <strong>Klima<\/strong> in Ihrem Grow Room zu \u00fcberwachen. Mit diesem <strong>Messger\u00e4t <\/strong> k\u00f6nnen Sie die Temperatur und relative Luftfeuchtigkeit in Ihrem Grow-Zelt messen und sehen, was die <strong>minimale und maximale Temperatur <\/strong> waren. Das Messger\u00e4t kommt mit einem externen wasserdichten Sensor f\u00fcr die Temperatur.   <\/p>\n<h3>Produktinformation<\/h3>\n<ul>\n<li>Gr\u00fcne Hintergrundbeleuchtung des Displays<\/li>\n<li>Messger\u00e4t f\u00fcr Temperatur (2x) und Luftfeuchtigkeit (1x am Ger\u00e4t)<\/li>\n<li>Speichert minimale und maximale Temperatur<\/li>\n<li>F\u00fcr den Innenbereich geeignet<\/li>\n<li>3 Meter Kabel f\u00fcr externen Temperatursensor (wasserdicht)<\/li>\n<li>Genauigkeit der Temperatur: +- 1\u00b0C<\/li>\n<li>Temperaturbereich: 0\u00b0C bis 50\u00b0C<\/li>\n<li>Genauigkeit der relativen Luftfeuchtigkeit: +- 5%<\/li>\n<li>Luftfeuchtigkeit Bereich: 25% to 80%<\/li>\n<li>With stand and suspension device<\/li>\n<\/ul>\n<h3>Inhalt des Pakets<\/h3>\n<ul>\n<li>GHP Hygrothermo Pro<\/li>\n<li>1x AAA Battery<\/li>\n<\/ul>\n<p> Wir freuen uns darauf, Ihre Bestellung so schnell wie m\u00f6glich zu bearbeiten und auszuliefern. Sollten Sie <strong>Fragen zur Messtechnik<\/strong> haben, k\u00f6nnen Sie sich gerne an uns wenden. <strong>Wir sind Ihnen gerne behilflich.<\/strong> <\/p>\n","protected":false},"excerpt":{"rendered":"<p>Ger\u00e4t zur Temperatur- und Feuchtemessung &#8211; 2 Messstellen mit wasserdichten externen Sensoren &#8211; Speicher f\u00fcr minimale und maximale Temperatur<\/p>\n","protected":false},"featured_media":5210,"comment_status":"closed","ping_status":"closed","template":"","meta":[],"product_brand":[],"product_cat":[409,462,405],"product_tag":[465],"class_list":{"0":"post-6676","1":"product","2":"type-product","3":"status-publish","4":"has-post-thumbnail","6":"product_cat-garden-highpro","7":"product_cat-divers","8":"product_cat-belueftung-luftregulierung","9":"product_tag-garten-highpro","11":"first","12":"outofstock","13":"sale","14":"taxable","15":"shipping-taxable","16":"purchasable","17":"product-type-simple"},"jetpack_sharing_enabled":true,"_links":{"self":[{"href":"https:\/\/growerssupply.eu\/de\/wp-json\/wp\/v2\/product\/6676","targetHints":{"allow":["GET"]}}],"collection":[{"href":"https:\/\/growerssupply.eu\/de\/wp-json\/wp\/v2\/product"}],"about":[{"href":"https:\/\/growerssupply.eu\/de\/wp-json\/wp\/v2\/types\/product"}],"replies":[{"embeddable":true,"href":"https:\/\/growerssupply.eu\/de\/wp-json\/wp\/v2\/comments?post=6676"}],"wp:featuredmedia":[{"embeddable":true,"href":"https:\/\/growerssupply.eu\/de\/wp-json\/wp\/v2\/media\/5210"}],"wp:attachment":[{"href":"https:\/\/growerssupply.eu\/de\/wp-json\/wp\/v2\/media?parent=6676"}],"wp:term":[{"taxonomy":"product_brand","embeddable":true,"href":"https:\/\/growerssupply.eu\/de\/wp-json\/wp\/v2\/product_brand?post=6676"},{"taxonomy":"product_cat","embeddable":true,"href":"https:\/\/growerssupply.eu\/de\/wp-json\/wp\/v2\/product_cat?post=6676"},{"taxonomy":"product_tag","embeddable":true,"href":"https:\/\/growerssupply.eu\/de\/wp-json\/wp\/v2\/product_tag?post=6676"}],"curies":[{"name":"wp","href":"https:\/\/api.w.org\/{rel}","templated":true}]}}