{"id":6910,"date":"2024-02-23T11:47:57","date_gmt":"2024-02-23T10:47:57","guid":{"rendered":"https:\/\/growerssupply.eu\/product\/ghp-profan-150mm-abluft-520m%c2%b3-h-tt-extractor\/"},"modified":"2024-02-23T11:47:57","modified_gmt":"2024-02-23T10:47:57","slug":"ghp-profan-150mm-abluft-520m%c2%b3-h-tt-extractor","status":"publish","type":"product","link":"https:\/\/growerssupply.eu\/de\/produkt\/ghp-profan-150mm-abluft-520m%c2%b3-h-tt-extractor\/","title":{"rendered":"GHP PROFAN 150mm | Abluft | 520m\u00b3\/h | TT EXTRACTOR"},"content":{"rendered":"<h2>Grow Fan 150mm: Der ProFan TT von Garden Highpro mit zwei Geschwindigkeitsstufen<\/h2>\n<p>Der Grow Fan 150mm ProFan TT von Garden Highpro ist Ihr perfekter Begleiter f\u00fcr Indoor-Grow-Erfahrungen. Ausgestattet mit zwei Geschwindigkeitsstufen, die einfach mit einem Kippschalter gesteuert werden k\u00f6nnen, und einem 100% kugelgelagerten Kupfermotor, bietet er eine verbesserte Effizienz und eine l\u00e4ngere Lebensdauer. <\/p>\n<h3>Einfache Wartung<\/h3>\n<p>Das Geh\u00e4use des 150-mm-L\u00fcfters l\u00e4sst sich zu Reinigungs- und Wartungszwecken m\u00fchelos \u00f6ffnen, um sicherzustellen, dass er in optimalem Zustand bleibt und Spitzenleistungen erbringt.<\/p>\n<h3>Erschwinglich und leistungsf\u00e4hig<\/h3>\n<p>Der GHP-Kanalventilator wird mit einem 1 Meter langen Kabel geliefert. Mit seinem wettbewerbsf\u00e4higen Preis-\/Leistungsverh\u00e4ltnis ist er eine ausgezeichnete Wahl f\u00fcr Einsteiger. Investieren Sie jetzt in den ProFan TT 150mm Ventilator von Garden Highpro und erleben Sie den Unterschied, den er f\u00fcr die Entwicklung Ihrer Pflanzen und die Steigerung Ihrer Ertr\u00e4ge machen kann. Erleben Sie die Qualit\u00e4t unseres Produkts aus erster Hand und bestellen Sie jetzt! <\/p>\n<h3>Produktinformation<\/h3>\n<p>Anschluss: 150mm Flansch Motor: 100% Kupferkugellager Drehzahl 1: 30W, 405m\u00b3\/h Drehzahl 2: 60W, 520m3\/h Spannung: 210-220V 60\/50Hz Steckerkabell\u00e4nge: 1 Meter<\/p>\n<h3>Paket beinhaltet<\/h3>\n<p>Grow Fan PROFAN 150mm: The ProFan TT by Garden Highpro<\/p>\n<figure id=\"attachment_3344\" aria-describedby=\"caption-attachment-3344\" style=\"width: 300px\" class=\"wp-caption alignnone\"><img fetchpriority=\"high\" decoding=\"async\" class=\"size-medium wp-image-3344\" src=\"https:\/\/growerssupply.eu\/wp-content\/uploads\/2024\/02\/Gardenhighpro-FAN-100-mm-specs-300x300.jpg\" alt=\"Gardenhighpro-PROFAN-150-mm-specs\" width=\"300\" height=\"300\" title=\"\"><figcaption id=\"caption-attachment-3344\" class=\"wp-caption-text\">Gardenhighpro-FAN-150-mm-specs<\/figcaption><\/figure>\n","protected":false},"excerpt":{"rendered":"<ul>\n<li>Abluft-L\u00fcfter mit 150-mm-Anschl\u00fcssen<\/li>\n<li>Gutes Preis-Leistungs-Verh\u00e4ltnis<\/li>\n<li>2 Geschwindigkeitsstufen:(30 Watt: 405m\u00b3\/h&#8217;| 60 Watt: 520m\u00b3\/h)<\/li>\n<\/ul>\n","protected":false},"featured_media":5194,"comment_status":"open","ping_status":"closed","template":"","meta":[],"product_brand":[],"product_cat":[405,406,409],"product_tag":[426,621],"class_list":{"0":"post-6910","1":"product","2":"type-product","3":"status-publish","4":"has-post-thumbnail","6":"product_cat-belueftung-luftregulierung","7":"product_cat-abluft-umluft","8":"product_cat-garden-highpro","9":"product_tag-fan-de","10":"product_tag-absaugung","12":"first","13":"outofstock","14":"taxable","15":"shipping-taxable","16":"purchasable","17":"product-type-simple"},"jetpack_sharing_enabled":true,"_links":{"self":[{"href":"https:\/\/growerssupply.eu\/de\/wp-json\/wp\/v2\/product\/6910","targetHints":{"allow":["GET"]}}],"collection":[{"href":"https:\/\/growerssupply.eu\/de\/wp-json\/wp\/v2\/product"}],"about":[{"href":"https:\/\/growerssupply.eu\/de\/wp-json\/wp\/v2\/types\/product"}],"replies":[{"embeddable":true,"href":"https:\/\/growerssupply.eu\/de\/wp-json\/wp\/v2\/comments?post=6910"}],"wp:featuredmedia":[{"embeddable":true,"href":"https:\/\/growerssupply.eu\/de\/wp-json\/wp\/v2\/media\/5194"}],"wp:attachment":[{"href":"https:\/\/growerssupply.eu\/de\/wp-json\/wp\/v2\/media?parent=6910"}],"wp:term":[{"taxonomy":"product_brand","embeddable":true,"href":"https:\/\/growerssupply.eu\/de\/wp-json\/wp\/v2\/product_brand?post=6910"},{"taxonomy":"product_cat","embeddable":true,"href":"https:\/\/growerssupply.eu\/de\/wp-json\/wp\/v2\/product_cat?post=6910"},{"taxonomy":"product_tag","embeddable":true,"href":"https:\/\/growerssupply.eu\/de\/wp-json\/wp\/v2\/product_tag?post=6910"}],"curies":[{"name":"wp","href":"https:\/\/api.w.org\/{rel}","templated":true}]}}