{"id":6911,"date":"2024-02-24T18:21:52","date_gmt":"2024-02-24T17:21:52","guid":{"rendered":"https:\/\/growerssupply.eu\/product\/ghp-profan-100mm-abluft-187-m%c2%b3-h-garden-highpro\/"},"modified":"2025-11-01T00:39:15","modified_gmt":"2025-10-31T23:39:15","slug":"ghp-profan-100mm-abluft-187-m%c2%b3-h-garden-highpro","status":"publish","type":"product","link":"https:\/\/growerssupply.eu\/de\/produkt\/ghp-profan-100mm-abluft-187-m%c2%b3-h-garden-highpro\/","title":{"rendered":"GHP PROFAN 100mm | Abluft | 187 m\u00b3\/h | Garden HighPro"},"content":{"rendered":"<h2>Abluft-Ventilator 100mm: Der ProFan TT von Garden Highpro mit zwei Geschwindigkeitsstufen<\/h2>\n<p>Der Grow Ventilator 100mm ProFan TT von Garden Highpro ist der perfekte Begleiter f\u00fcr Ihr Indoor-Growing-Erlebnis. Mit zwei Geschwindigkeitsstufen, die leicht \u00fcber einen Kippschalter gesteuert werden k\u00f6nnen, und einem kugelgelagerten Motor aus 100% Kupfer bietet er mehr Effizienz und eine l\u00e4ngere Lebensdauer. <strong>Einfache Reinigung<\/strong><br \/>\nDas Geh\u00e4use des 100-mm-Ventilators l\u00e4sst sich zur Reinigung und Wartung leicht \u00f6ffnen, so dass er in optimalem Zustand bleibt und Spitzenleistungen erbringt. <strong>Erschwinglich und leistungsf\u00e4hig<\/strong><br \/>\nDer GHP-Kanalventilator wird mit einer Kabell\u00e4nge von 1 Meter geliefert. Mit seinem erschwinglichen Preis-Leistungs-Verh\u00e4ltnis ist er ein gro\u00dfartiger L\u00fcfter f\u00fcr Einsteiger in den Anbau. Investieren Sie jetzt in den 100mm ProFan TT-Ventilator von Garden Highpro und erleben Sie den Unterschied, den er f\u00fcr Ihre Pflanzenentwicklung und h\u00f6here Ertr\u00e4ge machen kann. \u00dcberzeugen Sie sich selbst von der Qualit\u00e4t unseres Produktes und bestellen Sie jetzt!<\/p>\n<h3>Produktinformation<\/h3>\n<ul>\n<li>Anschluss: 100mm Flansch<\/li>\n<li>Motor: 100% Kupferkugellager<\/li>\n<li>Level 1: 21W, 145m\u00b3\/h<\/li>\n<li>Level 2: 33W, 187m\u00b3\/h<\/li>\n<li>Spannung: 210-220V 60\/50Hz<\/li>\n<li>L\u00e4nge des Steckerkabels: 1 Meter<\/li>\n<\/ul>\n<h3>Inhalt des Pakets<\/h3>\n<ul>\n<li>Abluftventilator 100mm: Der ProFan TT von Garden Highpro<\/li>\n<\/ul>\n","protected":false},"excerpt":{"rendered":"<ul>\n<li>grow fan mit 100 mm Anschhluss<\/li>\n<li>gutes Preis-\/Leistungsverh\u00e4ltnis<\/li>\n<li>2 Geschwindigkeitsstufen: 21 Watt (145m\u00b3\/h) und 33 Watt (187 m\u00b3\/h)<\/li>\n<\/ul>\n","protected":false},"featured_media":5194,"comment_status":"closed","ping_status":"closed","template":"","meta":[],"product_brand":[663],"product_cat":[405,406,409],"product_tag":[465],"class_list":{"0":"post-6911","1":"product","2":"type-product","3":"status-publish","4":"has-post-thumbnail","6":"product_brand-gardenhighpro","7":"product_cat-belueftung-luftregulierung","8":"product_cat-abluft-umluft","9":"product_cat-garden-highpro","10":"product_tag-garten-highpro","12":"first","13":"outofstock","14":"taxable","15":"shipping-taxable","16":"purchasable","17":"product-type-simple"},"jetpack_sharing_enabled":true,"_links":{"self":[{"href":"https:\/\/growerssupply.eu\/de\/wp-json\/wp\/v2\/product\/6911","targetHints":{"allow":["GET"]}}],"collection":[{"href":"https:\/\/growerssupply.eu\/de\/wp-json\/wp\/v2\/product"}],"about":[{"href":"https:\/\/growerssupply.eu\/de\/wp-json\/wp\/v2\/types\/product"}],"replies":[{"embeddable":true,"href":"https:\/\/growerssupply.eu\/de\/wp-json\/wp\/v2\/comments?post=6911"}],"wp:featuredmedia":[{"embeddable":true,"href":"https:\/\/growerssupply.eu\/de\/wp-json\/wp\/v2\/media\/5194"}],"wp:attachment":[{"href":"https:\/\/growerssupply.eu\/de\/wp-json\/wp\/v2\/media?parent=6911"}],"wp:term":[{"taxonomy":"product_brand","embeddable":true,"href":"https:\/\/growerssupply.eu\/de\/wp-json\/wp\/v2\/product_brand?post=6911"},{"taxonomy":"product_cat","embeddable":true,"href":"https:\/\/growerssupply.eu\/de\/wp-json\/wp\/v2\/product_cat?post=6911"},{"taxonomy":"product_tag","embeddable":true,"href":"https:\/\/growerssupply.eu\/de\/wp-json\/wp\/v2\/product_tag?post=6911"}],"curies":[{"name":"wp","href":"https:\/\/api.w.org\/{rel}","templated":true}]}}