{"id":6913,"date":"2024-03-06T11:40:34","date_gmt":"2024-03-06T10:40:34","guid":{"rendered":"https:\/\/growerssupply.eu\/product\/finalpart-5l-duenger-final-bluete-5l-terra-aquatica\/"},"modified":"2024-03-06T11:40:34","modified_gmt":"2024-03-06T10:40:34","slug":"finalpart-5l-duenger-final-bluete-5l-terra-aquatica","status":"publish","type":"product","link":"https:\/\/growerssupply.eu\/de\/produkt\/finalpart-5l-duenger-final-bluete-5l-terra-aquatica\/","title":{"rendered":"Finalpart 5L | D\u00fcnger Final Bl\u00fcte | 5l | Terra aquatica"},"content":{"rendered":"<h2>Finalpart 5L: Speziald\u00fcnger f\u00fcr die letzten Bl\u00fctewochen von Terra aquatica<\/h2>\n<p>Als branchenweit anerkannte L\u00f6sung ist <strong>Finalpart <\/strong> eine erfolgreiche Ernte f\u00fcr einen guten Grund f\u00fcr eine erfolgreiche Ernte! Finalpart ist ein vollwertiger Bl\u00fctenbooster, der die Pflanzen ohne weitere Zus\u00e4tze in der Endbl\u00fcte n\u00e4hrt und stimuliert. F\u00f6rdert die Bl\u00fctenbildung und erh\u00f6ht den Wirkstoffgehalt und reduziert D\u00fcnger\u00fcbersch\u00fcsse. Finalpart erscheint dreimal:<\/p>\n<ul>\n<li>Er signalisiert der Pflanze, dass sie ihr Lebensende erreicht hat und l\u00f6st damit eine Beschleunigung des Reifeprozesses aus.<\/li>\n<li>Es regt die Pflanze an, ihre eigenen Abwehrkr\u00e4fte zu st\u00e4rken und die Produktion von \u00e4therischen \u00d6len und Wirkstoffen zu erh\u00f6hen.<\/li>\n<li>Es liefert den Pflanzen alle ben\u00f6tigten Mineralien in einer leicht verwertbaren Form, unterst\u00fctzt den Abbau m\u00f6glicher Nitrat- oder Spurenelementansammlungen und verbessert so den Geschmack.<\/li>\n<li>Als Stimulans kann Finalpart jederzeit zur Steuerung oder Unterst\u00fctzung des Reifungsprozesses sowie am Ende der Bl\u00fcte- und Fruchtbildungsphase zur Ertragssteigerung oder Verbesserung einj\u00e4hriger Bl\u00fcten und Fr\u00fcchte eingesetzt werden.<\/li>\n<\/ul>\n<p>Im Freilandgarten bietet Finalpart die M\u00f6glichkeit, die Ernte vorzuziehen, um Verluste durch feucht-kaltes Wetter zu vermeiden, und sorgt daf\u00fcr, dass sich Pflanzen oder Sorten langsamer entwickelt haben. Bei starkem Pilz- oder Insektenbefall k\u00f6nnen die Finalparts zur Schadensbegrenzung beitragen, indem sie den nat\u00fcrlichen Zyklus beschleunigen, damit die Ernte nicht komplett verloren geht.<\/p>\n<h3>Anwendung von Finalpart<\/h3>\n<ul>\n<li>Hydroponik: Ersetzen Sie die verbrauchte N\u00e4hrl\u00f6sung durch pH-korrigiertes Wasser und f\u00fcgen Sie 5 ml Endbestandteil pro Liter hinzu, wobei Sie Ihren bisherigen EC-Wert (bis 2,6) zugrunde legen. Gut mischen. Lassen Sie das System etwa 10 Tage lang laufen und schalten Sie dann auf Flash Clean um, um Ihre bevorstehende Ernte zu optimieren.  <\/li>\n<li>Anbau in Erde: Mischen Sie bis zu 4 ml Endteil pro Liter pH-korrigiertem Wasser, um den vorherigen EC (bis zu 2,0) zu erreichen oder leicht zu \u00fcberschreiten. Anwenden, bis die Bl\u00e4tter gelb oder die Reifung ist optimal. Dies kann zwischen 10 und 20 Tagen dauern. Ende mit Flash sauber oder Ernte direkt.   <\/li>\n<li>Professionelle Z\u00fcchter verwenden den letzten Teil, um die Wirkstoffkonzentration zu erh\u00f6hen oder das Aufplatzen der Fr\u00fcchte vor der Ernte zu reduzieren: Ziel EC 2,6 in Hydro und Ziel EC 2,0 in Erde.<\/li>\n<\/ul>\n<h3>Finalpart ist geeignet f\u00fcr<\/h3>\n<ul>\n<li> <strong>nach der Anwendung<\/strong> von Terra aquatica D\u00fcnger oder D\u00fcnger anderer Marken: Finalpart niemals gleichzeitig mit einem anderen D\u00fcnger geben!<\/li>\n<li>Flashclean bringt das Potenzial von Finalpart zur vollen Entfaltung. Wenn Stickstoff oder andere Salze aus dem Substrat ausgesp\u00fclt wurden, mobilisiert Finalpart das Nitrat effizienter und verbessert den Geschmack des Endprodukts. Zum Schluss geben Sie FlashClean f\u00fcr 2 Tage zum Sp\u00fclen mit Wasser f\u00fcr 10 Tage. Die Erwerbslandwirte auf der ganzen Welt tun dies und sparen auf diese Weise ganze 8 Tage ein!   <\/li>\n<\/ul>\n<h3>Lieferumfang<\/h3>\n<ul>\n<li>1x final part 5l<\/li>\n<\/ul>\n","protected":false},"excerpt":{"rendered":"<ul>\n<li>Besondere D\u00fcngemittel von Terra Aquatica<\/li>\n<li>Endblumend\u00fcnger mit stimulierender Wirkung<\/li>\n<li>Anwendung: Erde, Kokos &amp; Hydro<\/li>\n<\/ul>\n","protected":false},"featured_media":6192,"comment_status":"closed","ping_status":"closed","template":"","meta":[],"product_brand":[],"product_cat":[442,444],"product_tag":[510],"class_list":{"0":"post-6913","1":"product","2":"type-product","3":"status-publish","4":"has-post-thumbnail","6":"product_cat-terra-aquatica-ghe-de","7":"product_cat-terra-aquatica-de","8":"product_tag-terra-aquatica-ghe-de","10":"first","11":"outofstock","12":"taxable","13":"shipping-taxable","14":"purchasable","15":"product-type-simple"},"jetpack_sharing_enabled":true,"_links":{"self":[{"href":"https:\/\/growerssupply.eu\/de\/wp-json\/wp\/v2\/product\/6913","targetHints":{"allow":["GET"]}}],"collection":[{"href":"https:\/\/growerssupply.eu\/de\/wp-json\/wp\/v2\/product"}],"about":[{"href":"https:\/\/growerssupply.eu\/de\/wp-json\/wp\/v2\/types\/product"}],"replies":[{"embeddable":true,"href":"https:\/\/growerssupply.eu\/de\/wp-json\/wp\/v2\/comments?post=6913"}],"wp:featuredmedia":[{"embeddable":true,"href":"https:\/\/growerssupply.eu\/de\/wp-json\/wp\/v2\/media\/6192"}],"wp:attachment":[{"href":"https:\/\/growerssupply.eu\/de\/wp-json\/wp\/v2\/media?parent=6913"}],"wp:term":[{"taxonomy":"product_brand","embeddable":true,"href":"https:\/\/growerssupply.eu\/de\/wp-json\/wp\/v2\/product_brand?post=6913"},{"taxonomy":"product_cat","embeddable":true,"href":"https:\/\/growerssupply.eu\/de\/wp-json\/wp\/v2\/product_cat?post=6913"},{"taxonomy":"product_tag","embeddable":true,"href":"https:\/\/growerssupply.eu\/de\/wp-json\/wp\/v2\/product_tag?post=6913"}],"curies":[{"name":"wp","href":"https:\/\/api.w.org\/{rel}","templated":true}]}}