{"id":6918,"date":"2024-02-29T16:57:42","date_gmt":"2024-02-29T15:57:42","guid":{"rendered":"https:\/\/growerssupply.eu\/product\/revolution-silenced-150-ec-v2-abluft-o-150mm-764-m%c2%b3-h\/"},"modified":"2024-02-29T16:57:42","modified_gmt":"2024-02-29T15:57:42","slug":"revolution-silenced-150-ec-v2-abluft-o-150mm-764-m%c2%b3-h","status":"publish","type":"product","link":"https:\/\/growerssupply.eu\/de\/produkt\/revolution-silenced-150-ec-v2-abluft-o-150mm-764-m%c2%b3-h\/","title":{"rendered":"Revolution Silenced 150 EC V2 | Abluft | \u00d8 150mm | 764 m\u00b3\/h"},"content":{"rendered":"<h2>schallged\u00e4mmten EC-Ventilator: Der Revolution Silenced 150ec mit 764 m\u00b3\/h<\/h2>\n<p>Wenn Sie einen leisen und leistungsstarken Abluftventilator f\u00fcr kleine und mittlere Growboxen suchen, ist der Revolution Silenced 150EC EC-Ventilator mit einem maximalen Luftvolumenstrom von 764 m\u00b3\/h eine gute Wahl. Dieser Abluftventilator bietet exzellente Leistung und beeindruckende Energieeffizienz, um optimal und ger\u00e4uscharm mit Frischluft zu arbeiten.<\/p>\n<h3>Eigenschaften der Revolution Silenced 150ec<\/h3>\n<ul>\n<li>Maximaler Luftdurchsatz von 764 m\u00b3\/h und 6<strong>55 m\u00b3\/h mit Aktivkohlefilter.<\/strong><\/li>\n<li>verbraucht nur <strong>80 Watt.<\/strong><\/li>\n<li>Zwei Flanschverbindungen mit einem <strong>Durchmesser von 150 mm.<\/strong><\/li>\n<li>mit <strong>&#8222;sound dimension technology&#8220;<\/strong> zur Ger\u00e4uschreduzierung<\/li>\n<li>Gewicht: 3,3 kg<\/li>\n<\/ul>\n<h2>Perfektes Mikroklima in Ihrer Growbox<\/h2>\n<p>Die Kontrolle des Mikroklimas in der Growbox ist eine der gr\u00f6\u00dften Herausforderungen beim Heimanbau. Hohe Temperaturen und Feuchtigkeit m\u00fcssen st\u00e4ndig abgef\u00fchrt werden, um das Klima f\u00fcr Ihre Pflanzen Stabiel zu halten. Au\u00dferdem kann der Geruch einiger Pflanzen w\u00e4hrend der Bl\u00fctezeit intensiv werden. Der Revolution Silenced 150ec sorgt f\u00fcr eine konstante Luftzirkulation und frische Luft in Ihrer Growbox.<\/p>\n<h2>Vorteile der Revolution Silenced 150ec<\/h2>\n<p>Dieser in Deutschland hergestellte EC-Ventilator bietet eine Reihe von Eigenschaften, die f\u00fcr die Abluft vorteilhaft sind:<\/p>\n<h3>Hochwertige Konstruktion<\/h3>\n<p>Der Revolution Silenced 150ec Ventilator besteht aus einem robusten und widerstandsf\u00e4higen Stahlgeh\u00e4use, das perfekt f\u00fcr feuchte Arbeitsumgebungen geeignet ist.<\/p>\n<h3>leistungsstarke Technologie<\/h3>\n<p>Mit einem hocheffizienten Au\u00dfenl\u00e4ufermotor und str\u00f6mungsoptimierten R\u00e4dern bietet der Ventilator maximale Leistung bei minimalem Energieverbrauch.<\/p>\n<h3>ger\u00e4uscharm<\/h3>\n<p>Die innovative Schallabsorptionstechnologie sorgt daf\u00fcr, dass der Revolution Silenced 150ec L\u00fcfter leise l\u00e4uft, ohne dass die Leistung beeintr\u00e4chtigt wird.<\/p>\n<h3>effiziente Leistung<\/h3>\n<p>Mit seiner hohen Leistung und Energieeffizienz sorgt der Revolution Silenced 150EC Ventilator f\u00fcr eine effektive und kostensparende Klimakontrolle in Ihrer Growbox.<\/p>\n<p>&nbsp;<\/p>\n<p>&nbsp;<\/p>\n<hr>\n<p>&nbsp;<\/p>\n<h2>FAQ<\/h2>\n<h3>Wie kann der Revolution EC Fanilator Silenced V2 Vektor helfen, mein Einkommen zu verbessern?<\/h3>\n<p>Mit seinem hohen Luftstrom und seiner Energieeffizienz sorgt der Ventilator f\u00fcr optimale Wachstumsbedingungen in Ihrer Growbox. Eine kontinuierliche Frischluftzufuhr ist f\u00fcr das Wachstum und die Gesundheit Ihrer Pflanzen unerl\u00e4sslich und kann dazu beitragen, Ihre Ertr\u00e4ge zu steigern. <\/p>\n<h3>Wie kann ich den Luftstrom meines revolution EC-Ventilators steuern?<\/h3>\n<p>Der Revolution EC-Ventilator kann \u00fcber verschiedene EC-Controller gesteuert werden.<\/p>\n","protected":false},"excerpt":{"rendered":"<ul>\n<li>max. Luftvolumenstrom: 764 m\u00b3\/h (mit Filter 655 m\u00b3\/h)<\/li>\n<li>Flanschdurchmesser: 150 mm<\/li>\n<li>Revolution Silenced V2 &#8211; ger\u00e4uschreduzierter Abluftventilator mit EC-Motor<\/li>\n<li>Innovatives, schallschluckendes Geh\u00e4use<\/li>\n<li>Leichtgewicht mit beiliegendem IEC-Kabel &amp; amp; Montageb\u00fcgel<\/li>\n<\/ul>\n","protected":false},"featured_media":5358,"comment_status":"closed","ping_status":"closed","template":"","meta":[],"product_brand":[],"product_cat":[405,406,408],"product_tag":[410],"class_list":{"0":"post-6918","1":"product","2":"type-product","3":"status-publish","4":"has-post-thumbnail","6":"product_cat-belueftung-luftregulierung","7":"product_cat-abluft-umluft","8":"product_cat-systemair","9":"product_tag-systemluft","11":"first","12":"outofstock","13":"taxable","14":"shipping-taxable","15":"purchasable","16":"product-type-simple"},"jetpack_sharing_enabled":true,"_links":{"self":[{"href":"https:\/\/growerssupply.eu\/de\/wp-json\/wp\/v2\/product\/6918","targetHints":{"allow":["GET"]}}],"collection":[{"href":"https:\/\/growerssupply.eu\/de\/wp-json\/wp\/v2\/product"}],"about":[{"href":"https:\/\/growerssupply.eu\/de\/wp-json\/wp\/v2\/types\/product"}],"replies":[{"embeddable":true,"href":"https:\/\/growerssupply.eu\/de\/wp-json\/wp\/v2\/comments?post=6918"}],"wp:featuredmedia":[{"embeddable":true,"href":"https:\/\/growerssupply.eu\/de\/wp-json\/wp\/v2\/media\/5358"}],"wp:attachment":[{"href":"https:\/\/growerssupply.eu\/de\/wp-json\/wp\/v2\/media?parent=6918"}],"wp:term":[{"taxonomy":"product_brand","embeddable":true,"href":"https:\/\/growerssupply.eu\/de\/wp-json\/wp\/v2\/product_brand?post=6918"},{"taxonomy":"product_cat","embeddable":true,"href":"https:\/\/growerssupply.eu\/de\/wp-json\/wp\/v2\/product_cat?post=6918"},{"taxonomy":"product_tag","embeddable":true,"href":"https:\/\/growerssupply.eu\/de\/wp-json\/wp\/v2\/product_tag?post=6918"}],"curies":[{"name":"wp","href":"https:\/\/api.w.org\/{rel}","templated":true}]}}