{"id":6936,"date":"2024-02-27T11:44:06","date_gmt":"2024-02-27T10:44:06","guid":{"rendered":"https:\/\/growerssupply.eu\/product\/ghp-growbox-basic-100-grow-zelt-100x100x200cm-gardenhighpro\/"},"modified":"2024-02-27T11:44:06","modified_gmt":"2024-02-27T10:44:06","slug":"ghp-growbox-basic-100-grow-zelt-100x100x200cm-gardenhighpro","status":"publish","type":"product","link":"https:\/\/growerssupply.eu\/de\/produkt\/ghp-growbox-basic-100-grow-zelt-100x100x200cm-gardenhighpro\/","title":{"rendered":"GHP Growbox Basic 100 | Grow-Zelt | 100x100x200cm | GardenHighPro"},"content":{"rendered":"<h2>Garten Highpro Probox Basic 100 Grow-Zelt<\/h2>\n<p><strong>Das Multitalent f\u00fcr alle!<\/strong><\/p>\n<p>Die GHP Probox Basic 100 ist eine robuste und langlebige Growbox, die bis zu <strong>28 kg an Zubeh\u00f6r<\/strong> aufnehmen kann. Sie ist mit hochwertigem Mylar ausgestattet, das bis zu 9<strong>7 % des Lichts reflektiert. <\/strong> Das Grow-Zelt verf\u00fcgt \u00fcber <strong>lichtdichte Rei\u00dfverschl\u00fcsse<\/strong>, so dass Sie die Lichtmenge, die Ihre Pflanzen erhalten, steuern k\u00f6nnen. Aufgrund seiner Gr\u00f6\u00dfe von <strong>100 x 100 x 200 cm <\/strong> ist dieses Pflanzenzelt am besten mit <strong>LED-Lampen f\u00fcr mittelgro\u00dfe Zuchtzelte zu beleuchten<\/strong>. Um Ihnen die Entscheidung weiter zu erleichtern, haben wir alle relevanten Produktinformationen und den Lieferumfang aufgelistet. Wir sind bestrebt, Ihre Bestellung so schnell wie m\u00f6glich zu bearbeiten und an Sie zu liefern.  <\/p>\n<p>  So k\u00f6nnen Sie endlich loslegen! Wenn Sie Fragen haben, k\u00f6nnen Sie sich gerne an uns wenden. <strong>Wir sind Ihnen gerne behilflich.<\/strong><\/p>\n<h3>Produktinformation<\/h3>\n<ul>\n<li>Zusammengebaute Gr\u00f6\u00dfe: 100 x 100 x 200 cm<\/li>\n<li>Anbaufl\u00e4che: 1 m\u00b2<\/li>\n<li>Empfohlene Beleuchtung: 400 Watt<\/li>\n<li>Robuste und lichtbest\u00e4ndige Materialien<\/li>\n<li>Material: 420D Nylon (Reflexion: 97%)<\/li>\n<li>Lichtdichte Rei\u00dfverschl\u00fcsse<\/li>\n<li>Maximale Tragf\u00e4higkeit: 28 kg<\/li>\n<\/ul>\n<h3>Inhalt des Pakets<\/h3>\n<ul>\n<li>GHP Probox Basic 100<\/li>\n<\/ul>\n","protected":false},"excerpt":{"rendered":"<p>Geeignet f\u00fcr Wachstum und Bl\u00fcte &#8211; Gr\u00f6\u00dfe montiert: 100 x 100 x 200 cm &#8211; Anbaufl\u00e4che: 1 m\u00b2<\/p>\n","protected":false},"featured_media":5440,"comment_status":"closed","ping_status":"closed","template":"","meta":[],"product_brand":[],"product_cat":[409,455],"product_tag":[634,635,636,465],"class_list":{"0":"post-6936","1":"product","2":"type-product","3":"status-publish","4":"has-post-thumbnail","6":"product_cat-garden-highpro","7":"product_cat-garten-highpro-de","8":"product_tag-probox-de","9":"product_tag-grow-box-de","10":"product_tag-ghp-de","11":"product_tag-garten-highpro","13":"first","14":"outofstock","15":"taxable","16":"shipping-taxable","17":"purchasable","18":"product-type-simple"},"jetpack_sharing_enabled":true,"_links":{"self":[{"href":"https:\/\/growerssupply.eu\/de\/wp-json\/wp\/v2\/product\/6936","targetHints":{"allow":["GET"]}}],"collection":[{"href":"https:\/\/growerssupply.eu\/de\/wp-json\/wp\/v2\/product"}],"about":[{"href":"https:\/\/growerssupply.eu\/de\/wp-json\/wp\/v2\/types\/product"}],"replies":[{"embeddable":true,"href":"https:\/\/growerssupply.eu\/de\/wp-json\/wp\/v2\/comments?post=6936"}],"wp:featuredmedia":[{"embeddable":true,"href":"https:\/\/growerssupply.eu\/de\/wp-json\/wp\/v2\/media\/5440"}],"wp:attachment":[{"href":"https:\/\/growerssupply.eu\/de\/wp-json\/wp\/v2\/media?parent=6936"}],"wp:term":[{"taxonomy":"product_brand","embeddable":true,"href":"https:\/\/growerssupply.eu\/de\/wp-json\/wp\/v2\/product_brand?post=6936"},{"taxonomy":"product_cat","embeddable":true,"href":"https:\/\/growerssupply.eu\/de\/wp-json\/wp\/v2\/product_cat?post=6936"},{"taxonomy":"product_tag","embeddable":true,"href":"https:\/\/growerssupply.eu\/de\/wp-json\/wp\/v2\/product_tag?post=6936"}],"curies":[{"name":"wp","href":"https:\/\/api.w.org\/{rel}","templated":true}]}}