{"id":6937,"date":"2024-02-27T11:44:17","date_gmt":"2024-02-27T10:44:17","guid":{"rendered":"https:\/\/growerssupply.eu\/product\/ghp-growbox-ecopro-120l-growzelt-gardenhighpro-120x60x160cm\/"},"modified":"2024-02-27T11:44:17","modified_gmt":"2024-02-27T10:44:17","slug":"ghp-growbox-ecopro-120l-growzelt-gardenhighpro-120x60x160cm","status":"publish","type":"product","link":"https:\/\/growerssupply.eu\/de\/produkt\/ghp-growbox-ecopro-120l-growzelt-gardenhighpro-120x60x160cm\/","title":{"rendered":"GHP Growbox EcoPro 120L | Growzelt | GardenHighPro | 120x60x160cm"},"content":{"rendered":"<h2>Growbox: EcoPro 120l von Garden HighPro<\/h2>\n<p> <strong>Die ideale Growbox f\u00fcr Anf\u00e4nger und Profis<\/strong><br \/>\n M\u00f6chten Sie das ganze Jahr \u00fcber Pflanzen in Ihrem eigenen kleinen Indoor-Garten anbauen? Die Growbox EcoPro 120l von Garden Highpro bietet Ihnen alles, was Sie f\u00fcr ein erfolgreiches kleines Indoor-Grow-Projekt ben\u00f6tigen. Mit einer Gr\u00f6\u00dfe von 120x60x160cm ist sie ideal f\u00fcr 1 bis 6 Pflanzen f\u00fcr den pers\u00f6nlichen Gebrauch. Die Innenbeschichtung des EcoPro 120L besteht aus hochwertigem MyLar, das beeindruckende 97% des Lichts reflektiert. So stellen Sie sicher, dass jede Pflanze in der Deier Growbox, ob am Rand oder in der Mitte, gen\u00fcgend Licht bekommt. Das Au\u00dfengewebe aus schwarzem Nylon 420d sorgt nicht nur f\u00fcr einen coolen Look, sondern ist auch extrem widerstandsf\u00e4hig.  <\/p>\n<h2>Produktinformation im \u00dcberblick<\/h2>\n<ul>\n<li>Gr\u00f6\u00dfe (montiert): 120x60x160cm<\/li>\n<li>Anbaufl\u00e4che: 0.72 m\u00b2<\/li>\n<li>Reflexionsgrad des Mylars: 97 %.<\/li>\n<li>Material: Widerstandsf\u00e4higes Nylon 420d<\/li>\n<li>Maximale Belastbarkeit: 23 kg<\/li>\n<li>Struktur: stabile 16mm St\u00e4be<\/li>\n<li>\u00d6ffnungen f\u00fcr Zuluft, Abluft und Kabel<\/li>\n<\/ul>\n<h3>Ihre Pflanzen beobachten, ohne sie zu st\u00f6ren<\/h3>\n<p>Dank des praktischen Sichtfensters an der Vorderseite der Growbox k\u00f6nnen Sie jederzeit einen Blick auf Ihre Pflanzen werfen, ohne das Innenklima zu beeinflussen. So bleiben Sie immer gut informiert \u00fcber den Zustand Ihrer gr\u00fcnen Lieblinge. <\/p>\n<h3>einfache Struktur und hohe Stabilit\u00e4t<\/h3>\n<p>Sie m\u00fcssen kein Handwerker sein, um die EcoPro 120l aufzubauen. Diese Growbox kann von einer Person innerhalb weniger Minuten und ohne zus\u00e4tzliches Werkzeug aufgebaut werden. Und trotz des einfachen Aufbaus ist sie robust: Der Rahmen kann ein Gewicht von bis zu 23 kg tragen.  <\/p>\n<p><strong> Lieferumfang <\/strong><\/p>\n<ul>\n<li>1x Growbox EcoPro 120l von Garden HighPro<\/li>\n<\/ul>\n","protected":false},"excerpt":{"rendered":"<h3><em>Growbox f\u00fcr 3 Pflanzen<\/em><\/h3>\n<ul>\n<li> <strong>97% Lichtreflexion:<\/strong> maximale Lichtausbeute durch spezielle MyLAR-Innenbeschichtung.<\/li>\n<li> <strong>robustes Material:<\/strong> langlebiges und widerstandsf\u00e4higes Nylon 420d.<\/li>\n<li> <strong>23 kg Tragf\u00e4higkei<\/strong>t: starke 16-mm-St\u00e4be f\u00fcr schwere Ger\u00e4te.<\/li>\n<li> <strong>Optimale Luftzirkulation:<\/strong> \u00d6ffnungen f\u00fcr Zuluft und Abluft.<\/li>\n<li> <strong>Ansichtsfenster:<\/strong> Hier k\u00f6nnen Sie sich die Pflanzen ansehen.<\/li>\n<\/ul>\n<p><em> Die Growbox hat die Abmessungen: 120x60x160cm <\/em><\/p>\n","protected":false},"featured_media":5438,"comment_status":"closed","ping_status":"closed","template":"","meta":[],"product_brand":[],"product_cat":[409,455],"product_tag":[465],"class_list":{"0":"post-6937","1":"product","2":"type-product","3":"status-publish","4":"has-post-thumbnail","6":"product_cat-garden-highpro","7":"product_cat-garten-highpro-de","8":"product_tag-garten-highpro","10":"first","11":"outofstock","12":"taxable","13":"shipping-taxable","14":"purchasable","15":"product-type-simple"},"jetpack_sharing_enabled":true,"_links":{"self":[{"href":"https:\/\/growerssupply.eu\/de\/wp-json\/wp\/v2\/product\/6937","targetHints":{"allow":["GET"]}}],"collection":[{"href":"https:\/\/growerssupply.eu\/de\/wp-json\/wp\/v2\/product"}],"about":[{"href":"https:\/\/growerssupply.eu\/de\/wp-json\/wp\/v2\/types\/product"}],"replies":[{"embeddable":true,"href":"https:\/\/growerssupply.eu\/de\/wp-json\/wp\/v2\/comments?post=6937"}],"wp:featuredmedia":[{"embeddable":true,"href":"https:\/\/growerssupply.eu\/de\/wp-json\/wp\/v2\/media\/5438"}],"wp:attachment":[{"href":"https:\/\/growerssupply.eu\/de\/wp-json\/wp\/v2\/media?parent=6937"}],"wp:term":[{"taxonomy":"product_brand","embeddable":true,"href":"https:\/\/growerssupply.eu\/de\/wp-json\/wp\/v2\/product_brand?post=6937"},{"taxonomy":"product_cat","embeddable":true,"href":"https:\/\/growerssupply.eu\/de\/wp-json\/wp\/v2\/product_cat?post=6937"},{"taxonomy":"product_tag","embeddable":true,"href":"https:\/\/growerssupply.eu\/de\/wp-json\/wp\/v2\/product_tag?post=6937"}],"curies":[{"name":"wp","href":"https:\/\/api.w.org\/{rel}","templated":true}]}}