{"id":6938,"date":"2024-02-27T11:44:06","date_gmt":"2024-02-27T10:44:06","guid":{"rendered":"https:\/\/growerssupply.eu\/product\/ghp-growbox-basic-60-growzelt-60x60x160cm-gardenhighpro\/"},"modified":"2024-02-27T11:44:06","modified_gmt":"2024-02-27T10:44:06","slug":"ghp-growbox-basic-60-growzelt-60x60x160cm-gardenhighpro","status":"publish","type":"product","link":"https:\/\/growerssupply.eu\/de\/produkt\/ghp-growbox-basic-60-growzelt-60x60x160cm-gardenhighpro\/","title":{"rendered":"GHP Growbox Basic 60 | Growzelt | 60x60x160cm | GardenHighPro"},"content":{"rendered":"<h2>Garden Highpro Probox Basic 60<\/h2>\n<p>Suchen Sie ein erschwingliches Zelt f\u00fcr Ihre Mutterpflanze? Dann ist die Probox Basic 60 die perfekte Growbox f\u00fcr Sie! Dieses professionelle Pflanzenzelt wurde entwickelt, um alle Ihre Pflanzenbed\u00fcrfnisse zu erf\u00fcllen. Es ist mit <strong>420D Nylon<\/strong> ausgestattet, das bis zu <strong>97% des Lichts reflektiert<\/strong>, und verf\u00fcgt \u00fcber <strong>lichtdichte Rei\u00dfverschl\u00fcsse.<\/strong> Die <strong>Belastbarkeit<\/strong> f\u00fcr Ihr Grow-Zubeh\u00f6r betr\u00e4gt <strong>28 kg<\/strong> und ist speziell f\u00fcr <strong>Mutterpflanzen<\/strong> oder einige wenige Pflanzen geeignet. Aufgrund seiner Gr\u00f6\u00dfe von <strong>80 x 80 x 160 cm<\/strong> l\u00e4sst sich dieses Pflanzenzelt am besten mit <strong>LED-Lampen f\u00fcr kleine Grow-Zelte <\/strong> beleuchten. Um Ihnen die Entscheidung weiter zu erleichtern, haben wir alle relevanten Produktinformationen und den Lieferumfang aufgelistet. Wir sind bestrebt, Ihre Bestellung so schnell wie m\u00f6glich zu bearbeiten und an Sie zu liefern. <\/p>\n<p>  So k\u00f6nnen Sie endlich loslegen! If you have any questions, please do not hesitate to contact us. <strong>We will be happy to help you.<\/strong><\/p>\n<h3>Produktinformation<\/h3>\n<ul>\n<li>Zusammengebaute Gr\u00f6\u00dfe: 60 x 60 x 160 cm<\/li>\n<li>Anbaufl\u00e4che: 0.36 m\u00b2<\/li>\n<li>Empfohlene Beleuchtung: 150 Watt<\/li>\n<li>Robuste und lichtbest\u00e4ndige Materialien<\/li>\n<li>Material: 420D Nylon (Reflexion: 97%)<\/li>\n<li>Lichtdichte Rei\u00dfverschl\u00fcsse<\/li>\n<li>Maximale Tragf\u00e4higkeit: 28 kg<\/li>\n<\/ul>\n<h3>Inhalt des Pakets<\/h3>\n<ul>\n<li>GHP Probox Basic 60<\/li>\n<\/ul>\n","protected":false},"excerpt":{"rendered":"<p>F\u00fcr Mutterpflanzen, Wachstum und Bl\u00fcte &#8211; Gr\u00f6\u00dfe montiert: 60 x 60 x 160 cm &#8211; Kulturfl\u00e4che: 0.36 m\u00b2<\/p>\n","protected":false},"featured_media":5406,"comment_status":"closed","ping_status":"closed","template":"","meta":[],"product_brand":[],"product_cat":[409,455,457],"product_tag":[465],"class_list":{"0":"post-6938","1":"product","2":"type-product","3":"status-publish","4":"has-post-thumbnail","6":"product_cat-garden-highpro","7":"product_cat-garten-highpro-de","8":"product_cat-growzelt","9":"product_tag-garten-highpro","11":"first","12":"outofstock","13":"taxable","14":"shipping-taxable","15":"purchasable","16":"product-type-simple"},"jetpack_sharing_enabled":true,"_links":{"self":[{"href":"https:\/\/growerssupply.eu\/de\/wp-json\/wp\/v2\/product\/6938","targetHints":{"allow":["GET"]}}],"collection":[{"href":"https:\/\/growerssupply.eu\/de\/wp-json\/wp\/v2\/product"}],"about":[{"href":"https:\/\/growerssupply.eu\/de\/wp-json\/wp\/v2\/types\/product"}],"replies":[{"embeddable":true,"href":"https:\/\/growerssupply.eu\/de\/wp-json\/wp\/v2\/comments?post=6938"}],"wp:featuredmedia":[{"embeddable":true,"href":"https:\/\/growerssupply.eu\/de\/wp-json\/wp\/v2\/media\/5406"}],"wp:attachment":[{"href":"https:\/\/growerssupply.eu\/de\/wp-json\/wp\/v2\/media?parent=6938"}],"wp:term":[{"taxonomy":"product_brand","embeddable":true,"href":"https:\/\/growerssupply.eu\/de\/wp-json\/wp\/v2\/product_brand?post=6938"},{"taxonomy":"product_cat","embeddable":true,"href":"https:\/\/growerssupply.eu\/de\/wp-json\/wp\/v2\/product_cat?post=6938"},{"taxonomy":"product_tag","embeddable":true,"href":"https:\/\/growerssupply.eu\/de\/wp-json\/wp\/v2\/product_tag?post=6938"}],"curies":[{"name":"wp","href":"https:\/\/api.w.org\/{rel}","templated":true}]}}