{"id":6940,"date":"2024-02-24T18:21:58","date_gmt":"2024-02-24T17:21:58","guid":{"rendered":"https:\/\/growerssupply.eu\/product\/ghp-growbox-basic-120l-growzelz-gardenhighpro-120x60x180cm\/"},"modified":"2024-10-22T10:56:48","modified_gmt":"2024-10-22T08:56:48","slug":"ghp-growbox-basic-120l-growzelz-gardenhighpro-120x60x180cm","status":"publish","type":"product","link":"https:\/\/growerssupply.eu\/de\/produkt\/ghp-growbox-basic-120l-growzelz-gardenhighpro-120x60x180cm\/","title":{"rendered":"GHP Growbox Basic 120L | Growzelt | GardenHighPro | 120x60x180cm"},"content":{"rendered":"<h2>Growbox: Basic 120L von Garden HighPro<\/h2>\n<p><strong>Die ideale Growbox f\u00fcr Anf\u00e4nger und Profis<\/strong><br \/>\nM\u00f6chten Sie das ganze Jahr \u00fcber Pflanzen in Ihrem eigenen kleinen Indoor-Garten anbauen? Die Growbox Basic 120L von Garden Highpro bietet Ihnen alles, was Sie f\u00fcr ein erfolgreiches kleines Indoor-Grow-Projekt ben\u00f6tigen. Mit einer Gr\u00f6\u00dfe von 120x60x180cm ist sie ideal f\u00fcr 1 bis 6 Pflanzen f\u00fcr den pers\u00f6nlichen Gebrauch. Die Innenbeschichtung des Basic 120L besteht aus hochwertigem MyLar, das beeindruckende 97% des Lichts reflektiert. So stellen Sie sicher, dass jede Pflanze in der Deier Growbox, ob am Rand oder in der Mitte, gen\u00fcgend Licht bekommt. Das Au\u00dfengewebe aus schwarzem Nylon 420d sorgt nicht nur f\u00fcr einen coolen Look, sondern ist auch extrem widerstandsf\u00e4hig.<\/p>\n<h2>Produktinformation im \u00dcberblick<\/h2>\n<ul>\n<li>Gr\u00f6\u00dfe (montiert): 120x60x180cm<\/li>\n<li>Anbaufl\u00e4che: 0.72 m\u00b2<\/li>\n<li>Reflexionsgrad des Mylars: 97 %.<\/li>\n<li>Material: Widerstandsf\u00e4higes Nylon 420d<\/li>\n<li>Maximale Belastbarkeit: 28 kg<\/li>\n<li>Struktur: stabile 16mm St\u00e4be<\/li>\n<li>\u00d6ffnungen f\u00fcr Zuluft, Abluft und Kabel<\/li>\n<\/ul>\n<h3>Ihre Pflanzen beobachten, ohne sie zu st\u00f6ren<\/h3>\n<p>Dank des praktischen Sichtfensters an der Vorderseite der Growbox k\u00f6nnen Sie jederzeit einen Blick auf Ihre Pflanzen werfen, ohne das Innenklima zu beeinflussen. So bleiben Sie immer gut informiert<\/p>\n<h3>einfache Struktur und hohe Stabilit\u00e4t<\/h3>\n<p>Sie m\u00fcssen kein Handwerker sein, um die Basic 120L zu bauen. Diese Growbox kann von einer Person innerhalb weniger Minuten und ohne zus\u00e4tzliches Werkzeug aufgebaut werden. Und trotz der leichten Struktur ist sie robust: Der Rahmen kann ein Gewicht von bis zu 28 kg tragen.<\/p>\n<p><strong> Lieferumfang <\/strong><\/p>\n<ul>\n<li>1x Growbox Basic 120L von Garden HighPro<\/li>\n<\/ul>\n","protected":false},"excerpt":{"rendered":"<p><em>Legalisierung grow box f\u00fcr 3 Pflanzen zur Deckung des pers\u00f6nlichen Bedarfs.<\/em><\/p>\n<ul>\n<li><strong>97% Lichtreflexion<\/strong>: Maximale Lichtausbeute durch die spezielle Mylar-Innenbeschichtung.<\/li>\n<li><strong>Robustes Material:<\/strong> Langlebiges und widerstandsf\u00e4higes Nylon 420D.<\/li>\n<li><strong>Tragf\u00e4higkeit von 23 kg:<\/strong> Starke 16-mm-Stangen f\u00fcr schwere Ger\u00e4te.<\/li>\n<li><strong>Optimale Luftzirkulation:<\/strong> \u00d6ffnungen f\u00fcr Frischluft und Abluft.<\/li>\n<li><strong>Betrachtungsfenster:<\/strong> Erm\u00f6glicht einen schnellen Blick auf die Pflanzen.<\/li>\n<\/ul>\n<p><em>Die Zusammengebaute Box hat Abmessungen von 120x60x<u>180<\/u>cm<\/em><\/p>\n","protected":false},"featured_media":5200,"comment_status":"closed","ping_status":"closed","template":"","meta":[],"product_brand":[],"product_cat":[409,455,457],"product_tag":[465],"class_list":{"0":"post-6940","1":"product","2":"type-product","3":"status-publish","4":"has-post-thumbnail","6":"product_cat-garden-highpro","7":"product_cat-garten-highpro-de","8":"product_cat-growzelt","9":"product_tag-garten-highpro","11":"first","12":"outofstock","13":"taxable","14":"shipping-taxable","15":"purchasable","16":"product-type-simple"},"jetpack_sharing_enabled":true,"_links":{"self":[{"href":"https:\/\/growerssupply.eu\/de\/wp-json\/wp\/v2\/product\/6940","targetHints":{"allow":["GET"]}}],"collection":[{"href":"https:\/\/growerssupply.eu\/de\/wp-json\/wp\/v2\/product"}],"about":[{"href":"https:\/\/growerssupply.eu\/de\/wp-json\/wp\/v2\/types\/product"}],"replies":[{"embeddable":true,"href":"https:\/\/growerssupply.eu\/de\/wp-json\/wp\/v2\/comments?post=6940"}],"wp:featuredmedia":[{"embeddable":true,"href":"https:\/\/growerssupply.eu\/de\/wp-json\/wp\/v2\/media\/5200"}],"wp:attachment":[{"href":"https:\/\/growerssupply.eu\/de\/wp-json\/wp\/v2\/media?parent=6940"}],"wp:term":[{"taxonomy":"product_brand","embeddable":true,"href":"https:\/\/growerssupply.eu\/de\/wp-json\/wp\/v2\/product_brand?post=6940"},{"taxonomy":"product_cat","embeddable":true,"href":"https:\/\/growerssupply.eu\/de\/wp-json\/wp\/v2\/product_cat?post=6940"},{"taxonomy":"product_tag","embeddable":true,"href":"https:\/\/growerssupply.eu\/de\/wp-json\/wp\/v2\/product_tag?post=6940"}],"curies":[{"name":"wp","href":"https:\/\/api.w.org\/{rel}","templated":true}]}}