{"id":6943,"date":"2024-02-27T11:44:06","date_gmt":"2024-02-27T10:44:06","guid":{"rendered":"https:\/\/growerssupply.eu\/product\/ghp-growzelt-basic-120-120x120x200cm-garden-highpro\/"},"modified":"2024-02-27T11:44:06","modified_gmt":"2024-02-27T10:44:06","slug":"ghp-growzelt-basic-120-120x120x200cm-garden-highpro","status":"publish","type":"product","link":"https:\/\/growerssupply.eu\/de\/produkt\/ghp-growzelt-basic-120-120x120x200cm-garden-highpro\/","title":{"rendered":"GHP Growzelt Basic 120 | 120x120x200cm | Garden HighPro"},"content":{"rendered":"<h2>Garden Highpro Probox Basic 120 Growzelt<\/h2>\n<p>Ihr neuer Arbeitsbereich, der auf Ihre Bed\u00fcrfnisse als G\u00e4rtner zugeschnitten ist. Das GHP Probox Basic 120 ist ein Grow-Zelt, das perfekt f\u00fcr den <strong>gesamten Pflanzenzyklus <\/strong>geeignet ist. Es ist ger\u00e4umig genug, um all Ihre Pflanzen unterzubringen, verf\u00fcgt \u00fcber<strong> lichtdichte Rei\u00dfverschl\u00fcsse<\/strong> und ist aus 420D-Nylon gefertigt, das <strong>97 % des Lichts reflektiert.<\/strong> Es kann bis zu <strong>28 kg Gewicht<\/strong> tragen und misst<strong> 120 x 120 x 200 cm<\/strong>. Um Ihnen die Entscheidung weiter zu erleichtern, haben wir alle relevanten Produktinformationen und den Lieferumfang aufgelistet. Wir sind bestrebt, Ihre Bestellung so schnell wie m\u00f6glich zu bearbeiten und an Sie zu liefern.<\/p>\n<p>  So k\u00f6nnen Sie endlich loslegen! If you have any questions, please do not hesitate to contact us. <strong>We will be happy to help you.<\/strong><\/p>\n<h3>Produktinformation<\/h3>\n<ul>\n<li>Zusammengebaute Gr\u00f6\u00dfe: 120 x 120 x 200 cm<\/li>\n<li>Anbaufl\u00e4che: 1.44 m\u00b2<\/li>\n<li>Empfohlene Beleuchtung: 600 Watt<\/li>\n<li>Robuste und lichtbest\u00e4ndige Materialien<\/li>\n<li>Material: 420D Nylon (Reflexion: 97%)<\/li>\n<li>Lichtdichte Rei\u00dfverschl\u00fcsse<\/li>\n<li>Maximale Tragf\u00e4higkeit: 28 kg<\/li>\n<\/ul>\n<h3>Inhalt des Pakets<\/h3>\n<ul>\n<li>GHP Probox Basic 120 Growzelt<\/li>\n<\/ul>\n","protected":false},"excerpt":{"rendered":"<p>Geeignet f\u00fcr Wachstum und Bl\u00fcte &#8211; Gr\u00f6\u00dfe montiert: 120 x 120 x 200 cm &#8211; Anbaufl\u00e4che: 1.44 m\u00b2<\/p>\n","protected":false},"featured_media":5406,"comment_status":"closed","ping_status":"closed","template":"","meta":[],"product_brand":[],"product_cat":[409,455,457],"product_tag":[465],"class_list":{"0":"post-6943","1":"product","2":"type-product","3":"status-publish","4":"has-post-thumbnail","6":"product_cat-garden-highpro","7":"product_cat-garten-highpro-de","8":"product_cat-growzelt","9":"product_tag-garten-highpro","11":"first","12":"outofstock","13":"taxable","14":"shipping-taxable","15":"purchasable","16":"product-type-simple"},"jetpack_sharing_enabled":true,"_links":{"self":[{"href":"https:\/\/growerssupply.eu\/de\/wp-json\/wp\/v2\/product\/6943","targetHints":{"allow":["GET"]}}],"collection":[{"href":"https:\/\/growerssupply.eu\/de\/wp-json\/wp\/v2\/product"}],"about":[{"href":"https:\/\/growerssupply.eu\/de\/wp-json\/wp\/v2\/types\/product"}],"replies":[{"embeddable":true,"href":"https:\/\/growerssupply.eu\/de\/wp-json\/wp\/v2\/comments?post=6943"}],"wp:featuredmedia":[{"embeddable":true,"href":"https:\/\/growerssupply.eu\/de\/wp-json\/wp\/v2\/media\/5406"}],"wp:attachment":[{"href":"https:\/\/growerssupply.eu\/de\/wp-json\/wp\/v2\/media?parent=6943"}],"wp:term":[{"taxonomy":"product_brand","embeddable":true,"href":"https:\/\/growerssupply.eu\/de\/wp-json\/wp\/v2\/product_brand?post=6943"},{"taxonomy":"product_cat","embeddable":true,"href":"https:\/\/growerssupply.eu\/de\/wp-json\/wp\/v2\/product_cat?post=6943"},{"taxonomy":"product_tag","embeddable":true,"href":"https:\/\/growerssupply.eu\/de\/wp-json\/wp\/v2\/product_tag?post=6943"}],"curies":[{"name":"wp","href":"https:\/\/api.w.org\/{rel}","templated":true}]}}