{"id":6944,"date":"2024-02-27T11:44:17","date_gmt":"2024-02-27T10:44:17","guid":{"rendered":"https:\/\/growerssupply.eu\/product\/ghp-ecopro-120-growzelt-120x120x200cm-growbox-garden-highpro\/"},"modified":"2024-02-27T11:44:17","modified_gmt":"2024-02-27T10:44:17","slug":"ghp-ecopro-120-growzelt-120x120x200cm-growbox-garden-highpro","status":"publish","type":"product","link":"https:\/\/growerssupply.eu\/de\/produkt\/ghp-ecopro-120-growzelt-120x120x200cm-growbox-garden-highpro\/","title":{"rendered":"GHP EcoPro 120 | Growzelt | 120x120x200cm Growbox | Garden HighPro"},"content":{"rendered":"<h2>Growzelt EcoPro 120 von Garden HighPro<\/h2>\n<p> <strong>Die ideale Growbox f\u00fcr Anf\u00e4nger und Profis<\/strong><br \/>\nM\u00f6chten Sie das ganze Jahr \u00fcber in Ihrer Wohnung anbauen? Die Growbox EcoPro 120 von Garden Highpro bietet Ihnen alles, was Sie f\u00fcr den Indoor-Anbau ben\u00f6tigen. Mit einer <strong>Gr\u00f6\u00dfe von 120x120x200cm<\/strong> ist sie ideal f\u00fcr 1 bis 25 Pflanzen. Die Innenbeschichtung der EcoPro 120 besteht aus hochwertigem Mylar, das beeindruckende 97% des Lichts reflektiert. So stellen Sie sicher, dass jede Pflanze in Ihrer Growbox, ob am Rand oder in der Mitte, gen\u00fcgend Licht bekommt. Das Au\u00dfengewebe aus schwarzem Nylon 420d sorgt nicht nur f\u00fcr einen coolen Look, sondern ist auch extrem widerstandsf\u00e4hig.  <\/p>\n<h2>Produktinformation im \u00dcberblick<\/h2>\n<ul>\n<li>Gr\u00f6\u00dfe montiert: 120 x 120 x 200 cm<\/li>\n<li>Anbaufl\u00e4che: 1.44 m\u00b2<\/li>\n<li>Hochwertiges Mylar mit einem Reflexionsgrad von 97 %<\/li>\n<li>starkes und widerstandsf\u00e4higes Gewebe aus schwarzem Nylon 420d<\/li>\n<li>patentierte, starke und stabile Struktur<\/li>\n<li>Maximum load capacity: 23 kg<\/li>\n<li>Stangen aus 16-mm-St\u00e4ben und Kunststoffverbindern<\/li>\n<li>Einlegeboden<\/li>\n<li>Vordert\u00fcr: 100 x 185 cm<\/li>\n<li>Sichtfenster: 30 x 30 cm mit Abdeckung<\/li>\n<li>Zwei runde \u00d6ffnungen mit einem Durchmesser von je 16,5 cm f\u00fcr Kabel und Abluft<\/li>\n<li>Untere Zuluft\u00f6ffnung: 38 x 18 cm<\/li>\n<\/ul>\n<h3>Ihre Pflanzen beobachten, ohne sie zu st\u00f6ren<\/h3>\n<p>Dank des praktischen Sichtfensters an der Vorderseite der Growbox k\u00f6nnen Sie jederzeit einen Blick auf Ihre Pflanzen werfen, ohne das Innenklima zu beeinflussen. So bleiben Sie immer gut informiert \u00fcber den Zustand Ihrer gr\u00fcnen Lieblinge. <\/p>\n<h3>einfache Struktur und hohe Stabilit\u00e4t<\/h3>\n<p>Sie m\u00fcssen kein Handwerker sein, um die EcoPro 120 zu bauen. Diese Growbox kann von einer Person innerhalb weniger Minuten und ohne zus\u00e4tzliches Werkzeug aufgebaut werden. Und trotz des einfachen Aufbaus ist sie robust: Der Rahmen kann ein Gewicht von bis zu 23 kg tragen.  <\/p>\n<p><strong> Lieferumfang <\/strong><\/p>\n<ul>\n<li>GHP ProBox EcoPro 120 einschlie\u00dflich Zubeh\u00f6r<\/li>\n<\/ul>\n","protected":false},"excerpt":{"rendered":"<p><em> Growbox f\u00fcr 9 bis 25 Pflanzen. <\/em><\/p>\n<ul>\n<li> <strong>97% Lichtreflexion:<\/strong> maximale Lichtausbeute durch spezielle MyLAR-Innenbeschichtung.<\/li>\n<li> <strong>robustes Material:<\/strong> langlebiges und widerstandsf\u00e4higes Nylon 420d.<\/li>\n<li> <strong>23 kg Tragf\u00e4higkei<\/strong>t: starke 16-mm-St\u00e4be f\u00fcr schwere Ger\u00e4te.<\/li>\n<li> <strong>Optimale Luftzirkulation:<\/strong> \u00d6ffnungen f\u00fcr Zuluft und Abluft.<\/li>\n<li> <strong>Ansichtsfenster:<\/strong> Hier k\u00f6nnen Sie sich die Pflanzen ansehen.<\/li>\n<\/ul>\n<p><em> die Growbox hat die Abmessungen: 120x120x200cm <\/em><\/p>\n","protected":false},"featured_media":5445,"comment_status":"closed","ping_status":"closed","template":"","meta":[],"product_brand":[],"product_cat":[409,455],"product_tag":[465],"class_list":{"0":"post-6944","1":"product","2":"type-product","3":"status-publish","4":"has-post-thumbnail","6":"product_cat-garden-highpro","7":"product_cat-garten-highpro-de","8":"product_tag-garten-highpro","10":"first","11":"outofstock","12":"taxable","13":"shipping-taxable","14":"purchasable","15":"product-type-simple"},"jetpack_sharing_enabled":true,"_links":{"self":[{"href":"https:\/\/growerssupply.eu\/de\/wp-json\/wp\/v2\/product\/6944","targetHints":{"allow":["GET"]}}],"collection":[{"href":"https:\/\/growerssupply.eu\/de\/wp-json\/wp\/v2\/product"}],"about":[{"href":"https:\/\/growerssupply.eu\/de\/wp-json\/wp\/v2\/types\/product"}],"replies":[{"embeddable":true,"href":"https:\/\/growerssupply.eu\/de\/wp-json\/wp\/v2\/comments?post=6944"}],"wp:featuredmedia":[{"embeddable":true,"href":"https:\/\/growerssupply.eu\/de\/wp-json\/wp\/v2\/media\/5445"}],"wp:attachment":[{"href":"https:\/\/growerssupply.eu\/de\/wp-json\/wp\/v2\/media?parent=6944"}],"wp:term":[{"taxonomy":"product_brand","embeddable":true,"href":"https:\/\/growerssupply.eu\/de\/wp-json\/wp\/v2\/product_brand?post=6944"},{"taxonomy":"product_cat","embeddable":true,"href":"https:\/\/growerssupply.eu\/de\/wp-json\/wp\/v2\/product_cat?post=6944"},{"taxonomy":"product_tag","embeddable":true,"href":"https:\/\/growerssupply.eu\/de\/wp-json\/wp\/v2\/product_tag?post=6944"}],"curies":[{"name":"wp","href":"https:\/\/api.w.org\/{rel}","templated":true}]}}