{"id":7007,"date":"2024-03-06T11:40:07","date_gmt":"2024-03-06T10:40:07","guid":{"rendered":"https:\/\/growerssupply.eu\/product\/trikologic-trichoderma-bio-10g-von-terra-aquatica\/"},"modified":"2024-03-06T11:40:07","modified_gmt":"2024-03-06T10:40:07","slug":"trikologic-trichoderma-bio-10g-von-terra-aquatica","status":"publish","type":"product","link":"https:\/\/growerssupply.eu\/de\/produkt\/trikologic-trichoderma-bio-10g-von-terra-aquatica\/","title":{"rendered":"Trikologic Trichoderma Bio | 10g | von Terra aquatica"},"content":{"rendered":"<h2>Trikologic &#8211; Mikroorganismen von Terra aquatica<\/h2>\n<p> <strong>Trichoderma Harzianum<\/strong>, das den Handelsnamen <strong>Trikologic<\/strong> tr\u00e4gt, ist der erste n\u00fctzliche Mikroorganismus, der sich im Erwerbsgew\u00e4chshaus als Standard durchgesetzt hat.<\/p>\n<p>Die in Erde, Kokosfasern oder \u00e4hnlichen Substraten lebenden Mikroorganismen bauen organische Substanz ab und setzen Mineralien frei. Dieser Prozess ist f\u00fcr den biologischen Anbau, die biologische Hydrokultur, die Bioponik und die Aquaponik von entscheidender Bedeutung. Wie neueste Forschungsergebnisse zeigen, setzt Trichoderma im Laufe seiner Entwicklung und Ausbreitung eine Reihe von Verbindungen frei, die das Pflanzenwachstum f\u00f6rdern, sowie Stoffe, die gef\u00e4hrliche, im Boden lebende Krankheitserreger produzieren oder abt\u00f6ten.<\/p>\n<p>Aufgrund dieser Vorteile, die vor allem Jungpflanzen zugute kommen, hat sich Trichoderma in der Industrie durchgesetzt.<\/p>\n<p>Wie alle Produkte von Terra Aquatica wird auch unser Trichoderma von erstklassiger Qualit\u00e4t verwendet, da unsere Kulturen von besonders lebensf\u00e4higen St\u00e4mmen stammen. Hochwertiges Produkte aus n\u00fctzlichen Bakterien und Pilzen, die zu den Spitzenprodukten auf dem Markt geh\u00f6ren.<\/p>\n<p>Trikologic erf\u00fcllt die Anforderungen der europ\u00e4ischen Richtlinie 2008\/113\/EG \u00fcber Mikroorganismen als Wirkstoffe und ist unter folgender Nummer registriert: BBA No. LS 004987-65-00.<\/p>\n<h3>Anwendung von Trikologic Trichoderma<\/h3>\n<p>Wie alle Aerobier sind auch die in Trikologic enthaltenen Mikroorganismen umso ges\u00fcnder und leistungsf\u00e4higer, je mehr Sauerstoff sie bekommen und je weniger pH-Wert, Temperatur und Feuchtigkeit schwanken.<\/p>\n<ul>\n<li>als Zusatz zur Aussaat und als Zusatz zum Wasser\/D\u00fcnger f\u00fcr S\u00e4mlinge, junge und ausgewachsene Pflanzen: 1 g alle 6 bis 8 Wochen in 15 bis 20 Litern Wasser oder N\u00e4hrl\u00f6sung.<\/li>\n<li>Pflanzen in Erde oder Kokosfasern: Geben Sie alle 6 bis 8 Wochen 10 g in 150 bis 200 Liter Wasser oder N\u00e4hrl\u00f6sung; f\u00fcgen Sie es einfach dem Bew\u00e4sserungs-\/D\u00fcngesystem hinzu oder verwenden Sie es direkt zum Bew\u00e4ssern des Substrats.<\/li>\n<li>in Hydrokulturen mit frei schwimmenden Wurzeln oder Bioponik : F\u00fcr junge Pflanzen mit geringer Wurzelmasse ben\u00f6tigt Trikologic eine Basis f\u00fcr die Ansiedlung und Vermehrung der Mikroorganismen. Verwenden Sie einen handels\u00fcblichen Biofilter oder h\u00e4ngen Sie einen 3- bis 5-l-Kunststoff-<em>Gittertopf <\/em> zu 80 % mit Gebl\u00e4se und zu 20 % mit <em>Kokosfasern<\/em> in den Wasserzulauf zum Tank oder unter die R\u00fccklaufleitung unserer <em>Growstream-Systeme.<\/em><\/li>\n<\/ul>\n<h3>Geeignet f\u00fcr<\/h3>\n<ul>\n<li>Alle D\u00fcngemittel und Substrate von terra aquatica, Hydroponik und Outdoor-G\u00e4rten.<\/li>\n<li>pro organischen und anderen organischen D\u00fcnger von Terra aquatica sind bei kombiniertem Einsatz mit Trikologic S besonders effizient.<\/li>\n<\/ul>\n<h3>Umfang der Lieferung<\/h3>\n<ul>\n<li>1x trikologic 10g<\/li>\n<\/ul>\n","protected":false},"excerpt":{"rendered":"<ul>\n<li>n\u00fctzliche Mikroorganismen von Terra Aquatica<\/li>\n<li>Hochwertige Trichoderma Harzianum Kultur in trockener Form<\/li>\n<li>Wichtiger Hilfsstoff im Bio-Anbau und Geheimwaffe aller Arbeitsvermittler<\/li>\n<li>hilft den Pflanzen, ihre Abwehrkr\u00e4fte zu st\u00e4rken<\/li>\n<li>Anwendung: Erde, Coco, Hydro &amp; Bioponics<\/li>\n<\/ul>\n","protected":false},"featured_media":7004,"comment_status":"closed","ping_status":"closed","template":"","meta":[],"product_brand":[],"product_cat":[442,444],"product_tag":[510,569],"class_list":{"0":"post-7007","1":"product","2":"type-product","3":"status-publish","4":"has-post-thumbnail","6":"product_cat-terra-aquatica-ghe-de","7":"product_cat-terra-aquatica-de","8":"product_tag-terra-aquatica-ghe-de","9":"product_tag-organisch","11":"first","12":"outofstock","13":"taxable","14":"shipping-taxable","15":"purchasable","16":"product-type-simple"},"jetpack_sharing_enabled":true,"_links":{"self":[{"href":"https:\/\/growerssupply.eu\/de\/wp-json\/wp\/v2\/product\/7007","targetHints":{"allow":["GET"]}}],"collection":[{"href":"https:\/\/growerssupply.eu\/de\/wp-json\/wp\/v2\/product"}],"about":[{"href":"https:\/\/growerssupply.eu\/de\/wp-json\/wp\/v2\/types\/product"}],"replies":[{"embeddable":true,"href":"https:\/\/growerssupply.eu\/de\/wp-json\/wp\/v2\/comments?post=7007"}],"wp:featuredmedia":[{"embeddable":true,"href":"https:\/\/growerssupply.eu\/de\/wp-json\/wp\/v2\/media\/7004"}],"wp:attachment":[{"href":"https:\/\/growerssupply.eu\/de\/wp-json\/wp\/v2\/media?parent=7007"}],"wp:term":[{"taxonomy":"product_brand","embeddable":true,"href":"https:\/\/growerssupply.eu\/de\/wp-json\/wp\/v2\/product_brand?post=7007"},{"taxonomy":"product_cat","embeddable":true,"href":"https:\/\/growerssupply.eu\/de\/wp-json\/wp\/v2\/product_cat?post=7007"},{"taxonomy":"product_tag","embeddable":true,"href":"https:\/\/growerssupply.eu\/de\/wp-json\/wp\/v2\/product_tag?post=7007"}],"curies":[{"name":"wp","href":"https:\/\/api.w.org\/{rel}","templated":true}]}}