{"id":7087,"date":"2025-01-09T15:20:52","date_gmt":"2025-01-09T14:20:52","guid":{"rendered":"https:\/\/growerssupply.eu\/product\/ledmaxeco-60w-led-pflanzenlampe-garden-highpro-1184-%c2%b5mol-s\/"},"modified":"2025-07-18T00:00:02","modified_gmt":"2025-07-17T22:00:02","slug":"ledmaxeco-60w-led-pflanzenlampe-garden-highpro-1184-%c2%b5mol-s","status":"publish","type":"product","link":"https:\/\/growerssupply.eu\/de\/produkt\/ledmaxeco-60w-led-pflanzenlampe-garden-highpro-1184-%c2%b5mol-s\/","title":{"rendered":"LEDMAXECO 60W | LED-Pflanzenlampe | Garden Highpro | 118,4 \u00b5mol\/s"},"content":{"rendered":"<h2>LEDMAXECO 60 Watt &#8211; Erschwingliches LED-Grow-Licht f\u00fcr 60&#215;60 cm Grow-Zelte<\/h2>\n<p>Die LEDMAXECO 60 Watt ist eine ausgezeichnete Wahl f\u00fcr Z\u00fcchter, die ein erschwingliches, hochwertiges LED-Grow-Licht f\u00fcr kompakte Grow-Zelte bis zu 60&#215;60 cm suchen. Dieses Vollspektrumlicht wurde f\u00fcr maximale Effizienz entwickelt und verf\u00fcgt \u00fcber 98 Samsung LM282B-LEDs mit einer Farbtemperatur von 3000K und einem hohen Farbwiedergabeindex (CRI 90), wodurch es ideal f\u00fcr alle Wachstumsstadien Ihrer Pflanzen ist, von den Keimlingen bis zur Ernte. \u00dcbersetzt mit DeepL.com (kostenlose Version) <\/p>\n<h3>Effizientes und langlebiges Wachstumslicht<\/h3>\n<p>Die LEDMAXECO 60W ist auf Effizienz ausgelegt und bietet beeindruckende 1,95 \u00b5mol\/J und einen PPF (Photosynthetic Photon Flux) von 118,4 \u00b5mol\/s. Mit einer Lebensdauer von mehr als 60.000 Stunden ist sie eine zuverl\u00e4ssige und langfristige Beleuchtungsl\u00f6sung f\u00fcr den Innenanbau. <\/p>\n<h3>Benutzerfreundliches Design f\u00fcr eine einfache Einrichtung<\/h3>\n<p>Ausgestattet mit einem Abstrahlwinkel von 120\u00b0 sorgt dieses LED-Zuchtlicht f\u00fcr eine gleichm\u00e4\u00dfige Lichtverteilung in Ihrem Zuchtbereich und f\u00f6rdert so ein gleichm\u00e4\u00dfiges Pflanzenwachstum. Sein Plug-and-Play-Design macht die Installation zu einem Kinderspiel, w\u00e4hrend das integrierte Aufh\u00e4ngesystem die Einrichtung vereinfacht. Mit nur 60 Watt ist die LEDMAXECO sowohl energieeffizient als auch leistungsstark und liefert optimale Ergebnisse ohne hohe Energiekosten.  <\/p>\n<h3>Kompakt und vielseitig<\/h3>\n<p>Mit Abmessungen von 27,5 x 27,5 x 10,8 cm ist die LEDMAXECO 60W perfekt f\u00fcr kleine Grow-Zelte oder R\u00e4ume geeignet und bietet eine hervorragende Abdeckung f\u00fcr Fl\u00e4chen bis zu 60&#215;60 cm. Mit ihren RoHS- und CE-Zertifizierungen erf\u00fcllt sie Sicherheits- und Qualit\u00e4tsstandards, so dass Sie sich keine Sorgen machen m\u00fcssen. R\u00fcsten Sie Ihren Indoor-Garten mit der LEDMAXECO 60 Watt auf &#8211; einer erschwinglichen, effizienten und benutzerfreundlichen Grow-Lampe f\u00fcr kleinere Anlagen. Perfekt f\u00fcr Z\u00fcchter, die zuverl\u00e4ssige Leistung f\u00fcr ein kleines Budget suchen! <\/p>\n","protected":false},"excerpt":{"rendered":"<p>LEDMAXECO 60 Watt &#8211; Erschwingliches LED-Grow-Licht f\u00fcr 60&#215;60 cm Grow-Zelte Die LEDMAXECO 60 Watt ist eine ausgezeichnete Wahl f\u00fcr Z\u00fcchter, die ein erschwingliches, hochwertiges LED-Grow-Licht f\u00fcr kompakte Grow-Zelte bis zu 60&#215;60 cm suchen. Dieses Vollspektrumlicht wurde f\u00fcr maximale Effizienz entwickelt und verf\u00fcgt \u00fcber 98 Samsung LM282B-LEDs mit einer Farbtemperatur von 3000K und einem hohen Farbwiedergabeindex [&hellip;]<\/p>\n","protected":false},"featured_media":7082,"comment_status":"open","ping_status":"closed","template":"","meta":[],"product_brand":[663],"product_cat":[402,409,650],"product_tag":[651],"class_list":{"0":"post-7087","1":"product","2":"type-product","3":"status-publish","4":"has-post-thumbnail","6":"product_brand-gardenhighpro","7":"product_cat-led-pflanzenlampen","8":"product_cat-garden-highpro","9":"product_cat-ghp-de","10":"product_tag-led-de","12":"first","13":"outofstock","14":"taxable","15":"shipping-taxable","16":"purchasable","17":"product-type-simple"},"jetpack_sharing_enabled":true,"_links":{"self":[{"href":"https:\/\/growerssupply.eu\/de\/wp-json\/wp\/v2\/product\/7087","targetHints":{"allow":["GET"]}}],"collection":[{"href":"https:\/\/growerssupply.eu\/de\/wp-json\/wp\/v2\/product"}],"about":[{"href":"https:\/\/growerssupply.eu\/de\/wp-json\/wp\/v2\/types\/product"}],"replies":[{"embeddable":true,"href":"https:\/\/growerssupply.eu\/de\/wp-json\/wp\/v2\/comments?post=7087"}],"wp:featuredmedia":[{"embeddable":true,"href":"https:\/\/growerssupply.eu\/de\/wp-json\/wp\/v2\/media\/7082"}],"wp:attachment":[{"href":"https:\/\/growerssupply.eu\/de\/wp-json\/wp\/v2\/media?parent=7087"}],"wp:term":[{"taxonomy":"product_brand","embeddable":true,"href":"https:\/\/growerssupply.eu\/de\/wp-json\/wp\/v2\/product_brand?post=7087"},{"taxonomy":"product_cat","embeddable":true,"href":"https:\/\/growerssupply.eu\/de\/wp-json\/wp\/v2\/product_cat?post=7087"},{"taxonomy":"product_tag","embeddable":true,"href":"https:\/\/growerssupply.eu\/de\/wp-json\/wp\/v2\/product_tag?post=7087"}],"curies":[{"name":"wp","href":"https:\/\/api.w.org\/{rel}","templated":true}]}}