{"id":7239,"date":"2024-02-27T11:44:13","date_gmt":"2024-02-27T10:44:13","guid":{"rendered":"https:\/\/growerssupply.eu\/product\/ghp-zimmergewaechshaus-anzuchtzelt-xl-120x40x200cm-garden-highpro\/"},"modified":"2025-07-18T00:00:02","modified_gmt":"2025-07-17T22:00:02","slug":"ghp-zimmergewaechshaus-anzuchtzelt-xl-120x40x200cm-garden-highpro","status":"publish","type":"product","link":"https:\/\/growerssupply.eu\/de\/produkt\/ghp-zimmergewaechshaus-anzuchtzelt-xl-120x40x200cm-garden-highpro\/","title":{"rendered":"GHP Zimmergew\u00e4chshaus | Anzuchtzelt XL | 120x40x200cm | Garden HighPro"},"content":{"rendered":"<h2>Propagator XL von Garden HighPro<\/h2>\n<p>The growing tent for professional gardeners with strong ambitions! The propagator XL is a propagation tent that the perfect environment for rearing seedlings, cuttings and sprouts &lt; \/Strong&gt; offers. It consists of high-reflective 420d nylon material and creates an ideal microclima for your plants. Due to the size of 120 x 40 x 200 cm , this grow tent can best be illuminated by LED lamps for small grow tents . The Growbox has 5 floors with 0.48 m\u00b2 acreage. To make your decision easier, we have briefly and for you again Almost all relevant product information and the scope of delivery listed. We look forward to editing your order as quickly as possible and delivering it to you.<\/p>\n<p>  So k\u00f6nnen Sie endlich loslegen! Wenn Sie irgendwelche Fragen haben, z\u00f6gern Sie nicht, uns zu kontaktieren. Wir w\u00fcrden uns freuen, Ihnen zu helfen. <\/p>\n<h3>Produktinformation<\/h3>\n<ul>\n<li>Gr\u00f6\u00dfe montiert: 120 \u00d7 40 \u00d7 200 cm<\/li>\n<li>Anbaufl\u00e4che: 0,48 m\u00b2 pro Ebene (insgesamt: 2,4 m\u00b2)<\/li>\n<li>robuste und undurchl\u00e4ssige Materialien<\/li>\n<li>Material: 420D-Nylon (Reflexion: 97%)<\/li>\n<li>Sichtfenster in der Eingangst\u00fcr<\/li>\n<li>\u00d6ffnung A: 3x 135 mm zur Bel\u00fcftung<\/li>\n<li>\u00d6ffnung B: 4x 80 mm f\u00fcr die Kabel<\/li>\n<li>Rei\u00dfverschl\u00fcsse Lichtundurchl\u00e4ssig<\/li>\n<li>Maximale Belastbarkeit: 36 kg<\/li>\n<\/ul>\n<h3>Umfang der Lieferung<\/h3>\n<ul>\n<li>GHP propagator XL<\/li>\n<\/ul>\n","protected":false},"excerpt":{"rendered":"<p>Pflanzzelt f\u00fcr Setzlinge, Stecklinge und Sprossen &#8211; Gr\u00f6\u00dfe montiert: 120 x 40 x 200 cm &#8211; 5 Etagen mit je 0,48 m\u00b2 Gesamtfl\u00e4che<\/p>\n","protected":false},"featured_media":6152,"comment_status":"closed","ping_status":"closed","template":"","meta":[],"product_brand":[],"product_cat":[528,549,409,455],"product_tag":[465],"class_list":{"0":"post-7239","1":"product","2":"type-product","3":"status-publish","4":"has-post-thumbnail","6":"product_cat-anzucht","7":"product_cat-csc-de","8":"product_cat-garden-highpro","9":"product_cat-garten-highpro-de","10":"product_tag-garten-highpro","12":"first","13":"outofstock","14":"taxable","15":"shipping-taxable","16":"purchasable","17":"product-type-simple"},"jetpack_sharing_enabled":true,"_links":{"self":[{"href":"https:\/\/growerssupply.eu\/de\/wp-json\/wp\/v2\/product\/7239","targetHints":{"allow":["GET"]}}],"collection":[{"href":"https:\/\/growerssupply.eu\/de\/wp-json\/wp\/v2\/product"}],"about":[{"href":"https:\/\/growerssupply.eu\/de\/wp-json\/wp\/v2\/types\/product"}],"replies":[{"embeddable":true,"href":"https:\/\/growerssupply.eu\/de\/wp-json\/wp\/v2\/comments?post=7239"}],"wp:featuredmedia":[{"embeddable":true,"href":"https:\/\/growerssupply.eu\/de\/wp-json\/wp\/v2\/media\/6152"}],"wp:attachment":[{"href":"https:\/\/growerssupply.eu\/de\/wp-json\/wp\/v2\/media?parent=7239"}],"wp:term":[{"taxonomy":"product_brand","embeddable":true,"href":"https:\/\/growerssupply.eu\/de\/wp-json\/wp\/v2\/product_brand?post=7239"},{"taxonomy":"product_cat","embeddable":true,"href":"https:\/\/growerssupply.eu\/de\/wp-json\/wp\/v2\/product_cat?post=7239"},{"taxonomy":"product_tag","embeddable":true,"href":"https:\/\/growerssupply.eu\/de\/wp-json\/wp\/v2\/product_tag?post=7239"}],"curies":[{"name":"wp","href":"https:\/\/api.w.org\/{rel}","templated":true}]}}