{"id":7351,"date":"2024-03-06T11:40:25","date_gmt":"2024-03-06T10:40:25","guid":{"rendered":"https:\/\/growerssupply.eu\/product\/pro-organic-grow-1l-organischer-wachstumsduenger-terra-aquaticaorganic-growth-fertilizer\/"},"modified":"2025-02-05T15:26:41","modified_gmt":"2025-02-05T14:26:41","slug":"pro-organic-grow-1l-organischer-wachstumsduenger-terra-aquaticaorganic-growth-fertilizer","status":"publish","type":"product","link":"https:\/\/growerssupply.eu\/de\/produkt\/pro-organic-grow-1l-organischer-wachstumsduenger-terra-aquaticaorganic-growth-fertilizer\/","title":{"rendered":"Pro Organic Grow 1L | Organischer Wachstumsd\u00fcnger | Terra aquaticaOrganic growth fertilizer"},"content":{"rendered":"<p> <strong>Pro Organic Grow<\/strong> ist eine praktische und hocheffiziente L\u00f6sung sowohl f\u00fcr Hobbyg\u00e4rtner als auch f\u00fcr Profis im Bereich biologischer Pflanzen.<\/p>\n<p>Pro Organic Bio-Produkte sind so formuliert, dass sie den N\u00e4hrstoffbedarf der Pflanze in allen Entwicklungsstadien &#8211; Wachstum, Bl\u00fcte, Fruchtbildung &#8211; decken. Die nach \u00f6kologischen Grunds\u00e4tzen zusammengestellten Rezepturen sind umweltschonend &amp; vertr\u00e4glich und bieten den Pflanzen eine ausgewogene, effiziente Nahrung. Pro organic ern\u00e4hrt Mikroben, die in Symbiose mit den Pflanzen leben, und tr\u00e4gt so aktiv zur Verbesserung des Wurzelumfelds bei. Die f\u00fcr ein gesundes Wachstum und eine \u00fcppige Bl\u00fcten-\/Fruchtbildung notwendige Nahrung wird bereitgestellt und das Umfeld geschaffen. Pro Orghanic ist f\u00fcr alle Pflanzenarten geeignet und wirkt als alleiniger \u201eVollwertd\u00fcnger\u201c. Das hei\u00dft, ein D\u00fcnger, der auch ohne Zus\u00e4tze in fast jeder Wasserqualit\u00e4t ertragreiche Ernten erm\u00f6glicht.* Pro Orghanic ist sehr gut l\u00f6slich und f\u00fcr automatische und Tropfbew\u00e4sserungssysteme sowie f\u00fcr das Gie\u00dfen von Hand geeignet und der einzige f\u00fcr Bioponik (Bio-Hydroponik mit frei schwebenden Wurzeln und R\u00fccklauf) zertifizierte D\u00fcnger. F\u00fcr noch h\u00f6here Leistungen und noch mehr Flexibilit\u00e4t bei der Leistungsoptimierung umfasst das organische T.A.-Sortiment auch eine erg\u00e4nzende Reihe von Biozus\u00e4tzen. Hier finden Sie auch n\u00fctzliche Mikroorganismen, die Sie ben\u00f6tigen, um den biologischen Anbau auch ohne gute Erde betreiben zu k\u00f6nnen &#8211; in erstklassiger Qualit\u00e4t.<\/p>\n<p>*Hinweis: Zus\u00e4tzliches Kalzium\/Magnesium kann erforderlich sein, wenn die Pflanzen in weichem Wasser oder in Kokosnussfasern wachsen. Wir empfehlen Terra aquatica Kalzium-Magnesium-Erg\u00e4nzung <\/p>\n<h3>Anwendung von pro organic grow<\/h3>\n<p>pro Organic Grow ist hoch konzentriert: 2 ml pro Liter Wasser ist ausreichend f\u00fcr Erde oder Hydrokulturen.<\/p>\n<ul>\n<li>Sch\u00fctteln Sie die Flaschen vor Gebrauch kr\u00e4ftig. Geben Sie die Komponenten nacheinander hinein, r\u00fchren Sie sie gut um und sp\u00fclen Sie den Messbeh\u00e4lter nach jedem Gebrauch aus. <\/li>\n<li>Bitte beachten Sie: Wie jeder organische D\u00fcnger kann er erst nach Zersetzung durch Mikroben zur Verf\u00fcgung stehen. Um die erforderlichen Kolonien aufzubauen, muss im Becken sowohl auf der Abflussseite als auch im R\u00fccklauf ein Biofilter vorhanden sein, der vor allem in den jungen Stadien der Pflanzen rund um die Uhr in Betrieb sein muss. <\/li>\n<\/ul>\n<blockquote dir=\"LTR\" style=\"margin-right: 0PX;\">\n<p dir=\"ltr\">Biofilter sind im \u00f6rtlichen Fachhandel erh\u00e4ltlich. Sie k\u00f6nnen ihn auch selbst bauen, indem Sie einen Kunststoff-Gittertopf (3 &#8211; 5 l) zu 60 % mit Bl\u00e4hton und zu 40 % mit Kokosfasern f\u00fcllen, der \u00fcber dem Tank h\u00e4ngt und st\u00e4ndig von Wasser durchstr\u00f6mt wird. In einem Growstream\u00ae-System k\u00f6nnen Sie den selbstgebauten Filter unter dem R\u00fccklaufrohr installieren.  <\/p>\n<p dir=\"ltr\" style=\"margin-right: 0PX;\">N\u00fctzliche Mikroorganismen brauchen viel Sauerstoff f\u00fcr ein schnelles Wachstum. Tauchen Sie daher nicht in das Becken ein. <\/p>\n<\/blockquote>\n<h3>Lieferumfang<\/h3>\n<ul dir=\"LTR\" style=\"margin-right: 0PX;\">\n<li>1x pro organic grow 1l<\/li>\n<\/ul>\n<h3>Pro Organic Grow Manual (German)<\/h3>\n<div class=\"_df_book df-lite\" id=\"df_7209\"  _slug=\"7209\" data-title=\"\" wpoptions=\"true\" thumb=\"https:\/\/growerssupply.eu\/wp-content\/uploads\/2025\/01\/TerraAquatica-41-ProOrganic-TerraAquatica-Thumb.jpeg\" thumbtype=\"\" ><\/div><script class=\"df-shortcode-script\" nowprocket type=\"application\/javascript\">window.option_df_7209 = {\"outline\":[],\"autoEnableOutline\":\"false\",\"autoEnableThumbnail\":\"false\",\"overwritePDFOutline\":\"false\",\"direction\":\"1\",\"pageSize\":\"0\",\"source\":\"https:\\\/\\\/growerssupply.eu\\\/wp-content\\\/uploads\\\/2025\\\/01\\\/gebrauchsanweisung-pro-organic-terra-aquatics.pdf\",\"wpOptions\":\"true\"}; if(window.DFLIP && window.DFLIP.parseBooks){window.DFLIP.parseBooks();}<\/script>\n","protected":false},"excerpt":{"rendered":"<ul>\n<li>Organic Grow &#8211; organischer Wachstumsd\u00fcnger von Terra aquatica<\/li>\n<li>hochkonzentrierter, 100 % biologischer 1-Komponenten-D\u00fcnger<\/li>\n<li>Bio-zertifizierter Vollwertd\u00fcnger f\u00fcr Erde, Coco, Hydro &amp; AMP; Bioponics<\/li>\n<\/ul>\n","protected":false},"featured_media":6158,"comment_status":"closed","ping_status":"closed","template":"","meta":[],"product_brand":[],"product_cat":[442,444],"product_tag":[569,510],"class_list":{"0":"post-7351","1":"product","2":"type-product","3":"status-publish","4":"has-post-thumbnail","6":"product_cat-terra-aquatica-ghe-de","7":"product_cat-terra-aquatica-de","8":"product_tag-organisch","9":"product_tag-terra-aquatica-ghe-de","11":"first","12":"outofstock","13":"taxable","14":"shipping-taxable","15":"purchasable","16":"product-type-simple"},"jetpack_sharing_enabled":true,"_links":{"self":[{"href":"https:\/\/growerssupply.eu\/de\/wp-json\/wp\/v2\/product\/7351","targetHints":{"allow":["GET"]}}],"collection":[{"href":"https:\/\/growerssupply.eu\/de\/wp-json\/wp\/v2\/product"}],"about":[{"href":"https:\/\/growerssupply.eu\/de\/wp-json\/wp\/v2\/types\/product"}],"replies":[{"embeddable":true,"href":"https:\/\/growerssupply.eu\/de\/wp-json\/wp\/v2\/comments?post=7351"}],"wp:featuredmedia":[{"embeddable":true,"href":"https:\/\/growerssupply.eu\/de\/wp-json\/wp\/v2\/media\/6158"}],"wp:attachment":[{"href":"https:\/\/growerssupply.eu\/de\/wp-json\/wp\/v2\/media?parent=7351"}],"wp:term":[{"taxonomy":"product_brand","embeddable":true,"href":"https:\/\/growerssupply.eu\/de\/wp-json\/wp\/v2\/product_brand?post=7351"},{"taxonomy":"product_cat","embeddable":true,"href":"https:\/\/growerssupply.eu\/de\/wp-json\/wp\/v2\/product_cat?post=7351"},{"taxonomy":"product_tag","embeddable":true,"href":"https:\/\/growerssupply.eu\/de\/wp-json\/wp\/v2\/product_tag?post=7351"}],"curies":[{"name":"wp","href":"https:\/\/api.w.org\/{rel}","templated":true}]}}