{"id":7365,"date":"2025-01-24T14:49:45","date_gmt":"2025-01-24T13:49:45","guid":{"rendered":"https:\/\/growerssupply.eu\/product\/grow-sparpaket-komplettes-grow-box-set-mit-belueftung-naehrstoffen-extras\/"},"modified":"2026-01-28T15:50:25","modified_gmt":"2026-01-28T14:50:25","slug":"grow-sparpaket-komplettes-grow-box-set-mit-belueftung-naehrstoffen-extras","status":"publish","type":"product","link":"https:\/\/growerssupply.eu\/de\/produkt\/grow-sparpaket-komplettes-grow-box-set-mit-belueftung-naehrstoffen-extras\/","title":{"rendered":"Grow Sparpaket &#8211; Komplettes Grow-Box-Set mit Bel\u00fcftung, N\u00e4hrstoffen &amp; Extras"},"content":{"rendered":"<h2>Bestes Preis-Leistungs-Verh\u00e4ltnis f\u00fcr Ihren Indoor-Garten mit dem Saver-Bundle!<\/h2>\n<p>Wenn Sie mit dem G\u00e4rtnern im Haus beginnen oder Ihr bestehendes System aufr\u00fcsten m\u00f6chten, ist das Saver Bundle die ultimative L\u00f6sung. Dieses Komplettpaket bietet ein unschlagbares Preis-Leistungs-Verh\u00e4ltnis und enth\u00e4lt alles, was Sie brauchen, um eine optimale Wachstumsumgebung f\u00fcr Ihre Pflanzen zu schaffen. Durch den Kauf des Pakets sparen Sie erheblich im Vergleich zum Kauf einzelner Artikel, was es zur perfekten Wahl f\u00fcr budgetbewusste G\u00e4rtner macht, die keine Kompromisse bei der Qualit\u00e4t eingehen wollen.<\/p>\n<p>Was ist im Saver-Bundle enthalten?<\/p>\n<ol>\n<li>Hochwertige Grow-Box<br \/>\nDas Herzst\u00fcck des Saver Bundles ist ein robuster, lichtdichter Anzuchtkasten, der in verschiedenen Gr\u00f6\u00dfen erh\u00e4ltlich ist, um Ihren spezifischen Platzverh\u00e4ltnissen und Bed\u00fcrfnissen gerecht zu werden. Ganz gleich, ob Sie Kr\u00e4uter, Gem\u00fcse oder exotische Pflanzen anbauen, dieser Anzuchtkasten sorgt daf\u00fcr, dass Ihre Pflanzen in einer kontrollierten, effizienten Umgebung gedeihen. Er wurde f\u00fcr Langlebigkeit und Benutzerfreundlichkeit entwickelt und sch\u00fctzt Ihren Garten vor Au\u00dfenlicht, w\u00e4hrend er das Wachstumspotenzial Ihrer Pflanzen maximiert.<\/li>\n<li>Fortschrittliches Bel\u00fcftungssystem<br \/>\nEin angemessener Luftstrom und eine gute Temperaturregulierung sind f\u00fcr ein gesundes Pflanzenwachstum unerl\u00e4sslich. Das Saver Bundle enth\u00e4lt ein hochmodernes Bel\u00fcftungssystem, das f\u00fcr optimale Bedingungen in Ihrem Anbauraum sorgt. Mit einem effizienten Zu- und Abluftsystem k\u00f6nnen Sie die Luftzirkulation, die Luftfeuchtigkeit und die Temperatur steuern &#8211; alles entscheidende Faktoren, die daf\u00fcr sorgen, dass Ihre Pflanzen stark und gesund wachsen.<\/li>\n<li>Unverzichtbare N\u00e4hrstoffe<br \/>\nJeder erfolgreiche Indoor-Garten braucht die richtigen N\u00e4hrstoffe, um das Pflanzenwachstum zu f\u00f6rdern. Im Saver Bundle finden Sie eine Auswahl an hochwertigen, speziell formulierten N\u00e4hrstoffen, die ein kr\u00e4ftiges Wachstum, starke Wurzeln und reiche Ernten f\u00f6rdern. Egal, ob Sie Anf\u00e4nger oder erfahrener G\u00e4rtner sind, diese N\u00e4hrstoffe werden Ihnen helfen, die besten Ergebnisse f\u00fcr Ihre Zimmerpflanzen zu erzielen.<\/li>\n<li>Praktische Extras<br \/>\nUm Ihnen die Gartenarbeit noch leichter zu machen, enth\u00e4lt das Saver Bundle eine Reihe hilfreicher Extras. Von Thermometern und Hygrometern zur genauen \u00dcberwachung von Temperatur und Luftfeuchtigkeit bis hin zu Zeitschaltuhren und Pflanzenbindern ist alles dabei, was Sie brauchen, um sicherzustellen, dass Ihr Garten m\u00fchelos gedeiht. Diese zus\u00e4tzlichen Artikel verbessern das Gesamterlebnis beim Anbau und sorgen daf\u00fcr, dass Ihre Pflanzen die Pflege bekommen, die sie brauchen.<\/li>\n<\/ol>\n<p>Warum das Saver-Bundle w\u00e4hlen?<\/p>\n<ul>\n<li>Mehr sparen: Das Saver Bundle bietet ein au\u00dfergew\u00f6hnliches Preis-Leistungs-Verh\u00e4ltnis: Sie sparen Geld bei den einzelnen Artikeln und erhalten dennoch Produkte von h\u00f6chster Qualit\u00e4t.<\/li>\n<li>All-in-One-L\u00f6sung: Da alles, was Sie brauchen, in einem praktischen Kit enthalten ist, k\u00f6nnen Sie sofort mit dem Anbau beginnen, ohne sich mit der Beschaffung einzelner Komponenten belasten zu m\u00fcssen.<\/li>\n<li>Qualit\u00e4t und Leistung: Jeder Artikel im Saver Bundle wurde sorgf\u00e4ltig ausgew\u00e4hlt, um optimale Ergebnisse f\u00fcr den Indoor-Gartenbau zu erzielen. Sie erhalten Produkte in Profiqualit\u00e4t, die f\u00fcr maximale Effizienz und Pflanzengesundheit entwickelt wurden.<\/li>\n<li>Perfekt f\u00fcr alle Niveaus: Egal, ob Sie zum ersten Mal anbauen oder ein erfahrener Profi sind, dieses Paket ist so konzipiert, dass es die Bed\u00fcrfnisse von G\u00e4rtnern in Innenr\u00e4umen auf jedem Erfahrungsniveau erf\u00fcllt.<\/li>\n<\/ul>\n<p>Wachsen Sie intelligenter, nicht h\u00e4rter<br \/>\nDas Saver Bundle ist mehr als nur ein Paket &#8211; es ist eine Komplettl\u00f6sung, mit der Sie Ihre Indoor-Gartenarbeit effizient und lohnend gestalten k\u00f6nnen. Sparen Sie Zeit, Geld und M\u00fche, w\u00e4hrend Sie die ideale Umgebung f\u00fcr das Gedeihen Ihrer Pflanzen schaffen. Mit dem Saver Bundle haben Sie alles, was Sie brauchen, um einen sch\u00f6nen, gesunden Indoor-Garten anzulegen.<\/p>\n<p>Starten Sie noch heute mit dem Saver Bundle &#8211; die clevere Wahl f\u00fcr G\u00e4rtner, die die besten Ergebnisse zum besten Preis wollen!<\/p>\n<p>More from <a title=\"GardenHighPro\" href=\"https:\/\/www.gardenhighpro.com\/\" target=\"_blank\" rel=\"noopener\">GardenHighPro<\/a><br \/>\nMoRe from <a title=\"BioTabs\" href=\"https:\/\/growerssupply.eu\/product-category\/fertilizer\/biotabs\/\" target=\"_blank\" rel=\"noopener\">BioTabs<\/a><\/p>\n","protected":false},"excerpt":{"rendered":"<p>Verbessern Sie Ihr Indoor-Garten-Setup mit dem <strong>Saver Bundle<\/strong> &#8211; einem All-inclusive-Growbox-Set, das einen unschlagbaren Wert bietet. Dieses Bundle enth\u00e4lt eine hochwertige Growbox, ein effektives Bel\u00fcftungssystem, wichtige N\u00e4hrstoffe und n\u00fctzliche Extras &#8211; und das alles zu einem g\u00fcnstigeren Preis als beim Einzelkauf. Perfekt f\u00fcr G\u00e4rtner aller Stufen!<\/p>\n","protected":false},"featured_media":7205,"comment_status":"open","ping_status":"closed","template":"","meta":[],"product_brand":[],"product_cat":[404],"product_tag":[658],"class_list":{"0":"post-7365","1":"product","2":"type-product","3":"status-publish","4":"has-post-thumbnail","6":"product_cat-growbox-komplettset","7":"product_tag-sale-de","9":"first","10":"instock","11":"sale","12":"taxable","13":"shipping-taxable","14":"purchasable","15":"product-type-easy_product_bundle"},"jetpack_sharing_enabled":true,"_links":{"self":[{"href":"https:\/\/growerssupply.eu\/de\/wp-json\/wp\/v2\/product\/7365","targetHints":{"allow":["GET"]}}],"collection":[{"href":"https:\/\/growerssupply.eu\/de\/wp-json\/wp\/v2\/product"}],"about":[{"href":"https:\/\/growerssupply.eu\/de\/wp-json\/wp\/v2\/types\/product"}],"replies":[{"embeddable":true,"href":"https:\/\/growerssupply.eu\/de\/wp-json\/wp\/v2\/comments?post=7365"}],"wp:featuredmedia":[{"embeddable":true,"href":"https:\/\/growerssupply.eu\/de\/wp-json\/wp\/v2\/media\/7205"}],"wp:attachment":[{"href":"https:\/\/growerssupply.eu\/de\/wp-json\/wp\/v2\/media?parent=7365"}],"wp:term":[{"taxonomy":"product_brand","embeddable":true,"href":"https:\/\/growerssupply.eu\/de\/wp-json\/wp\/v2\/product_brand?post=7365"},{"taxonomy":"product_cat","embeddable":true,"href":"https:\/\/growerssupply.eu\/de\/wp-json\/wp\/v2\/product_cat?post=7365"},{"taxonomy":"product_tag","embeddable":true,"href":"https:\/\/growerssupply.eu\/de\/wp-json\/wp\/v2\/product_tag?post=7365"}],"curies":[{"name":"wp","href":"https:\/\/api.w.org\/{rel}","templated":true}]}}