{"id":7391,"date":"2024-03-06T11:40:40","date_gmt":"2024-03-06T10:40:40","guid":{"rendered":"https:\/\/growerssupply.eu\/product\/pflanzsack-30-liter-grau-mit-griffen-root-pouch\/"},"modified":"2024-03-06T11:40:40","modified_gmt":"2024-03-06T10:40:40","slug":"pflanzsack-30-liter-grau-mit-griffen-root-pouch","status":"publish","type":"product","link":"https:\/\/growerssupply.eu\/de\/produkt\/pflanzsack-30-liter-grau-mit-griffen-root-pouch\/","title":{"rendered":"Pflanzsack | 30 Liter | Grau | Mit Griffen | Root Pouch"},"content":{"rendered":"<h2>Pflanzsack 30 Liter grauer Stofftopf mit Griffen von root pouch<\/h2>\n<p>Der &#8222;Root Pouch 30L&#8220; ist die Zukunft der Topfg\u00e4rtnerei f\u00fcr gro\u00dfe Pflanzen.<\/p>\n<p>Dieser Gewebetopf mit Griffen ist leicht zu transportieren und hat eine durchl\u00e4ssige Struktur, die <strong>Staun\u00e4sse<\/strong> verhindert und das <strong>Wurzelwachstum und Mikroklima <\/strong> im &gt;Substrat f\u00f6rdert . Der Stoff trocknet gleichm\u00e4\u00dfig von allen Seiten und <strong>k\u00fchlt im Sommer automatisch<\/strong> ab. Die \u201eRoot Pouch\u201c-Produkte sind <strong>UV-best\u00e4ndig, bpa-frei und ungiftig, was sie f\u00fcr Sie sicher macht. <\/strong><\/p>\n<p>Die \u201eRoot Pouches\u201c sind die einzigen Stofft\u00f6pfe, die aus einer speziellen und geheimen Mischung von Recycling-Natur- und Tierfasern hergestellt werden. Dadurch haben sie noch bessere Eigenschaften f\u00fcr die Wurzeln und das Bodenleben.<\/p>\n<h3>Produktinformation<\/h3>\n<ul>\n<li>Durchmesser: 35 cm, H\u00f6he: 30 cm<\/li>\n<li>grau -gewalktes, weiches Gewebe mit einer Grammatur von 250 g\/m\u00b2<\/li>\n<li>Geeignet f\u00fcr Boden- und Containerkultur<\/li>\n<li>Machine washable, reusable, lightweight and unbreakable<\/li>\n<li>trocknet gleichm\u00e4\u00dfig von allen Seiten und verhindert Staun\u00e4sse<\/li>\n<li>verhindert den Hauptfehler von Hobbyg\u00e4rtnern<\/li>\n<li>Mischgewebe aus Natur- und Tierfasern (100% Recyclingmaterial)<\/li>\n<li>perfektes Luft-Wasser-Verh\u00e4ltnis im Substrat<\/li>\n<li>f\u00f6rdert ein vitales und fein verzweigtes Wurzelsystem (ohne Ringwurzeln)<\/li>\n<li>Geeignet f\u00fcr alle Substrate und Kultursysteme<\/li>\n<li>verbesserte Entw\u00e4sserung<\/li>\n<li>Lebenserwartung: 4 &#8211; 5 Jahre<\/li>\n<li>UV-best\u00e4ndig, bpa-frei, ungiftig<\/li>\n<li style=\"box-sizing: Border-Box;\">Frostsicher<\/li>\n<li style=\"box-sizing: Border-Box;\">Klimaregulierend (K\u00fchlung im Sommer\/Isolierung im Winter)<\/li>\n<\/ul>\n<h3>Lieferumfang<\/h3>\n<ul>\n<li>1x Stofftopf Wurzelbeutel 30 l grau (mit Griffen)<\/li>\n<\/ul>\n","protected":false},"excerpt":{"rendered":"<ul>\n<li>30-Liter-Gewebetopf aus Recyclingmaterial<\/li>\n<li>f\u00fcr alle Substrate und Anbausysteme geeignet<\/li>\n<li>Durchmesser: 35 cm<\/li>\n<\/ul>\n","protected":false},"featured_media":5309,"comment_status":"closed","ping_status":"closed","template":"","meta":[],"product_brand":[668],"product_cat":[528,529],"product_tag":[530,670],"class_list":{"0":"post-7391","1":"product","2":"type-product","3":"status-publish","4":"has-post-thumbnail","6":"product_brand-root-pouch","7":"product_cat-anzucht","8":"product_cat-root-pouch-de","9":"product_tag-root-pouch-de","10":"product_tag-topf","12":"first","13":"outofstock","14":"sale","15":"taxable","16":"shipping-taxable","17":"purchasable","18":"product-type-simple"},"jetpack_sharing_enabled":true,"_links":{"self":[{"href":"https:\/\/growerssupply.eu\/de\/wp-json\/wp\/v2\/product\/7391","targetHints":{"allow":["GET"]}}],"collection":[{"href":"https:\/\/growerssupply.eu\/de\/wp-json\/wp\/v2\/product"}],"about":[{"href":"https:\/\/growerssupply.eu\/de\/wp-json\/wp\/v2\/types\/product"}],"replies":[{"embeddable":true,"href":"https:\/\/growerssupply.eu\/de\/wp-json\/wp\/v2\/comments?post=7391"}],"wp:featuredmedia":[{"embeddable":true,"href":"https:\/\/growerssupply.eu\/de\/wp-json\/wp\/v2\/media\/5309"}],"wp:attachment":[{"href":"https:\/\/growerssupply.eu\/de\/wp-json\/wp\/v2\/media?parent=7391"}],"wp:term":[{"taxonomy":"product_brand","embeddable":true,"href":"https:\/\/growerssupply.eu\/de\/wp-json\/wp\/v2\/product_brand?post=7391"},{"taxonomy":"product_cat","embeddable":true,"href":"https:\/\/growerssupply.eu\/de\/wp-json\/wp\/v2\/product_cat?post=7391"},{"taxonomy":"product_tag","embeddable":true,"href":"https:\/\/growerssupply.eu\/de\/wp-json\/wp\/v2\/product_tag?post=7391"}],"curies":[{"name":"wp","href":"https:\/\/api.w.org\/{rel}","templated":true}]}}