{"id":7400,"date":"2024-03-06T11:40:34","date_gmt":"2024-03-06T10:40:34","guid":{"rendered":"https:\/\/growerssupply.eu\/product\/stofftopf-12-liter-grau-root-pouch\/"},"modified":"2024-03-06T11:40:34","modified_gmt":"2024-03-06T10:40:34","slug":"stofftopf-12-liter-grau-root-pouch","status":"publish","type":"product","link":"https:\/\/growerssupply.eu\/de\/produkt\/stofftopf-12-liter-grau-root-pouch\/","title":{"rendered":"Stofftopf 12 Liter | Grau | Root Pouch"},"content":{"rendered":"<h2>grauer 12-Liter Stofftopf<\/h2>\n<p><strong> Jede Wurzel braucht viel Luft und Wasser zum Wachsen, dieser Stofftopf liefert beides.<br \/>\n<\/strong> Der Pot Root Pouch 8L wird Ihr bester Freund im Garten sein.<\/p>\n<p>Es besteht aus einem atmungsaktiven Gewebe (<strong>Natur- und PET-Fasern<\/strong>), das nicht bricht und sehr leicht ist. Die luftdurchl\u00e4ssige Struktur <strong>verhindert Staun\u00e4sse<\/strong> und f<strong>\u00f6rdert das Wurzelwachstum<\/strong>. Au\u00dferdem trocknet dieser Gewebetopf gleichm\u00e4\u00dfig von allen Seiten, d.h. er k\u00fchlt den Wurzelbereich im Sommer, im Gegensatz zu herk\u00f6mmlichen T\u00f6pfen. Es werden recycelte Natur- und Tierfasern hergestellt.    Dadurch haben sie noch bessere Eigenschaften f\u00fcr die Wurzeln und das Bodenleben.<\/p>\n<h3>Produktinformation<\/h3>\n<ul>\n<li>Durchmesser: 25 cm, H\u00f6he: 21 cm<\/li>\n<li>grau -gewalktes, weiches Gewebe mit einer Grammatur von 250 g\/m\u00b2<\/li>\n<li>Geeignet f\u00fcr Boden- und Containerkultur<\/li>\n<li>Waschmaschine &#8211; sicher, leicht<\/li>\n<li>trocknet gleichm\u00e4\u00dfig von allen Seiten und verhindert Staun\u00e4sse<\/li>\n<li>verhindert den Hauptfehler von Hobbyg\u00e4rtnern<\/li>\n<li>Mischgewebe aus Natur- und Tierfasern (100% Recyclingmaterial)<\/li>\n<li>perfektes Luft-Wasser-Verh\u00e4ltnis im Substrat<\/li>\n<li>f\u00f6rdert ein vitales und fein verzweigtes Wurzelsystem (ohne Ringwurzeln)<\/li>\n<li>Geeignet f\u00fcr alle Substrate und Kultursysteme<\/li>\n<li>verbesserte Entw\u00e4sserung<\/li>\n<li>Lebenserwartung: 3 &#8211; 4 Jahre<\/li>\n<li>UV-best\u00e4ndig, bpa-frei, ungiftig<\/li>\n<li style=\"box-sizing: Border-Box;\">Frostsicher<\/li>\n<li style=\"box-sizing: Border-Box;\">Klimaregulierend (K\u00fchlung im Sommer\/Isolierung im Winter)<\/li>\n<\/ul>\n<h3>Lieferumfang<\/h3>\n<ul>\n<li>1x Stofftopf 12L l grau (ohne Griffe)<\/li>\n<\/ul>\n","protected":false},"excerpt":{"rendered":"<ul>\n<li>12-Liter-Gewebetopf aus Recyclingmaterial<\/li>\n<li>f\u00fcr alle Substrate und Anbausysteme geeignet<\/li>\n<li>Durchmesser: 25 cm<\/li>\n<\/ul>\n","protected":false},"featured_media":5310,"comment_status":"closed","ping_status":"closed","template":"","meta":[],"product_brand":[],"product_cat":[528,529],"product_tag":[530],"class_list":{"0":"post-7400","1":"product","2":"type-product","3":"status-publish","4":"has-post-thumbnail","6":"product_cat-anzucht","7":"product_cat-root-pouch-de","8":"product_tag-root-pouch-de","10":"first","11":"outofstock","12":"taxable","13":"shipping-taxable","14":"purchasable","15":"product-type-simple"},"jetpack_sharing_enabled":true,"_links":{"self":[{"href":"https:\/\/growerssupply.eu\/de\/wp-json\/wp\/v2\/product\/7400","targetHints":{"allow":["GET"]}}],"collection":[{"href":"https:\/\/growerssupply.eu\/de\/wp-json\/wp\/v2\/product"}],"about":[{"href":"https:\/\/growerssupply.eu\/de\/wp-json\/wp\/v2\/types\/product"}],"replies":[{"embeddable":true,"href":"https:\/\/growerssupply.eu\/de\/wp-json\/wp\/v2\/comments?post=7400"}],"wp:featuredmedia":[{"embeddable":true,"href":"https:\/\/growerssupply.eu\/de\/wp-json\/wp\/v2\/media\/5310"}],"wp:attachment":[{"href":"https:\/\/growerssupply.eu\/de\/wp-json\/wp\/v2\/media?parent=7400"}],"wp:term":[{"taxonomy":"product_brand","embeddable":true,"href":"https:\/\/growerssupply.eu\/de\/wp-json\/wp\/v2\/product_brand?post=7400"},{"taxonomy":"product_cat","embeddable":true,"href":"https:\/\/growerssupply.eu\/de\/wp-json\/wp\/v2\/product_cat?post=7400"},{"taxonomy":"product_tag","embeddable":true,"href":"https:\/\/growerssupply.eu\/de\/wp-json\/wp\/v2\/product_tag?post=7400"}],"curies":[{"name":"wp","href":"https:\/\/api.w.org\/{rel}","templated":true}]}}