{"id":7401,"date":"2024-03-06T11:40:34","date_gmt":"2024-03-06T10:40:34","guid":{"rendered":"https:\/\/growerssupply.eu\/product\/stofftopf-16-liter-grau-root-pouch\/"},"modified":"2024-03-06T11:40:34","modified_gmt":"2024-03-06T10:40:34","slug":"stofftopf-16-liter-grau-root-pouch","status":"publish","type":"product","link":"https:\/\/growerssupply.eu\/de\/produkt\/stofftopf-16-liter-grau-root-pouch\/","title":{"rendered":"Stofftopf 16 Liter | Grau | Root Pouch"},"content":{"rendered":"<h2>grauer 16-Liter-Stofftopf aus dem Wurzelbeutel<\/h2>\n<p>&nbsp;<\/p>\n<p dir=\"ltr\" align=\"Left\"> <strong>Sie wollen etwas Neues ausprobieren?<br \/>\n<\/strong> Die Root Pouch Stofft\u00f6pfe sind der <strong>ultimative Ersatz f\u00fcr herk\u00f6mmliche T\u00f6pfe!<\/strong><\/p>\n<p dir=\"ltr\" align=\"left\">\n<p>Diese <strong>robuste, leichte und langlebige Pflanzentasch<\/strong>e ist <strong>maschinenfest und bricht nicht,<\/strong>  <strong> einfach handzuhaben &lt;&gt; <strong>und lagern. <\/strong> Sie werden Ihre Freunde f\u00fcr viele Jahre mit ihm haben <\/strong>. Durch die durchl\u00e4ssige Struktur k\u00fchlt er von selbst ab, was im Sommer ein gro\u00dfer Vorteil gegen\u00fcber herk\u00f6mmlichen Kunststofft\u00f6pfen ist. Au\u00dferdem wird <strong>Staun\u00e4sse<\/strong> verhindert, da zu viel Wasser einfach abl\u00e4uft. Au\u00dferdem wird das Wurzelwachstum durch das Absterben in der Luft und die Bildung neuer <strong>Wurzelstr\u00e4nge im Wurzelballen gef\u00f6rdert. <\/strong> Der 16-Liter-Topf ist ideal f\u00fcr gr\u00f6\u00dfere Pflanzen im Innen- und Au\u00dfenbereich. Die Pflanzenbeutel sind UV-best\u00e4ndig, BPA-frei und ungiftig, was sie f\u00fcr Sie sicher macht.<\/p>\n<p>Die Root Pouches sind die einzigen Stofft\u00f6pfe, die aus einer speziellen und geheimen Mischung von Recycling-Natur- und Tierfasern hergestellt werden. Dadurch haben sie noch bessere Eigenschaften f\u00fcr die Wurzeln und das Bodenleben.<\/p>\n<p>&nbsp;<\/p>\n<h3>Produktinformation<\/h3>\n<ul>\n<li>Diameter: 28 cm, height: 26 cm<\/li>\n<li>grau -gewalktes, weiches Gewebe mit einer Grammatur von 250 g\/m\u00b2<\/li>\n<li>Geeignet f\u00fcr Boden- und Containerkultur<\/li>\n<li>Waschmaschine &#8211; sicher, leicht<\/li>\n<li>trocknet gleichm\u00e4\u00dfig von allen Seiten und verhindert Staun\u00e4sse<\/li>\n<li>verhindert den Hauptfehler von Hobbyg\u00e4rtnern<\/li>\n<li>Mischgewebe aus Natur- und Tierfasern (100% Recyclingmaterial)<\/li>\n<li>perfektes Luft-Wasser-Verh\u00e4ltnis im Substrat<\/li>\n<li>f\u00f6rdert ein vitales und fein verzweigtes Wurzelsystem (ohne Ringwurzeln)<\/li>\n<li>Geeignet f\u00fcr alle Substrate und Kultursysteme<\/li>\n<li>verbesserte Entw\u00e4sserung<\/li>\n<li>Lebenserwartung: 3 &#8211; 4 Jahre<\/li>\n<li>UV-best\u00e4ndig, bpa-frei, ungiftig<\/li>\n<li style=\"box-sizing: Border-Box;\">Frostsicher<\/li>\n<li style=\"box-sizing: Border-Box;\">Klimaregulierend (K\u00fchlung im Sommer\/Isolierung im Winter)<\/li>\n<\/ul>\n<h3>Lieferumfang<\/h3>\n<ul>\n<li>1x Stofftopf 16L l grau (ohne Griffe)<\/li>\n<\/ul>\n","protected":false},"excerpt":{"rendered":"<ul>\n<li>16-Liter-Gewebetopf aus Recyclingmaterial<\/li>\n<li>f\u00fcr alle Substrate und Anbausysteme geeignet<\/li>\n<li>Durchmesser: 28 cm<\/li>\n<\/ul>\n","protected":false},"featured_media":5310,"comment_status":"closed","ping_status":"closed","template":"","meta":[],"product_brand":[],"product_cat":[529],"product_tag":[530],"class_list":{"0":"post-7401","1":"product","2":"type-product","3":"status-publish","4":"has-post-thumbnail","6":"product_cat-root-pouch-de","7":"product_tag-root-pouch-de","9":"first","10":"outofstock","11":"taxable","12":"shipping-taxable","13":"purchasable","14":"product-type-simple"},"jetpack_sharing_enabled":true,"_links":{"self":[{"href":"https:\/\/growerssupply.eu\/de\/wp-json\/wp\/v2\/product\/7401","targetHints":{"allow":["GET"]}}],"collection":[{"href":"https:\/\/growerssupply.eu\/de\/wp-json\/wp\/v2\/product"}],"about":[{"href":"https:\/\/growerssupply.eu\/de\/wp-json\/wp\/v2\/types\/product"}],"replies":[{"embeddable":true,"href":"https:\/\/growerssupply.eu\/de\/wp-json\/wp\/v2\/comments?post=7401"}],"wp:featuredmedia":[{"embeddable":true,"href":"https:\/\/growerssupply.eu\/de\/wp-json\/wp\/v2\/media\/5310"}],"wp:attachment":[{"href":"https:\/\/growerssupply.eu\/de\/wp-json\/wp\/v2\/media?parent=7401"}],"wp:term":[{"taxonomy":"product_brand","embeddable":true,"href":"https:\/\/growerssupply.eu\/de\/wp-json\/wp\/v2\/product_brand?post=7401"},{"taxonomy":"product_cat","embeddable":true,"href":"https:\/\/growerssupply.eu\/de\/wp-json\/wp\/v2\/product_cat?post=7401"},{"taxonomy":"product_tag","embeddable":true,"href":"https:\/\/growerssupply.eu\/de\/wp-json\/wp\/v2\/product_tag?post=7401"}],"curies":[{"name":"wp","href":"https:\/\/api.w.org\/{rel}","templated":true}]}}