{"id":7403,"date":"2024-03-06T11:40:34","date_gmt":"2024-03-06T10:40:34","guid":{"rendered":"https:\/\/growerssupply.eu\/product\/stofftopf-38-liter-grau\/"},"modified":"2024-03-06T11:40:34","modified_gmt":"2024-03-06T10:40:34","slug":"stofftopf-38-liter-grau","status":"publish","type":"product","link":"https:\/\/growerssupply.eu\/de\/produkt\/stofftopf-38-liter-grau\/","title":{"rendered":"Stofftopf | 3,8 Liter | Grau"},"content":{"rendered":"<h2>grauer 3,8-Liter-Stofftopf<\/h2>\n<p>Wurzeln verdienen das Beste!<br \/>\nDer Root Pouch 3,8 Liter ist das perfekte Produkt f\u00fcr den Anbau von S\u00e4mlingen, Stecklingen und Jungpflanzen.<\/p>\n<p>Das Mischgewebe des Beutels, das aus Natur- und Tierfasern besteht, ist zu 100 % aus recycelten Materialien und wird f\u00fcr immer hergestellt. Mit einer Grammatur von 250 g\/m\u00b2 ist dieses Produkt sehr stabil und widerstandsf\u00e4hig. Der Topf ist so konzipiert, dass er in der Erde das perfekte Luft-Wasser-Verh\u00e4ltnis bildet, um ein gesundes Umfeld f\u00fcr die Mikroorganismen und Pflanzenwurzeln in der Erde zu schaffen. Root Pouch sorgt f\u00fcr ein vitales und fein verzweigtes Wurzelsystem ohne Ringwurzelbildung. Die Pflanzentasche ist UV-best\u00e4ndig, BPA-frei und ungiftig, was sie f\u00fcr Sie macht.<\/p>\n<p>Die Root Pouches sind die einzigen Stofft\u00f6pfe, die aus einer speziellen und geheimen Mischung bestehen, die durch Recycling von Natur- und Tierfasern hergestellt wird. Dadurch haben sie noch bessere Eigenschaften f\u00fcr die Wurzeln und das Bodenleben.<\/p>\n<h3>Produktinformation<\/h3>\n<ul>\n<li>Durchmesser: 15 cm, H\u00f6he: 19 cm<\/li>\n<li>grau -gewalktes, weiches Gewebe mit einer Grammatur von 250 g\/m\u00b2<\/li>\n<li>Geeignet f\u00fcr Boden- und Containerkultur<\/li>\n<li>Gemischte Geister aus Natur- und Tierfasern (100% Recyclingmaterial)<\/li>\n<li>perfektes Luft-Wasser-Verh\u00e4ltnis im Substrat<\/li>\n<li>f\u00f6rdert ein vitales und fein verzweigtes Wurzelsystem (ohne Ringwurzeln)<\/li>\n<li>Geeignet f\u00fcr alle Substrate und Kultursysteme<\/li>\n<li>verbesserte Entw\u00e4sserung<\/li>\n<li>Lebenserwartung: 3 &#8211; 4 Jahre<\/li>\n<li>UV-best\u00e4ndig, bpa-frei, ungiftig<\/li>\n<li style=\"box-sizing: Border-Box;\">Frostsicher<\/li>\n<li style=\"box-sizing: Border-Box;\">Klimaregulierend (K\u00fchlung im Sommer\/Isolierung im Winter)<\/li>\n<\/ul>\n<h3>Lieferumfang<\/h3>\n<ul>\n<li>1x Stofftopf 3,8L l grau (ohne Griffe)<\/li>\n<\/ul>\n","protected":false},"excerpt":{"rendered":"<ul>\n<li>3,8-Liter-Gewebetopf aus Recyclingmaterial<\/li>\n<li>f\u00fcr alle Substrate und Anbausysteme geeignet<\/li>\n<li>Durchmesser: 15 cm<\/li>\n<\/ul>\n","protected":false},"featured_media":5310,"comment_status":"closed","ping_status":"closed","template":"","meta":[],"product_brand":[668],"product_cat":[528,529],"product_tag":[530],"class_list":{"0":"post-7403","1":"product","2":"type-product","3":"status-publish","4":"has-post-thumbnail","6":"product_brand-root-pouch","7":"product_cat-anzucht","8":"product_cat-root-pouch-de","9":"product_tag-root-pouch-de","11":"first","12":"outofstock","13":"taxable","14":"shipping-taxable","15":"purchasable","16":"product-type-simple"},"jetpack_sharing_enabled":true,"_links":{"self":[{"href":"https:\/\/growerssupply.eu\/de\/wp-json\/wp\/v2\/product\/7403","targetHints":{"allow":["GET"]}}],"collection":[{"href":"https:\/\/growerssupply.eu\/de\/wp-json\/wp\/v2\/product"}],"about":[{"href":"https:\/\/growerssupply.eu\/de\/wp-json\/wp\/v2\/types\/product"}],"replies":[{"embeddable":true,"href":"https:\/\/growerssupply.eu\/de\/wp-json\/wp\/v2\/comments?post=7403"}],"wp:featuredmedia":[{"embeddable":true,"href":"https:\/\/growerssupply.eu\/de\/wp-json\/wp\/v2\/media\/5310"}],"wp:attachment":[{"href":"https:\/\/growerssupply.eu\/de\/wp-json\/wp\/v2\/media?parent=7403"}],"wp:term":[{"taxonomy":"product_brand","embeddable":true,"href":"https:\/\/growerssupply.eu\/de\/wp-json\/wp\/v2\/product_brand?post=7403"},{"taxonomy":"product_cat","embeddable":true,"href":"https:\/\/growerssupply.eu\/de\/wp-json\/wp\/v2\/product_cat?post=7403"},{"taxonomy":"product_tag","embeddable":true,"href":"https:\/\/growerssupply.eu\/de\/wp-json\/wp\/v2\/product_tag?post=7403"}],"curies":[{"name":"wp","href":"https:\/\/api.w.org\/{rel}","templated":true}]}}