{"id":7635,"date":"2024-03-06T11:40:11","date_gmt":"2024-03-06T10:40:11","guid":{"rendered":"https:\/\/growerssupply.eu\/product\/pro-roots-1-l-bio-wurzelunterstuetzung-terra-aquatica\/"},"modified":"2024-03-06T11:40:11","modified_gmt":"2024-03-06T10:40:11","slug":"pro-roots-1-l-bio-wurzelunterstuetzung-terra-aquatica","status":"publish","type":"product","link":"https:\/\/growerssupply.eu\/de\/produkt\/pro-roots-1-l-bio-wurzelunterstuetzung-terra-aquatica\/","title":{"rendered":"Pro Roots 1 l | Bio-Wurzelunterst\u00fctzung | Terra Aquatica"},"content":{"rendered":"<h2>Pro Roots \u2013 hochkonzentrierte organische Wurzelern\u00e4hrung von Terra Aquatica<\/h2>\n<p> <strong>Pro Roots<\/strong> f\u00f6rdert das Wachstum der Wurzelfasern, die Entwicklung der Wurzeln und die St\u00e4rkung der Wurzelspitzen. Dadurch bildet sich eine \u00fcppige, gesunde Wurzelmasse, die Widerstandsf\u00e4higkeit gegen Krankheiten und Pilzbefall wie z. B. die Kraut- und Knollenf\u00e4ule wird verbessert, die Pflanzen sind von der Aussaat bis zur Reife ges\u00fcnder und kr\u00e4ftiger. <\/p>\n<h3>Anwendung von Pro Roots<\/h3>\n<p>Pro Roots ist hochwirksam. Die besten Ergebnisse erzielen Sie, wenn Sie das Produkt 15 Tage lang bei Stecklingen, Aussaat und umgetopften Pflanzen anwenden und dann zu Fulvic wechseln, um das Wachstum der feinen Wurzelhaare anzuregen. <\/p>\n<p>.<\/p>\n<p>In das Wasser oder die N\u00e4hrl\u00f6sung geben oder bei Bedarf verd\u00fcnnt als Blattspray verwenden:<\/p>\n<ul>\n<li>L\u00f6sung: 2 ml auf 10 Liter<\/li>\n<li>Blattbespr\u00fchung: 0,1 ml auf 1 Liter (zwei Tropfen pro Liter)<\/li>\n<\/ul>\n<p>Geeignet f\u00fcr alle Pflanzenarten, Hydrokulturen und G\u00e4rten im Freien.<\/p>\n<h3>Lieferumfang<\/h3>\n<ul>\n<li>1x pro Wurzel 1l<\/li>\n<\/ul>\n","protected":false},"excerpt":{"rendered":"<ul>\n<li>Organisches Biostimulanz von Terra aquatica<\/li>\n<li>hochkonzentrierter Wurzelverst\u00e4rker<\/li>\n<li>stimuliert auf nat\u00fcrliche Weise die Wurzelbildung und das vegetative Wachstum<\/li>\n<li>Anwendung: Erde, Kokos, Hydro, Bioponik &amp; Spray<\/li>\n<\/ul>\n","protected":false},"featured_media":6154,"comment_status":"closed","ping_status":"closed","template":"","meta":[],"product_brand":[],"product_cat":[440,442,444],"product_tag":[510,569],"class_list":{"0":"post-7635","1":"product","2":"type-product","3":"status-publish","4":"has-post-thumbnail","6":"product_cat-duengemittel","7":"product_cat-terra-aquatica-ghe-de","8":"product_cat-terra-aquatica-de","9":"product_tag-terra-aquatica-ghe-de","10":"product_tag-organisch","12":"first","13":"instock","14":"taxable","15":"shipping-taxable","16":"purchasable","17":"product-type-simple"},"jetpack_sharing_enabled":true,"_links":{"self":[{"href":"https:\/\/growerssupply.eu\/de\/wp-json\/wp\/v2\/product\/7635","targetHints":{"allow":["GET"]}}],"collection":[{"href":"https:\/\/growerssupply.eu\/de\/wp-json\/wp\/v2\/product"}],"about":[{"href":"https:\/\/growerssupply.eu\/de\/wp-json\/wp\/v2\/types\/product"}],"replies":[{"embeddable":true,"href":"https:\/\/growerssupply.eu\/de\/wp-json\/wp\/v2\/comments?post=7635"}],"wp:featuredmedia":[{"embeddable":true,"href":"https:\/\/growerssupply.eu\/de\/wp-json\/wp\/v2\/media\/6154"}],"wp:attachment":[{"href":"https:\/\/growerssupply.eu\/de\/wp-json\/wp\/v2\/media?parent=7635"}],"wp:term":[{"taxonomy":"product_brand","embeddable":true,"href":"https:\/\/growerssupply.eu\/de\/wp-json\/wp\/v2\/product_brand?post=7635"},{"taxonomy":"product_cat","embeddable":true,"href":"https:\/\/growerssupply.eu\/de\/wp-json\/wp\/v2\/product_cat?post=7635"},{"taxonomy":"product_tag","embeddable":true,"href":"https:\/\/growerssupply.eu\/de\/wp-json\/wp\/v2\/product_tag?post=7635"}],"curies":[{"name":"wp","href":"https:\/\/api.w.org\/{rel}","templated":true}]}}