{"id":7662,"date":"2025-09-25T10:27:22","date_gmt":"2025-09-25T08:27:22","guid":{"rendered":"https:\/\/growerssupply.eu\/product\/homeassistant-server-einfaches-smart-farming-und-automatisierung\/"},"modified":"2026-03-15T19:00:11","modified_gmt":"2026-03-15T18:00:11","slug":"homeassistant-server-einfaches-smart-farming-und-automatisierung","status":"publish","type":"product","link":"https:\/\/growerssupply.eu\/de\/produkt\/homeassistant-server-einfaches-smart-farming-und-automatisierung\/","title":{"rendered":"HomeAssistant Server \u2013 Einfaches Smart Farming und Automatisierung"},"content":{"rendered":"<h1>HomeAssistant Server Appliance \u2013 Intelligente Landwirtschaft und Automatisierung<\/h1>\n<h2>Industrie-PC mit vorinstallierter Software<\/h2>\n<p>Komplette Smart-Farming- und Automatisierungsl\u00f6sung, sofort einsatzbereit.<\/p>\n<h3>Was ist enthalten:<\/h3>\n<ul>\n<li>Ubuntu Server Linux mit vorinstalliertem HomeAssistant OS<\/li>\n<li>Integrierte j<a href=\"https:\/\/www.j-tec.at\" target=\"_blank\" rel=\"noopener\">-tec LoRaWAN<\/a>-Sensorintegration<\/li>\n<li>Zwei 100-Mbit-LAN-Ports f\u00fcr Redundanz<\/li>\n<li>Zuverl\u00e4ssigkeit auf Industrie-Niveau<\/li>\n<li>Design mit geringem Stromverbrauch<\/li>\n<\/ul>\n<h3>Wichtigste Vorteile:<\/h3>\n<ul>\n<li><strong>Gebrauchsfertig:<\/strong> Keine komplexe Einrichtung erforderlich<\/li>\n<li><strong>Sicherer Betrieb:<\/strong> Spezieller LAN-Anschluss f\u00fcr geschlossene LoRaWAN-Gateway-Verbindung<\/li>\n<li><strong>Immer verf\u00fcgbar:<\/strong> Netzwerk-Redundanz gew\u00e4hrleistet einen unterbrechungsfreien Betrieb<\/li>\n<li><strong>Industrietauglich:<\/strong> F\u00fcr anspruchsvolle Umgebungen gebaut<\/li>\n<li><strong>Energieeffizient:<\/strong> Geringer Stromverbrauch f\u00fcr den 24\/7-Betrieb<\/li>\n<\/ul>\n<h3>Perfekt f\u00fcr:<\/h3>\n<ul>\n<li>Anwendungen f\u00fcr intelligente Landwirtschaft<\/li>\n<li>Industrielle Automatisierungssysteme<\/li>\n<li>\u00dcberwachung von Gew\u00e4chsh\u00e4usern<\/li>\n<li>Fernsensornetzwerke<\/li>\n<li>Haus- und Geb\u00e4udeautomation<\/li>\n<\/ul>\n<p>Holen Sie sich noch heute Ihre komplette Automatisierungsl\u00f6sung \u2013 Plug-and-Play-Einfachheit mit industrieller Zuverl\u00e4ssigkeit.<\/p>\n<h3>Home Assistant Server Applianc &#8211; Daten:<\/h3>\n<figure id=\"attachment_7663\" aria-describedby=\"caption-attachment-7663\" style=\"width: 300px\" class=\"wp-caption alignnone\"><img fetchpriority=\"high\" decoding=\"async\" class=\"size-medium wp-image-7663\" src=\"https:\/\/growerssupply.eu\/wp-content\/uploads\/2025\/09\/J-Tec-Appliance-Data-300x228.png\" alt=\"Home Assistant Appliance-Data\" width=\"300\" height=\"228\" title=\"\"><figcaption id=\"caption-attachment-7663\" class=\"wp-caption-text\">Home Assistant Appliance-Data<\/figcaption><\/figure>\n","protected":false},"excerpt":{"rendered":"<p>Industrie-PC mit vorinstalliertem Ubuntu Server Linux + Homeassistant OS<br \/>\nj-tec Lorawan Sensor-Integration. Zwei LAN-Ports f\u00fcr Redundanz oder als dedizierter LAN-Port f\u00fcr geschlossene und sichere Verbindung mit LORAWAN Gateway. Wireless LAN (optional). F\u00fcr den industriellen Einsatz und geringen Stromverbrauch   <\/p>\n","protected":false},"featured_media":7656,"comment_status":"open","ping_status":"closed","template":"","meta":[],"product_brand":[683],"product_cat":[462,685],"product_tag":[686],"class_list":{"0":"post-7662","1":"product","2":"type-product","3":"status-publish","4":"has-post-thumbnail","6":"product_brand-j-tec","7":"product_cat-divers","8":"product_cat-landwirtschaft","9":"product_tag-intelligente-farm","11":"first","12":"instock","13":"sale","14":"featured","15":"taxable","16":"shipping-taxable","17":"purchasable","18":"product-type-simple"},"jetpack_sharing_enabled":true,"_links":{"self":[{"href":"https:\/\/growerssupply.eu\/de\/wp-json\/wp\/v2\/product\/7662","targetHints":{"allow":["GET"]}}],"collection":[{"href":"https:\/\/growerssupply.eu\/de\/wp-json\/wp\/v2\/product"}],"about":[{"href":"https:\/\/growerssupply.eu\/de\/wp-json\/wp\/v2\/types\/product"}],"replies":[{"embeddable":true,"href":"https:\/\/growerssupply.eu\/de\/wp-json\/wp\/v2\/comments?post=7662"}],"wp:featuredmedia":[{"embeddable":true,"href":"https:\/\/growerssupply.eu\/de\/wp-json\/wp\/v2\/media\/7656"}],"wp:attachment":[{"href":"https:\/\/growerssupply.eu\/de\/wp-json\/wp\/v2\/media?parent=7662"}],"wp:term":[{"taxonomy":"product_brand","embeddable":true,"href":"https:\/\/growerssupply.eu\/de\/wp-json\/wp\/v2\/product_brand?post=7662"},{"taxonomy":"product_cat","embeddable":true,"href":"https:\/\/growerssupply.eu\/de\/wp-json\/wp\/v2\/product_cat?post=7662"},{"taxonomy":"product_tag","embeddable":true,"href":"https:\/\/growerssupply.eu\/de\/wp-json\/wp\/v2\/product_tag?post=7662"}],"curies":[{"name":"wp","href":"https:\/\/api.w.org\/{rel}","templated":true}]}}