{"id":8132,"date":"2024-02-22T13:21:49","date_gmt":"2024-02-22T12:21:49","guid":{"rendered":"https:\/\/growerssupply.eu\/product\/homebox-trockennetz-drynet-90\/"},"modified":"2024-02-22T13:21:49","modified_gmt":"2024-02-22T12:21:49","slug":"homebox-trockennetz-drynet-90","status":"publish","type":"product","link":"https:\/\/growerssupply.eu\/de\/produkt\/homebox-trockennetz-drynet-90\/","title":{"rendered":"HOMEbox Trockennetz DryNet 90"},"content":{"rendered":"<div class=\"flex-1 overflow-hidden\">\n<div class=\"react-scroll-to-bottom--css-agltd-79elbk h-full\">\n<div class=\"react-scroll-to-bottom--css-agltd-1n7m0yu\">\n<div class=\"flex flex-col pb-9 text-sm\">\n<div class=\"w-full text-token-text-primary\" data-testid=\"conversation-turn-41\">\n<div class=\"px-4 py-2 justify-center text-base md:gap-6 m-auto\">\n<div class=\"flex flex-1 text-base mx-auto gap-3 md:px-5 lg:px-1 xl:px-5 md:max-w-3xl lg:max-w-[40rem] xl:max-w-[48rem] group final-completion\">\n<div class=\"relative flex w-full flex-col agent-turn\">\n<div class=\"flex-col gap-1 md:gap-3\">\n<div class=\"flex flex-grow flex-col max-w-full\">\n<div class=\"min-h-[20px] text-message flex flex-col items-start gap-3 whitespace-pre-wrap break-words [.text-message+&amp;]:mt-5 overflow-x-auto\" data-message-author-role=\"assistant\" data-message-id=\"555110fc-171e-4b3e-aea1-5b46a82ba8ed\">\n<div class=\"markdown prose w-full break-words dark:prose-invert light\">\n<h2>HOMEbox Trockennetz DryNet 90: Die ultimative Trocknungsl\u00f6sung f\u00fcr ambitionierte G\u00e4rtner!<\/h2>\n<p>Mit dem HOMEbox Drynet 90 wird das Trocknen Ihrer Lieblingskr\u00e4uter zum Kinderspiel, wobei Aroma und Geschmack erhalten bleiben. Das atmungsaktive Netzmaterial verhindert wirksam Schimmelbildung, w\u00e4hrend der 8 cm hohe Rand daf\u00fcr sorgt, dass nichts herunterf\u00e4llt. Mit einem Durchmesser von 90 cm und 6 Lagen passt dieses Trockennetz perfekt in die HOMEbox Q100+. Nach dem Trocknen falten Sie das Netz einfach zusammen und verstauen es zur einfachen Aufbewahrung in der mitgelieferten Tragetasche.   <\/p>\n<p>Wir freuen uns darauf, Ihre Bestellung umgehend zu bearbeiten und an Sie zu versenden. Es ist Zeit, loszulegen! Wenn Sie Fragen haben, k\u00f6nnen Sie sich gerne an uns wenden.   Wir sind hier, um zu helfen.<\/p>\n<p>Informationen zum Produkt:<\/p>\n<ul>\n<li>6 Lagen<\/li>\n<li>Aufh\u00e4ngema\u00dfe: Durchmesser 90 cm, H\u00f6he 180 cm<\/li>\n<li>Atmungsaktives Material<\/li>\n<li>Faltbar<\/li>\n<li>Lieferumfang: HOMEbox Drynet 90, Tragetasche<\/li>\n<\/ul>\n<p>HOMEbox Trockennetz DryNet 90<\/p>\n<p>Trocknen Sie Ihre Lieblingskr\u00e4uter m\u00fchelos mit dem HOMEbox Drynet 90 und bewahren Sie dabei ihr Aroma und ihren Geschmack. Das atmungsaktive Netzmaterial verhindert Schimmelbildung, w\u00e4hrend der 8 cm hohe Rand f\u00fcr eine sichere Trocknung sorgt. Mit einem Durchmesser von 90 cm und 6 Lagen passt es perfekt in die HOMEbox Q100+. Nach dem Gebrauch k\u00f6nnen Sie es zusammenfalten und in der mitgelieferten Tragetasche aufbewahren.   <\/p>\n<p>Bestellen Sie jetzt, um eine schnelle Lieferung zu erhalten, und starten Sie voller Elan in die Gartensaison! Haben Sie Fragen? Kontaktieren Sie uns, wir helfen Ihnen gerne weiter.  <\/p>\n<p>Produktdetails:<\/p>\n<ul>\n<li>6-lagige Konstruktion<\/li>\n<li>Aufh\u00e4ngema\u00dfe: Durchmesser 90 cm, H\u00f6he 180 cm<\/li>\n<li>Breathable material<\/li>\n<li>Zusammenklappbar f\u00fcr einfache Aufbewahrung<\/li>\n<li>Im Lieferumfang enthalten: HOMEbox Drynet 90, Tragetasche<\/li>\n<\/ul>\n<\/div>\n<\/div>\n<\/div>\n<div class=\"mt-1 flex justify-start gap-3 empty:hidden\">\n<div class=\"text-gray-400 flex self-end lg:self-center justify-center lg:justify-start mt-0 -ml-1 h-7 visible\">\n<p>&nbsp;<\/p>\n<div class=\"flex items-center gap-1.5 text-xs\"><\/div>\n<div class=\"flex\"><\/div>\n<\/div>\n<\/div>\n<\/div>\n<div class=\"absolute\">\n<div class=\"flex w-full gap-2 items-center justify-center\"><\/div>\n<\/div>\n<\/div>\n<\/div>\n<\/div>\n<\/div>\n<\/div>\n<\/div>\n<\/div>\n<\/div>\n<div class=\"w-full pt-2 md:pt-0 dark:border-white\/20 md:border-transparent md:dark:border-transparent md:w-[calc(100%-.5rem)]\">\n<form class=\"stretch mx-2 flex flex-row gap-3 last:mb-2 md:mx-4 md:last:mb-6 lg:mx-auto lg:max-w-2xl xl:max-w-3xl\">\n<div class=\"relative flex h-full flex-1 items-stretch md:flex-col\">\n<div class=\"flex w-full items-center\">\n<div class=\"overflow-hidden [&amp;:has(textarea:focus)]:border-token-border-xheavy [&amp;:has(textarea:focus)]:shadow-[0_2px_6px_rgba(0,0,0,.05)] flex flex-col w-full dark:border-token-border-medium flex-grow relative border border-token-border-medium dark:text-white rounded-2xl bg-token-main-surface-primary\"><\/div>\n<\/div>\n<\/div>\n<\/form>\n<\/div>\n","protected":false},"excerpt":{"rendered":"<p>HOMEbox Trockennetz DryNet 90: Die ultimative Trocknungsl\u00f6sung f\u00fcr ambitionierte G\u00e4rtner! Mit dem HOMEbox Drynet 90 wird das Trocknen Ihrer Lieblingskr\u00e4uter zum Kinderspiel, wobei Aroma und Geschmack erhalten bleiben. Das atmungsaktive Netzmaterial verhindert wirksam Schimmelbildung, w\u00e4hrend der 8 cm hohe Rand daf\u00fcr sorgt, dass nichts herunterf\u00e4llt. Mit einem Durchmesser von 90 cm und 6 Lagen passt [&hellip;]<\/p>\n","protected":false},"featured_media":5175,"comment_status":"closed","ping_status":"closed","template":"","meta":[],"product_brand":[667],"product_cat":[457,503,514,550],"product_tag":[504],"class_list":{"0":"post-8132","1":"product","2":"type-product","3":"status-publish","4":"has-post-thumbnail","6":"product_brand-homebox","7":"product_cat-growzelt","8":"product_cat-homebox-de","9":"product_cat-ernte-verarbeitung","10":"product_cat-homebox-brands-de","11":"product_tag-zelt","13":"first","14":"outofstock","15":"taxable","16":"shipping-taxable","17":"purchasable","18":"product-type-simple"},"jetpack_sharing_enabled":true,"_links":{"self":[{"href":"https:\/\/growerssupply.eu\/de\/wp-json\/wp\/v2\/product\/8132","targetHints":{"allow":["GET"]}}],"collection":[{"href":"https:\/\/growerssupply.eu\/de\/wp-json\/wp\/v2\/product"}],"about":[{"href":"https:\/\/growerssupply.eu\/de\/wp-json\/wp\/v2\/types\/product"}],"replies":[{"embeddable":true,"href":"https:\/\/growerssupply.eu\/de\/wp-json\/wp\/v2\/comments?post=8132"}],"wp:featuredmedia":[{"embeddable":true,"href":"https:\/\/growerssupply.eu\/de\/wp-json\/wp\/v2\/media\/5175"}],"wp:attachment":[{"href":"https:\/\/growerssupply.eu\/de\/wp-json\/wp\/v2\/media?parent=8132"}],"wp:term":[{"taxonomy":"product_brand","embeddable":true,"href":"https:\/\/growerssupply.eu\/de\/wp-json\/wp\/v2\/product_brand?post=8132"},{"taxonomy":"product_cat","embeddable":true,"href":"https:\/\/growerssupply.eu\/de\/wp-json\/wp\/v2\/product_cat?post=8132"},{"taxonomy":"product_tag","embeddable":true,"href":"https:\/\/growerssupply.eu\/de\/wp-json\/wp\/v2\/product_tag?post=8132"}],"curies":[{"name":"wp","href":"https:\/\/api.w.org\/{rel}","templated":true}]}}