{"id":8144,"date":"2026-04-09T15:42:15","date_gmt":"2026-04-09T13:42:15","guid":{"rendered":"https:\/\/growerssupply.eu\/product\/lora-4-in-1-co%e2%82%82-sensor-co%e2%82%82-temperatur-luftfeuchtigkeit-luftdruck-kompatibel-mit-j-tec\/"},"modified":"2026-04-09T15:42:15","modified_gmt":"2026-04-09T13:42:15","slug":"lora-4-in-1-co%e2%82%82-sensor-co%e2%82%82-temperatur-luftfeuchtigkeit-luftdruck-kompatibel-mit-j-tec","status":"publish","type":"product","link":"https:\/\/growerssupply.eu\/de\/produkt\/lora-4-in-1-co%e2%82%82-sensor-co%e2%82%82-temperatur-luftfeuchtigkeit-luftdruck-kompatibel-mit-j-tec\/","title":{"rendered":"LoRa 4-in-1-CO\u2082-Sensor | CO\u2082, Temperatur, Luftfeuchtigkeit, Luftdruck | Kompatibel mit j-tec"},"content":{"rendered":"<h1>j-tec LoRa 4-in-1-Umweltsensor<\/h1>\n<h2>CO\u2082 | Temperatur | Luftfeuchtigkeit | Luftdruck<\/h2>\n<p class=\"ds-markdown-paragraph\"><strong>Modell: LoRa-CO\u2082-4in1<\/strong><\/p>\n<h3>Ein Sensor. Vier wichtige Parameter. Unbegrenzte Einblicke.  <\/h3>\n<p class=\"ds-markdown-paragraph\">Optimieren Sie das Klima in Ihrem Gew\u00e4chshaus mit dem <strong>j-tec LoRa 4-in-1-CO\u2082-Sensor<\/strong> \u2013 dem umfassendsten drahtlosen Umweltmonitor im j-tec-\u00d6kosystem. Im Gegensatz zu Einzwecksensoren erfasst dieses Ger\u00e4t gleichzeitig <strong>Kohlendioxid (CO\u2082)<\/strong>,<strong> Temperatur, relative Luftfeuchtigkeit <\/strong>und <strong>Luftdruck <\/strong>und liefert Ihnen so ein vollst\u00e4ndiges Bild der Faktoren, die die Pflanzengesundheit beeinflussen. <\/p>\n<p class=\"ds-markdown-paragraph\">Dieser Sensor wurde f\u00fcr die Plug-and-Play-Integration mit der j-tec-Appliance und dem j-tec LoRa Gateway entwickelt und wandelt Rohdaten aus der Umgebung in verwertbare Klimainformationen um \u2013 direkt auf Ihrem Dashboard.<\/p>\n<hr>\n<h3>Warum sollten Sie sich f\u00fcr den 4-in-1-LoRa-Sensor entscheiden?<\/h3>\n<h4> CO\u2082 \u2013 Der Wachstumsbeschleuniger<\/h4>\n<p class=\"ds-markdown-paragraph\">Kohlendioxid ist der Treibstoff der Photosynthese. Dank w\u00e4hlbarer Messbereiche (300\u20132000 ppm, 300\u20135000 ppm oder 0\u201325 Vol.-%) k\u00f6nnen Sie CO\u2082-Anreicherungssysteme \u00fcberwachen und optimale Werte f\u00fcr den Ernteertrag sicherstellen. L\u00f6sen Sie die Bel\u00fcftung oder die CO\u2082-Freisetzung automatisch \u00fcber die Automatisierungsfunktionen der j-tec-Ger\u00e4te aus.  <\/p>\n<h4> Temperatur \u2013 Pr\u00e4zise Klimaregelung<\/h4>\n<p class=\"ds-markdown-paragraph\">Der gro\u00dfe Messbereich von -40 \u00b0C bis +65 \u00b0C gew\u00e4hrleistet einen zuverl\u00e4ssigen Betrieb sowohl in Tiefk\u00fchllagern als auch in tropischen Gew\u00e4chsh\u00e4usern. Sorgen Sie zu jeder Jahreszeit f\u00fcr ideale Wachstumsbedingungen. <\/p>\n<h4>Luftfeuchtigkeit \u2013 Krankheitsvorbeugung<\/h4>\n<p class=\"ds-markdown-paragraph\">Die \u00dcberwachung der relativen Luftfeuchtigkeit von 0 bis 100 % hilft, Schimmel, Mehltau und Pilzkrankheiten vorzubeugen. Sorgen Sie f\u00fcr eine ausgeglichene Transpirationsrate, um ges\u00fcndere Pflanzen zu erhalten und Ernteverluste zu verringern. <\/p>\n<h4>Luftdruck \u2013 Wettertrendvorhersage<\/h4>\n<p class=\"ds-markdown-paragraph\">Daten zum Luftdruck helfen dabei, Wetter\u00e4nderungen vorherzusehen, sodass Bew\u00e4sserungs-, Heizungs- oder L\u00fcftungspl\u00e4ne proaktiv angepasst werden k\u00f6nnen.<\/p>\n<table>\n<thead>\n<tr>\n<th>Parameter \/ Spezifikation<\/th>\n<th>Wert \/ Beschreibung<\/th>\n<\/tr>\n<\/thead>\n<tbody><!-- type --><\/p>\n<tr>\n<td>Sensortyp<\/td>\n<td>4-in-1-LoRa-Funksensor: CO\u2082, Temperatur, Luftfeuchtigkeit, Luftdruck<\/td>\n<\/tr>\n<p><!-- use --><\/p>\n<tr>\n<td>Hauptanwendungsbereiche<\/td>\n<td>Umwelt\u00fcberwachung, Klimaregulierung in Gew\u00e4chsh\u00e4usern, Raumluftqualit\u00e4t (IAQ), Landwirtschaft<\/td>\n<\/tr>\n<p><!-- mounting type --><\/p>\n<tr>\n<td>Montageart<\/td>\n<td>Wandmontage (Halterung im Lieferumfang enthalten)<\/td>\n<\/tr>\n<p><!-- description (short) --><\/p>\n<tr>\n<td>Beschreibung<\/td>\n<td>Drahtloser 4-in-1-CO\u2082-Sensor zur Fern\u00fcberwachung von Kohlendioxid, Temperatur, Luftfeuchtigkeit und Druck \u00fcber das LoRa-Netzwerk. Ideal f\u00fcr die Integration in j-tec-Ger\u00e4te und LoRa-Gateways. <\/td>\n<\/tr>\n<p><!-- measured parameters --><\/p>\n<tr>\n<td>Gemessene Parameter<\/td>\n<td>CO\u2082 (Kohlendioxid) + Temperatur + relative Luftfeuchtigkeit + Luftdruck<\/td>\n<\/tr>\n<p><!-- series --><\/p>\n<tr>\n<td>Serie \/ Produktfamilie<\/td>\n<td>LoRa-Sensorserie (j-tec-kompatibel)<\/td>\n<\/tr>\n<p><!-- place of origin --><\/p>\n<tr>\n<td>Herkunftsort<\/td>\n<td>Guangdong \/ China<\/td>\n<\/tr>\n<p><!-- output --><\/p>\n<tr>\n<td>Ausgangssignal<\/td>\n<td>Digital (LoRa-\/LoRaWAN-kompatibel)<\/td>\n<\/tr>\n<p><!-- temperature range --><\/p>\n<tr>\n<td>Temperaturbereich<\/td>\n<td>-40 \u00b0C bis +65 \u00b0C<\/td>\n<\/tr>\n<p><!-- humidity range --><\/p>\n<tr>\n<td>Feuchtigkeitsbereich<\/td>\n<td>0 bis 100 % rF (relative Luftfeuchtigkeit, nicht kondensierend)<\/td>\n<\/tr>\n<p><!-- CO\u2082 range (3 options) --><\/p>\n<tr>\n<td>CO\u2082-Messbereich<\/td>\n<td>W\u00e4hlbar: 300\u20132000 ppm \/ 300\u20135000 ppm \/ 0\u201325 Vol.-%<\/td>\n<\/tr>\n<p><!-- pressure range (standard) --><\/p>\n<tr>\n<td>Druckbereich<\/td>\n<td>300 bis 1100 hPa (Luftdruck)<\/td>\n<\/tr>\n<p><!-- communication mode --><\/p>\n<tr>\n<td>Communication Mode<\/td>\n<td>LoRa (Long Range, low power)<\/td>\n<\/tr>\n<p><!-- communication distance --><\/p>\n<tr>\n<td>Wireless Distance (LOS)<\/td>\n<td>Up to 5 km line of sight (open field \/ rural) \u2013 up to 1-2 km in greenhouse environments<\/td>\n<\/tr>\n<p><!-- battery life --><\/p>\n<tr>\n<td>Battery Life<\/td>\n<td>12 months @ 30-minute transmission interval (typical)<\/td>\n<\/tr>\n<p><!-- power supply --><\/p>\n<tr>\n<td>Power Supply<\/td>\n<td>Battery powered \u2013 ER26500 Li-SOCl\u2082 3.6V lithium battery (user replaceable)<\/td>\n<\/tr>\n<p><!-- battery type detail --><\/p>\n<tr>\n<td>Battery Type<\/td>\n<td>ER26500 (Li-SOCl2) high capacity, industrial grade<\/td>\n<\/tr>\n<p><!-- package dimensions --><\/p>\n<tr>\n<td>Single Package Size<\/td>\n<td>10 \u00d7 10 \u00d7 5 cm<\/td>\n<\/tr>\n<p><!-- weight --><\/p>\n<tr>\n<td>Single Gross Weight<\/td>\n<td>0.450 kg<\/td>\n<\/tr>\n<p><!-- additional feature: compatibility --><\/p>\n<tr>\n<td>Ecosystem Compatibility<\/td>\n<td>Seamless integration with <strong>j-tec appliance<\/strong> &amp; <strong>j-tec LoRa Gateway<\/strong><\/td>\n<\/tr>\n<p><!-- enclosure protection (inferred robust) --><\/p>\n<tr>\n<td>Protection \/ Housing<\/td>\n<td>ABS plastic housing, suitable for greenhouse \/ indoor use (IP rating available on request)<\/td>\n<\/tr>\n<p><!-- transmission interval config --><\/p>\n<tr>\n<td>Configurable Interval<\/td>\n<td>Adjustable reporting frequency (optimized for battery saving or real-time)<\/td>\n<\/tr>\n<\/tbody>\n<\/table>\n","protected":false},"excerpt":{"rendered":"<p><strong>All-in-one Klimasensor f\u00fcr den Gartenbau<\/strong> Dieser LoRa-f\u00e4hige 4-in-1-Sensor misst gleichzeitig CO\u2082, Temperatur, Luftfeuchtigkeit und Luftdruck. Mit einer Funkreichweite von 5 km und einer Batterielebensdauer von 12 Monaten l\u00e4sst er sich nahtlos in das j-tec-Ger\u00e4t und das LoRa-Gateway integrieren \u2013 und liefert wichtige Gew\u00e4chshausdaten ganz ohne Verkabelung. <\/p>\n","protected":false},"featured_media":8086,"comment_status":"closed","ping_status":"closed","template":"","meta":[],"product_brand":[683],"product_cat":[685],"product_tag":[690,691],"class_list":{"0":"post-8144","1":"product","2":"type-product","3":"status-publish","4":"has-post-thumbnail","6":"product_brand-j-tec","7":"product_cat-landwirtschaft","8":"product_tag-lora","9":"product_tag-co2","11":"first","12":"onbackorder","13":"sale","14":"taxable","15":"shipping-taxable","16":"purchasable","17":"product-type-simple"},"jetpack_sharing_enabled":true,"_links":{"self":[{"href":"https:\/\/growerssupply.eu\/de\/wp-json\/wp\/v2\/product\/8144","targetHints":{"allow":["GET"]}}],"collection":[{"href":"https:\/\/growerssupply.eu\/de\/wp-json\/wp\/v2\/product"}],"about":[{"href":"https:\/\/growerssupply.eu\/de\/wp-json\/wp\/v2\/types\/product"}],"replies":[{"embeddable":true,"href":"https:\/\/growerssupply.eu\/de\/wp-json\/wp\/v2\/comments?post=8144"}],"wp:featuredmedia":[{"embeddable":true,"href":"https:\/\/growerssupply.eu\/de\/wp-json\/wp\/v2\/media\/8086"}],"wp:attachment":[{"href":"https:\/\/growerssupply.eu\/de\/wp-json\/wp\/v2\/media?parent=8144"}],"wp:term":[{"taxonomy":"product_brand","embeddable":true,"href":"https:\/\/growerssupply.eu\/de\/wp-json\/wp\/v2\/product_brand?post=8144"},{"taxonomy":"product_cat","embeddable":true,"href":"https:\/\/growerssupply.eu\/de\/wp-json\/wp\/v2\/product_cat?post=8144"},{"taxonomy":"product_tag","embeddable":true,"href":"https:\/\/growerssupply.eu\/de\/wp-json\/wp\/v2\/product_tag?post=8144"}],"curies":[{"name":"wp","href":"https:\/\/api.w.org\/{rel}","templated":true}]}}