{"id":8162,"date":"2026-04-30T10:39:34","date_gmt":"2026-04-30T08:39:34","guid":{"rendered":"https:\/\/growerssupply.eu\/?post_type=product&#038;p=8162"},"modified":"2026-04-30T12:50:12","modified_gmt":"2026-04-30T10:50:12","slug":"gartenbau-uberwachungslosung-lora-2500-m%c2%b2-copy","status":"publish","type":"product","link":"https:\/\/growerssupply.eu\/de\/produkt\/gartenbau-uberwachungslosung-lora-2500-m%c2%b2-copy\/","title":{"rendered":"\u00dcberwachung im Gartenbau \u2013 LoRa \u2013 1000 m\u00b2"},"content":{"rendered":"<h2 class=\"ds-markdown-paragraph\"><strong>Ein Paket: Gartenbau\u00fcberwachung f\u00fcr 1000 m\u00b2 (0,1 Hektar). Umfassende Umweltdaten \u2013 \u00dcberwachungsl\u00f6sung <\/strong><\/h2>\n<figure id=\"attachment_8142\" aria-describedby=\"caption-attachment-8142\" style=\"width: 600px\" class=\"wp-caption alignnone\"><img fetchpriority=\"high\" decoding=\"async\" class=\"wp-image-8142 size-full\" src=\"https:\/\/growerssupply.eu\/wp-content\/uploads\/2026\/04\/j-tec-GmbH-26-J-Tec-Server-Monitoring.jpeg\" alt=\"J-tec-L\u00f6sung zur \u00dcberwachung im Gartenbau\" width=\"600\" height=\"315\" title=\"\" srcset=\"https:\/\/growerssupply.eu\/wp-content\/uploads\/2026\/04\/j-tec-GmbH-26-J-Tec-Server-Monitoring.jpeg 600w, https:\/\/growerssupply.eu\/wp-content\/uploads\/2026\/04\/j-tec-GmbH-26-J-Tec-Server-Monitoring-400x210.jpeg 400w, https:\/\/growerssupply.eu\/wp-content\/uploads\/2026\/04\/j-tec-GmbH-26-J-Tec-Server-Monitoring-367x193.jpeg 367w\" sizes=\"(max-width: 600px) 100vw, 600px\" \/><figcaption id=\"caption-attachment-8142\" class=\"wp-caption-text\">J-tec-L\u00f6sung zur \u00dcberwachung im Gartenbau<\/figcaption><\/figure>\n<h3>F\u00fcr Gew\u00e4chsh\u00e4user oder Freiland<\/h3>\n<p class=\"ds-markdown-paragraph\">Machen Sie Schluss mit dem Zusammenbasteln von inkompatiblen Sensoren und Gateways. Die j-tec Monitoring Solution \u2013 LoRa \u2013 100 m\u00b2 (0,1 ha) ist ein professionelles, einsatzbereites Paket, das Ihnen einen umfassenden \u00dcberblick \u00fcber Ihre Anbauumgebung verschafft. Dieses System wurde f\u00fcr professionelle Anbauer, Forscher und Automatisierungsbegeisterte entwickelt und erfasst alle entscheidenden Parameter \u2013 vom Boden \u00fcber das Bl\u00e4tterdach bis hin zur Luft.<\/p>\n<p class=\"ds-markdown-paragraph\"><strong>Was ist im Paket enthalten:<\/strong><\/p>\n<div class=\"ds-scroll-area ds-scroll-area--show-on-focus-within _1210dd7 c03cafe9\">\n<div class=\"ds-scroll-area__gutters\">\n<div class=\"ds-scroll-area__vertical-gutter\"><\/div>\n<\/div>\n<table>\n<thead>\n<tr>\n<th>Komponente<\/th>\n<th>Funktion<\/th>\n<th>Wichtige Spezifikationen<\/th>\n<\/tr>\n<\/thead>\n<tbody>\n<tr>\n<td><strong>j-tec Server<\/strong><\/td>\n<td>Central brain for data &amp; automation<\/td>\n<td>Home Assistant based, local control, no subscription<\/td>\n<\/tr>\n<tr>\n<td><strong>j-tec LoRa LAN Gateway<\/strong><\/td>\n<td>Wireless backbone for up to 2500m\u00b2<\/td>\n<td>Long range, low power, industrial reliability<\/td>\n<\/tr>\n<tr>\n<td><strong>LoRa Temp\/Humidity Sensor (2-in-1)<\/strong><\/td>\n<td>Air climate monitoring<\/td>\n<td>High accuracy, battery or solar option<\/td>\n<\/tr>\n<tr>\n<td><strong>LoRa Light Intensity Sensor<\/strong><\/td>\n<td>PAR \/ Lux measurement<\/td>\n<td>0 \u2013 200,000 Lux, wireless, greenhouse optimized<\/td>\n<\/tr>\n<tr>\n<td><strong>LoRa Soil Sensor<\/strong><\/td>\n<td>Underground health<\/td>\n<td>Temp + Moisture (2-in-1) or PH\/EC (4-in-1)<\/td>\n<\/tr>\n<tr>\n<td><strong>LoRa 4-in-1 CO\u2082 Sensor<\/strong><\/td>\n<td>Air quality &amp; photosynthesis tracking<\/td>\n<td>CO\u2082 + Temperature + Humidity + Pressure<\/td>\n<\/tr>\n<\/tbody>\n<\/table>\n<\/div>\n<p class=\"ds-markdown-paragraph\"><strong>Was dieses Paket so besonders macht:<\/strong><\/p>\n<ul>\n<li>\n<p class=\"ds-markdown-paragraph\"><strong>Umfassende 360\u00b0-\u00dcberwachung:<\/strong> Lufttemperatur, Luftfeuchtigkeit, CO\u2082, Lichtintensit\u00e4t, Bodenfeuchte, Bodentemperatur \u2013 sowie optional pH-Wert und Leitf\u00e4higkeit (EC).<\/p>\n<\/li>\n<li>\n<p class=\"ds-markdown-paragraph\">Echte Skalierbarkeit: Deckt mit einem einzigen Gateway bis zu 1000 m\u00b2 (0,1 Hektar) ab. Sie k\u00f6nnen jederzeit weitere Sensoren hinzuf\u00fcgen.<\/p>\n<\/li>\n<li>\n<p class=\"ds-markdown-paragraph\">Home Assistant-integriert: Der j-tec Server l\u00e4uft auf Home Assistant \u2013 der weltweit f\u00fchrenden Open-Source-Smart-Home-Plattform. Erstellen Sie Automatisierungen wie:<\/p>\n<ul>\n<li>\n<p class=\"ds-markdown-paragraph\"><em>\u201eWenn der CO\u2082-Gehalt unter 400 ppm f\u00e4llt \u2192 L\u00fcftungs\u00f6ffnung \u00f6ffnen\u201c<\/em><\/p>\n<\/li>\n<li>\n<p class=\"ds-markdown-paragraph\"><em>&#8222;If soil moisture &lt; 30% \u2192 start irrigation&#8220;<\/em><\/p>\n<\/li>\n<li>\n<p class=\"ds-markdown-paragraph\"><em>&#8222;If light intensity &gt; 80k Lux \u2192 close shade cloth&#8220;<\/em><\/p>\n<\/li>\n<\/ul>\n<\/li>\n<li>\n<p class=\"ds-markdown-paragraph\">Keine Abh\u00e4ngigkeit von der Cloud: Ihre Daten bleiben lokal gespeichert. Keine monatlichen Geb\u00fchren. Kein Internet? Kein Problem.<\/p>\n<\/li>\n<li>\n<p class=\"ds-markdown-paragraph\"><strong>LoRa- Low Power! <\/strong>Jeder Sensor l\u00e4uft monatelang oder jahrelang mit Batterie \u2013 oder unbegrenzt mit Solarenergie.<\/p>\n<\/li>\n<\/ul>\n<p class=\"ds-markdown-paragraph\"><strong>Ideal f\u00fcr:<\/strong><\/p>\n<ul>\n<li>\n<p class=\"ds-markdown-paragraph\">Gew\u00e4chsh\u00e4user f\u00fcr den gewerblichen Einsatz<\/p>\n<\/li>\n<li>\n<p class=\"ds-markdown-paragraph\">Vertikale Indoor-Farmen<\/p>\n<\/li>\n<li>\n<p class=\"ds-markdown-paragraph\">Landwirtschaftliche Forschungsstationen<\/p>\n<\/li>\n<li>\n<p class=\"ds-markdown-paragraph\">Anbau hochwertiger Kulturpflanzen<\/p>\n<\/li>\n<li>\n<p class=\"ds-markdown-paragraph\">Lehrlabore an Universit\u00e4ten<\/p>\n<\/li>\n<\/ul>\n<p class=\"ds-markdown-paragraph\"><strong>What you can automate:<\/strong><br \/>\nIrrigation \u2022 Ventilation \u2022 Shading \u2022 CO\u2082 enrichment \u2022 Heating \u2022 Alerts &amp; reporting<\/p>\n<blockquote>\n<p class=\"ds-markdown-paragraph\">*Bundle includes: 1x j-tec Server, 1x LoRa LAN Gateway, 1x Temp\/Hum sensor, 1x Light sensor, 1x Soil sensor (2-in-1), 1x 4-in-1 CO\u2082 sensor. Sensors available in battery or solar versions \u2013 contact us for customization.*<\/p>\n<\/blockquote>\n<p>&nbsp;<\/p>\n<p>Mehr auf <a title=\"j-tec.at\" href=\"https:\/\/www.j-tec.at\" target=\"_blank\" rel=\"noopener\">www.j-teac.at<\/a><\/p>\n","protected":false},"excerpt":{"rendered":"<p class=\"ds-markdown-paragraph\">Alles, was Sie zur \u00dcberwachung und Automatisierung von Fl\u00e4chen bis zu 1000 m\u00b2 \u2013 0,1 Hektar \u2013 ben\u00f6tigen. Dieses All-in-One-Paket enth\u00e4lt den j-tec-Server, das LoRa-LAN-Gateway und f\u00fcnf professionelle Sensoren: CO\u2082 (4-in-1), Lichtintensit\u00e4t (0\u2013200.000 Lux), Bodensensor (2-in-1 oder 4-in-1) sowie Temperatur\/Luftfeuchtigkeit (2-in-1). Nahtlos in Home Assistant integriert f\u00fcr einfaches Smart Farming. Perfekt f\u00fcr Gew\u00e4chsh\u00e4user, vertikale Farmen und Forschungsfl\u00e4chen.<\/p>\n<p class=\"ds-markdown-paragraph\"><strong>Sofort einsatzbereit. Keine Bindung an eine bestimmte Cloud. <\/strong><\/p>\n","protected":false},"featured_media":8164,"comment_status":"closed","ping_status":"closed","template":"","meta":[],"product_brand":[683],"product_cat":[685],"product_tag":[],"class_list":{"0":"post-8162","1":"product","2":"type-product","3":"status-publish","4":"has-post-thumbnail","6":"product_brand-j-tec","7":"product_cat-landwirtschaft","9":"first","10":"onbackorder","11":"sale","12":"featured","13":"taxable","14":"shipping-taxable","15":"purchasable","16":"product-type-easy_product_bundle"},"jetpack_sharing_enabled":true,"_links":{"self":[{"href":"https:\/\/growerssupply.eu\/de\/wp-json\/wp\/v2\/product\/8162","targetHints":{"allow":["GET"]}}],"collection":[{"href":"https:\/\/growerssupply.eu\/de\/wp-json\/wp\/v2\/product"}],"about":[{"href":"https:\/\/growerssupply.eu\/de\/wp-json\/wp\/v2\/types\/product"}],"replies":[{"embeddable":true,"href":"https:\/\/growerssupply.eu\/de\/wp-json\/wp\/v2\/comments?post=8162"}],"wp:featuredmedia":[{"embeddable":true,"href":"https:\/\/growerssupply.eu\/de\/wp-json\/wp\/v2\/media\/8164"}],"wp:attachment":[{"href":"https:\/\/growerssupply.eu\/de\/wp-json\/wp\/v2\/media?parent=8162"}],"wp:term":[{"taxonomy":"product_brand","embeddable":true,"href":"https:\/\/growerssupply.eu\/de\/wp-json\/wp\/v2\/product_brand?post=8162"},{"taxonomy":"product_cat","embeddable":true,"href":"https:\/\/growerssupply.eu\/de\/wp-json\/wp\/v2\/product_cat?post=8162"},{"taxonomy":"product_tag","embeddable":true,"href":"https:\/\/growerssupply.eu\/de\/wp-json\/wp\/v2\/product_tag?post=8162"}],"curies":[{"name":"wp","href":"https:\/\/api.w.org\/{rel}","templated":true}]}}